{"id":18338,"date":"2021-01-12T12:24:55","date_gmt":"2021-01-12T12:24:55","guid":{"rendered":"https:\/\/adramyanmar.org\/?page_id=18338"},"modified":"2025-02-13T15:08:35","modified_gmt":"2025-02-13T15:08:35","slug":"partenaires","status":"publish","type":"page","link":"http:\/\/adra.be\/fr\/a-propos-adra\/partenaires\/","title":{"rendered":"Partenaires ADRA"},"content":{"rendered":"\t\t<div data-elementor-type=\"wp-page\" data-elementor-id=\"18338\" class=\"elementor elementor-18338\" data-elementor-post-type=\"page\">\n\t\t\t\t\t\t<section class=\"elementor-section elementor-top-section elementor-element elementor-element-dc29230 elementor-section-full_width elementor-section-height-min-height elementor-section-height-default elementor-section-items-middle\" data-id=\"dc29230\" data-element_type=\"section\" data-e-type=\"section\" data-settings=\"{&quot;background_background&quot;:&quot;classic&quot;}\">\n\t\t\t\t\t\t\t<div class=\"elementor-background-overlay\"><\/div>\n\t\t\t\t\t\t\t<div class=\"elementor-container elementor-column-gap-default\">\n\t\t\t\t\t<div class=\"elementor-column elementor-col-100 elementor-top-column elementor-element elementor-element-0098c7b\" data-id=\"0098c7b\" data-element_type=\"column\" data-e-type=\"column\">\n\t\t\t<div class=\"elementor-widget-wrap elementor-element-populated\">\n\t\t\t\t\t\t<div class=\"elementor-element elementor-element-866d678 elementor-widget elementor-widget-spacer\" data-id=\"866d678\" data-element_type=\"widget\" data-e-type=\"widget\" data-widget_type=\"spacer.default\">\n\t\t\t\t<div class=\"elementor-widget-container\">\n\t\t\t\t\t\t\t<div class=\"elementor-spacer\">\n\t\t\t<div class=\"elementor-spacer-inner\"><\/div>\n\t\t<\/div>\n\t\t\t\t\t\t<\/div>\n\t\t\t\t<\/div>\n\t\t\t\t<div class=\"elementor-element elementor-element-16a98b9 authenia-angled elementor-widget elementor-widget-heading\" data-id=\"16a98b9\" data-element_type=\"widget\" data-e-type=\"widget\" authenia=\"true\" data-widget_type=\"heading.default\">\n\t\t\t\t<div class=\"elementor-widget-container\">\n\t\t\t\t\t<h1 class=\"elementor-heading-title elementor-size-default\">Nos partenaires<\/h1>\t\t\t\t<\/div>\n\t\t\t\t<\/div>\n\t\t\t\t\t<\/div>\n\t\t<\/div>\n\t\t\t\t\t<\/div>\n\t\t<\/section>\n\t\t\t\t<section class=\"elementor-section elementor-top-section elementor-element elementor-element-64e2072 elementor-section-boxed elementor-section-height-default elementor-section-height-default\" data-id=\"64e2072\" data-element_type=\"section\" data-e-type=\"section\">\n\t\t\t\t\t\t<div class=\"elementor-container elementor-column-gap-default\">\n\t\t\t\t\t<div class=\"elementor-column elementor-col-33 elementor-top-column elementor-element elementor-element-94f9657\" data-id=\"94f9657\" data-element_type=\"column\" data-e-type=\"column\">\n\t\t\t<div class=\"elementor-widget-wrap elementor-element-populated\">\n\t\t\t\t\t\t<div class=\"elementor-element elementor-element-63ae0c7 elementor-widget elementor-widget-spacer\" data-id=\"63ae0c7\" data-element_type=\"widget\" data-e-type=\"widget\" data-widget_type=\"spacer.default\">\n\t\t\t\t<div class=\"elementor-widget-container\">\n\t\t\t\t\t\t\t<div class=\"elementor-spacer\">\n\t\t\t<div class=\"elementor-spacer-inner\"><\/div>\n\t\t<\/div>\n\t\t\t\t\t\t<\/div>\n\t\t\t\t<\/div>\n\t\t\t\t<div class=\"elementor-element elementor-element-9220786 elementor-widget elementor-widget-image\" data-id=\"9220786\" data-element_type=\"widget\" data-e-type=\"widget\" data-widget_type=\"image.default\">\n\t\t\t\t<div class=\"elementor-widget-container\">\n\t\t\t\t\t\t\t\t\t\t\t\t\t\t\t\t<a href=\"https:\/\/www.aeon.info\/en\/\">\n\t\t\t\t\t\t\t<img decoding=\"async\" src=\"https:\/\/adra.be\/wp-content\/uploads\/elementor\/thumbs\/ADRA-Vertical-Logo-qdluvte3itnn8889xn88cnl7bm348odhyfzlchae9s.png\" title=\"ADRA Vertical Logo\" alt=\"ADRA Vertical Logo\" loading=\"lazy\" \/>\t\t\t\t\t\t\t\t<\/a>\n\t\t\t\t\t\t\t\t\t\t\t\t\t\t\t<\/div>\n\t\t\t\t<\/div>\n\t\t\t\t<div class=\"elementor-element elementor-element-683c2d9 elementor-widget elementor-widget-text-editor\" data-id=\"683c2d9\" data-element_type=\"widget\" data-e-type=\"widget\" data-widget_type=\"text-editor.default\">\n\t\t\t\t<div class=\"elementor-widget-container\">\n\t\t\t\t\t\t\t\t\t<p>R\u00e9seau ADRA<\/p>\t\t\t\t\t\t\t\t<\/div>\n\t\t\t\t<\/div>\n\t\t\t\t<div class=\"elementor-element elementor-element-62db6c3 elementor-align-center elementor-widget elementor-widget-button\" data-id=\"62db6c3\" data-element_type=\"widget\" data-e-type=\"widget\" data-widget_type=\"button.default\">\n\t\t\t\t<div class=\"elementor-widget-container\">\n\t\t\t\t\t\t\t\t\t<div class=\"elementor-button-wrapper\">\n\t\t\t\t\t<a class=\"elementor-button elementor-button-link elementor-size-md\" href=\"\/a-propos-adra\/partenaires\/reseau\/\">\n\t\t\t\t\t\t<span class=\"elementor-button-content-wrapper\">\n\t\t\t\t\t\t\t\t\t<span class=\"elementor-button-text\">Plus d'infos<\/span>\n\t\t\t\t\t<\/span>\n\t\t\t\t\t<\/a>\n\t\t\t\t<\/div>\n\t\t\t\t\t\t\t\t<\/div>\n\t\t\t\t<\/div>\n\t\t\t\t<div class=\"elementor-element elementor-element-9ba567c elementor-widget elementor-widget-spacer\" data-id=\"9ba567c\" data-element_type=\"widget\" data-e-type=\"widget\" data-widget_type=\"spacer.default\">\n\t\t\t\t<div class=\"elementor-widget-container\">\n\t\t\t\t\t\t\t<div class=\"elementor-spacer\">\n\t\t\t<div class=\"elementor-spacer-inner\"><\/div>\n\t\t<\/div>\n\t\t\t\t\t\t<\/div>\n\t\t\t\t<\/div>\n\t\t\t\t\t<\/div>\n\t\t<\/div>\n\t\t\t\t<div class=\"elementor-column elementor-col-33 elementor-top-column elementor-element elementor-element-f5e0b7f\" data-id=\"f5e0b7f\" data-element_type=\"column\" data-e-type=\"column\">\n\t\t\t<div class=\"elementor-widget-wrap elementor-element-populated\">\n\t\t\t\t\t\t<div class=\"elementor-element elementor-element-31d3b6b elementor-widget elementor-widget-spacer\" data-id=\"31d3b6b\" data-element_type=\"widget\" data-e-type=\"widget\" data-widget_type=\"spacer.default\">\n\t\t\t\t<div class=\"elementor-widget-container\">\n\t\t\t\t\t\t\t<div class=\"elementor-spacer\">\n\t\t\t<div class=\"elementor-spacer-inner\"><\/div>\n\t\t<\/div>\n\t\t\t\t\t\t<\/div>\n\t\t\t\t<\/div>\n\t\t\t\t<div class=\"elementor-element elementor-element-ebca0de elementor-view-default elementor-widget elementor-widget-icon\" data-id=\"ebca0de\" data-element_type=\"widget\" data-e-type=\"widget\" data-widget_type=\"icon.default\">\n\t\t\t\t<div class=\"elementor-widget-container\">\n\t\t\t\t\t\t\t<div class=\"elementor-icon-wrapper\">\n\t\t\t<div class=\"elementor-icon\">\n\t\t\t<i aria-hidden=\"true\" class=\"fas fa-hand-holding-heart\"><\/i>\t\t\t<\/div>\n\t\t<\/div>\n\t\t\t\t\t\t<\/div>\n\t\t\t\t<\/div>\n\t\t\t\t<div class=\"elementor-element elementor-element-c02e780 elementor-widget elementor-widget-text-editor\" data-id=\"c02e780\" data-element_type=\"widget\" data-e-type=\"widget\" data-widget_type=\"text-editor.default\">\n\t\t\t\t<div class=\"elementor-widget-container\">\n\t\t\t\t\t\t\t\t\t<p>Partenaires publics<\/p>\t\t\t\t\t\t\t\t<\/div>\n\t\t\t\t<\/div>\n\t\t\t\t<div class=\"elementor-element elementor-element-1d2d0a5 elementor-align-center elementor-widget elementor-widget-button\" data-id=\"1d2d0a5\" data-element_type=\"widget\" data-e-type=\"widget\" data-widget_type=\"button.default\">\n\t\t\t\t<div class=\"elementor-widget-container\">\n\t\t\t\t\t\t\t\t\t<div class=\"elementor-button-wrapper\">\n\t\t\t\t\t<a class=\"elementor-button elementor-button-link elementor-size-md\" href=\"\/a-propos-adra\/partenaires\/institutions-publiques\/\">\n\t\t\t\t\t\t<span class=\"elementor-button-content-wrapper\">\n\t\t\t\t\t\t\t\t\t<span class=\"elementor-button-text\">Plus d'infos<\/span>\n\t\t\t\t\t<\/span>\n\t\t\t\t\t<\/a>\n\t\t\t\t<\/div>\n\t\t\t\t\t\t\t\t<\/div>\n\t\t\t\t<\/div>\n\t\t\t\t<div class=\"elementor-element elementor-element-a7b79dc elementor-widget elementor-widget-spacer\" data-id=\"a7b79dc\" data-element_type=\"widget\" data-e-type=\"widget\" data-widget_type=\"spacer.default\">\n\t\t\t\t<div class=\"elementor-widget-container\">\n\t\t\t\t\t\t\t<div class=\"elementor-spacer\">\n\t\t\t<div class=\"elementor-spacer-inner\"><\/div>\n\t\t<\/div>\n\t\t\t\t\t\t<\/div>\n\t\t\t\t<\/div>\n\t\t\t\t\t<\/div>\n\t\t<\/div>\n\t\t\t\t<div class=\"elementor-column elementor-col-33 elementor-top-column elementor-element elementor-element-9ffebad\" data-id=\"9ffebad\" data-element_type=\"column\" data-e-type=\"column\">\n\t\t\t<div class=\"elementor-widget-wrap elementor-element-populated\">\n\t\t\t\t\t\t<div class=\"elementor-element elementor-element-9192618 elementor-widget elementor-widget-spacer\" data-id=\"9192618\" data-element_type=\"widget\" data-e-type=\"widget\" data-widget_type=\"spacer.default\">\n\t\t\t\t<div class=\"elementor-widget-container\">\n\t\t\t\t\t\t\t<div class=\"elementor-spacer\">\n\t\t\t<div class=\"elementor-spacer-inner\"><\/div>\n\t\t<\/div>\n\t\t\t\t\t\t<\/div>\n\t\t\t\t<\/div>\n\t\t\t\t<div class=\"elementor-element elementor-element-743a2ef elementor-view-default elementor-widget elementor-widget-icon\" data-id=\"743a2ef\" data-element_type=\"widget\" data-e-type=\"widget\" data-widget_type=\"icon.default\">\n\t\t\t\t<div class=\"elementor-widget-container\">\n\t\t\t\t\t\t\t<div class=\"elementor-icon-wrapper\">\n\t\t\t<div class=\"elementor-icon\">\n\t\t\t<i aria-hidden=\"true\" class=\"fas fa-handshake\"><\/i>\t\t\t<\/div>\n\t\t<\/div>\n\t\t\t\t\t\t<\/div>\n\t\t\t\t<\/div>\n\t\t\t\t<div class=\"elementor-element elementor-element-d887888 elementor-widget elementor-widget-text-editor\" data-id=\"d887888\" data-element_type=\"widget\" data-e-type=\"widget\" data-widget_type=\"text-editor.default\">\n\t\t\t\t<div class=\"elementor-widget-container\">\n\t\t\t\t\t\t\t\t\t<p>entreprises<\/p>\t\t\t\t\t\t\t\t<\/div>\n\t\t\t\t<\/div>\n\t\t\t\t<div class=\"elementor-element elementor-element-783e4c9 elementor-align-center elementor-widget elementor-widget-button\" data-id=\"783e4c9\" data-element_type=\"widget\" data-e-type=\"widget\" data-widget_type=\"button.default\">\n\t\t\t\t<div class=\"elementor-widget-container\">\n\t\t\t\t\t\t\t\t\t<div class=\"elementor-button-wrapper\">\n\t\t\t\t\t<a class=\"elementor-button elementor-button-link elementor-size-md\" href=\"\/a-propos-adra\/partenaires\/entreprises\/\">\n\t\t\t\t\t\t<span class=\"elementor-button-content-wrapper\">\n\t\t\t\t\t\t\t\t\t<span class=\"elementor-button-text\">Plus d'infos<\/span>\n\t\t\t\t\t<\/span>\n\t\t\t\t\t<\/a>\n\t\t\t\t<\/div>\n\t\t\t\t\t\t\t\t<\/div>\n\t\t\t\t<\/div>\n\t\t\t\t<div class=\"elementor-element elementor-element-1a334d5 elementor-widget elementor-widget-spacer\" data-id=\"1a334d5\" data-element_type=\"widget\" data-e-type=\"widget\" data-widget_type=\"spacer.default\">\n\t\t\t\t<div class=\"elementor-widget-container\">\n\t\t\t\t\t\t\t<div class=\"elementor-spacer\">\n\t\t\t<div class=\"elementor-spacer-inner\"><\/div>\n\t\t<\/div>\n\t\t\t\t\t\t<\/div>\n\t\t\t\t<\/div>\n\t\t\t\t\t<\/div>\n\t\t<\/div>\n\t\t\t\t\t<\/div>\n\t\t<\/section>\n\t\t\t\t<section class=\"elementor-section elementor-top-section elementor-element elementor-element-89949fd elementor-section-boxed elementor-section-height-default elementor-section-height-default\" data-id=\"89949fd\" data-element_type=\"section\" data-e-type=\"section\">\n\t\t\t\t\t\t<div class=\"elementor-container elementor-column-gap-default\">\n\t\t\t\t\t<div class=\"elementor-column elementor-col-100 elementor-top-column elementor-element elementor-element-eec4472\" data-id=\"eec4472\" data-element_type=\"column\" data-e-type=\"column\">\n\t\t\t<div class=\"elementor-widget-wrap elementor-element-populated\">\n\t\t\t\t\t\t<div class=\"elementor-element elementor-element-b1f4a4c elementor-widget elementor-widget-spacer\" data-id=\"b1f4a4c\" data-element_type=\"widget\" data-e-type=\"widget\" data-widget_type=\"spacer.default\">\n\t\t\t\t<div class=\"elementor-widget-container\">\n\t\t\t\t\t\t\t<div class=\"elementor-spacer\">\n\t\t\t<div class=\"elementor-spacer-inner\"><\/div>\n\t\t<\/div>\n\t\t\t\t\t\t<\/div>\n\t\t\t\t<\/div>\n\t\t\t\t<div class=\"elementor-element elementor-element-94a06fe elementor-widget elementor-widget-text-editor\" data-id=\"94a06fe\" data-element_type=\"widget\" data-e-type=\"widget\" data-widget_type=\"text-editor.default\">\n\t\t\t\t<div class=\"elementor-widget-container\">\n\t\t\t\t\t\t\t\t\t<p>l&rsquo;amour, c&rsquo;est l&rsquo;autre&#8230;<\/p>\t\t\t\t\t\t\t\t<\/div>\n\t\t\t\t<\/div>\n\t\t\t\t<div class=\"elementor-element elementor-element-4d64e86 elementor-widget elementor-widget-text-editor\" data-id=\"4d64e86\" data-element_type=\"widget\" data-e-type=\"widget\" data-widget_type=\"text-editor.default\">\n\t\t\t\t<div class=\"elementor-widget-container\">\n\t\t\t\t\t\t\t\t\t<p><strong>Le partenaire d\u2019ADRA le plus important, c\u2019est vous. <\/strong>Gr\u00e2ce \u00e0 vous, des communaut\u00e9s du monde entier connaissent des changements r\u00e9els et durables. Votre engagement est source de justice, vos actions sont source de compassion et votre soutien concr\u00e9tise l&rsquo;amour au moment o\u00f9 il est le plus n\u00e9cessaire.<\/p>\t\t\t\t\t\t\t\t<\/div>\n\t\t\t\t<\/div>\n\t\t\t\t\t<\/div>\n\t\t<\/div>\n\t\t\t\t\t<\/div>\n\t\t<\/section>\n\t\t\t\t<section class=\"elementor-section elementor-top-section elementor-element elementor-element-4a4a416 elementor-section-boxed elementor-section-height-default elementor-section-height-default\" data-id=\"4a4a416\" data-element_type=\"section\" data-e-type=\"section\">\n\t\t\t\t\t\t<div class=\"elementor-container elementor-column-gap-default\">\n\t\t\t\t\t<div class=\"elementor-column elementor-col-100 elementor-top-column elementor-element elementor-element-bd73f95\" data-id=\"bd73f95\" data-element_type=\"column\" data-e-type=\"column\">\n\t\t\t<div class=\"elementor-widget-wrap elementor-element-populated\">\n\t\t\t\t\t\t<div class=\"elementor-element elementor-element-1661e7c elementor-widget elementor-widget-text-editor\" data-id=\"1661e7c\" data-element_type=\"widget\" data-e-type=\"widget\" data-widget_type=\"text-editor.default\">\n\t\t\t\t<div class=\"elementor-widget-container\">\n\t\t\t\t\t\t\t\t\t<p>Organisations partenaires<\/p>\t\t\t\t\t\t\t\t<\/div>\n\t\t\t\t<\/div>\n\t\t\t\t<div class=\"elementor-element elementor-element-bc1e7c2 elementor-widget elementor-widget-text-editor\" data-id=\"bc1e7c2\" data-element_type=\"widget\" data-e-type=\"widget\" data-widget_type=\"text-editor.default\">\n\t\t\t\t<div class=\"elementor-widget-container\">\n\t\t\t\t\t\t\t\t\t<p>La mission d&rsquo;ADRA est de servir l&rsquo;humanit\u00e9 afin que tous puissent s\u2019\u00e9panouir dans la pluralit\u00e9 de leurs dimensions. Pour r\u00e9pondre le plus efficacement possible aux besoins, nous entretenons des relations solides et \u00e9quitables avec des organisations locales et communautaires afin de nous assurer que notre travail a un impact direct sur ceux qui en ont le plus besoin.<\/p><p><span style=\"color: var( --e-global-color-text );\">Nous nous appuyons \u00e9galement sur des partenariats inestimables avec des partenaires gouvernementaux et non gouvernementaux \u2013 \u00e0 tous les niveaux \u2013 pour favoriser un changement durable dans les pays o\u00f9 nous travaillons.<\/span><\/p>\t\t\t\t\t\t\t\t<\/div>\n\t\t\t\t<\/div>\n\t\t\t\t\t<\/div>\n\t\t<\/div>\n\t\t\t\t\t<\/div>\n\t\t<\/section>\n\t\t\t\t<section class=\"elementor-section elementor-top-section elementor-element elementor-element-ba264a4 elementor-section-boxed elementor-section-height-default elementor-section-height-default\" data-id=\"ba264a4\" data-element_type=\"section\" data-e-type=\"section\">\n\t\t\t\t\t\t<div class=\"elementor-container elementor-column-gap-default\">\n\t\t\t\t\t<div class=\"elementor-column elementor-col-100 elementor-top-column elementor-element elementor-element-76aeefd\" data-id=\"76aeefd\" data-element_type=\"column\" data-e-type=\"column\">\n\t\t\t<div class=\"elementor-widget-wrap elementor-element-populated\">\n\t\t\t\t\t\t<div class=\"elementor-element elementor-element-21f7fdd elementor-widget elementor-widget-text-editor\" data-id=\"21f7fdd\" data-element_type=\"widget\" data-e-type=\"widget\" data-widget_type=\"text-editor.default\">\n\t\t\t\t<div class=\"elementor-widget-container\">\n\t\t\t\t\t\t\t\t\t<p>Partenariats institutionnels<\/p>\t\t\t\t\t\t\t\t<\/div>\n\t\t\t\t<\/div>\n\t\t\t\t<div class=\"elementor-element elementor-element-6d81d47 elementor-widget elementor-widget-text-editor\" data-id=\"6d81d47\" data-element_type=\"widget\" data-e-type=\"widget\" data-widget_type=\"text-editor.default\">\n\t\t\t\t<div class=\"elementor-widget-container\">\n\t\t\t\t\t\t\t\t\t<p>ADRA \u00e9tablit des partenariats avec des organisations publiques qui jouent un r\u00f4le essentiel dans l&rsquo;accomplissement de sa mission. En s&rsquo;associant \u00e0 des organismes d&rsquo;aide gouvernementaux et \u00e0 des organisations humanitaires dans le monde entier, ADRA \u00e9largit sa port\u00e9e et renforce ses capacit\u00e9s.<\/p><p>Les partenariats d&rsquo;ADRA Belgium concernent \u00e0 la fois des interventions d&rsquo;urgence et des projets de d\u00e9veloppement dans de nombreux pays et secteurs. ADRA Belgium re\u00e7oit le soutien de diff\u00e9rentes acteurs institutionnels belges: Provincie West-Vlaanderen, Provincie Limburg, Provincie Antwerp, Ville de Bruxelles, etc.<\/p><p>Avec le soutien permanent de ses partenaires, ADRA r\u00e9pond aux besoins des personnes vivant dans la pauvret\u00e9 et la d\u00e9tresse en cr\u00e9ant un v\u00e9ritable changement par une action responsable.<\/p>\t\t\t\t\t\t\t\t<\/div>\n\t\t\t\t<\/div>\n\t\t\t\t\t<\/div>\n\t\t<\/div>\n\t\t\t\t\t<\/div>\n\t\t<\/section>\n\t\t\t\t<section class=\"elementor-section elementor-top-section elementor-element elementor-element-22bbe50 elementor-section-boxed elementor-section-height-default elementor-section-height-default\" data-id=\"22bbe50\" data-element_type=\"section\" data-e-type=\"section\">\n\t\t\t\t\t\t<div class=\"elementor-container elementor-column-gap-default\">\n\t\t\t\t\t<div class=\"elementor-column elementor-col-100 elementor-top-column elementor-element elementor-element-13138bf\" data-id=\"13138bf\" data-element_type=\"column\" data-e-type=\"column\">\n\t\t\t<div class=\"elementor-widget-wrap elementor-element-populated\">\n\t\t\t\t\t\t<div class=\"elementor-element elementor-element-3565b40 elementor-widget elementor-widget-text-editor\" data-id=\"3565b40\" data-element_type=\"widget\" data-e-type=\"widget\" data-widget_type=\"text-editor.default\">\n\t\t\t\t<div class=\"elementor-widget-container\">\n\t\t\t\t\t\t\t\t\t<p>Nations unies<\/p>\t\t\t\t\t\t\t\t<\/div>\n\t\t\t\t<\/div>\n\t\t\t\t<div class=\"elementor-element elementor-element-d24d75e elementor-widget elementor-widget-text-editor\" data-id=\"d24d75e\" data-element_type=\"widget\" data-e-type=\"widget\" data-widget_type=\"text-editor.default\">\n\t\t\t\t<div class=\"elementor-widget-container\">\n\t\t\t\t\t\t\t\t\t<p>Depuis des d\u00e9cennies, le r\u00e9seau ADRA entretient un partenariat solide avec les agences des Nations unies. En soutenant les initiatives de l&rsquo;ONU et en mettant en \u0153uvre des programmes sur le terrain, ADRA et l&rsquo;ONU travaillent ensemble pour r\u00e9pondre aux besoins des plus d\u00e9munis dans le monde. En tant que membre du Conseil \u00e9conomique et social des Nations unies (ECOSOC), nous participons aux discussions sur la pens\u00e9e innovante et le d\u00e9veloppement durable.<\/p><p>Au fil des ann\u00e9es, le r\u00e9seau ADRA a forg\u00e9 des partenariats avec le PAM, le HCR, l&rsquo;OMS, l&rsquo;UNICEF et d&rsquo;autres agences des Nations unies. Ensemble, nous avons atteint 2.441.270 personnes dans le monde entier rien qu&rsquo;en 2016.<\/p><p><span style=\"color: var( --e-global-color-text );\">Nous nous appuyons \u00e9galement sur des partenariats inestimables avec des partenaires gouvernementaux et non gouvernementaux \u2013 \u00e0 tous les niveaux \u2013 pour favoriser un changement durable dans les pays o\u00f9 nous travaillons.\u00b5<\/span><\/p>\t\t\t\t\t\t\t\t<\/div>\n\t\t\t\t<\/div>\n\t\t\t\t\t<\/div>\n\t\t<\/div>\n\t\t\t\t\t<\/div>\n\t\t<\/section>\n\t\t\t\t<section class=\"elementor-section elementor-top-section elementor-element elementor-element-31feedb elementor-section-boxed elementor-section-height-default elementor-section-height-default\" data-id=\"31feedb\" data-element_type=\"section\" data-e-type=\"section\">\n\t\t\t\t\t\t<div class=\"elementor-container elementor-column-gap-default\">\n\t\t\t\t\t<div class=\"elementor-column elementor-col-100 elementor-top-column elementor-element elementor-element-dc68bc9\" data-id=\"dc68bc9\" data-element_type=\"column\" data-e-type=\"column\">\n\t\t\t<div class=\"elementor-widget-wrap elementor-element-populated\">\n\t\t\t\t\t\t<div class=\"elementor-element elementor-element-c8334ee elementor-widget elementor-widget-text-editor\" data-id=\"c8334ee\" data-element_type=\"widget\" data-e-type=\"widget\" data-widget_type=\"text-editor.default\">\n\t\t\t\t<div class=\"elementor-widget-container\">\n\t\t\t\t\t\t\t\t\t<p>Transparence et engagement<\/p>\t\t\t\t\t\t\t\t<\/div>\n\t\t\t\t<\/div>\n\t\t\t\t<div class=\"elementor-element elementor-element-1186da0 elementor-widget elementor-widget-text-editor\" data-id=\"1186da0\" data-element_type=\"widget\" data-e-type=\"widget\" data-widget_type=\"text-editor.default\">\n\t\t\t\t<div class=\"elementor-widget-container\">\n\t\t\t\t\t\t\t\t\t<p>ADRA s&rsquo;engage \u00e0 appliquer des normes \u00e9lev\u00e9es de transparence et de responsabilit\u00e9 financi\u00e8re dans ses pratiques commerciales et dans la conception de ses programmes. Les rapports annuels et financiers d&rsquo;ADRA Belgium sont disponibles et donnent un aper\u00e7u de l&rsquo;impact de nos actions.<\/p><p>Chaque ann\u00e9e, ADRA Belgium est soumise \u00e0 de nombreux audits financiers internes et externes, tous consultables publiquement, confirmant l&rsquo;int\u00e9grit\u00e9 de l&rsquo;organisation.<\/p>\t\t\t\t\t\t\t\t<\/div>\n\t\t\t\t<\/div>\n\t\t\t\t\t<\/div>\n\t\t<\/div>\n\t\t\t\t\t<\/div>\n\t\t<\/section>\n\t\t\t\t<\/div>\n\t\t","protected":false},"excerpt":{"rendered":"<p>Nos partenaires R\u00e9seau ADRA Plus d&rsquo;infos Partenaires publics Plus d&rsquo;infos entreprises Plus d&rsquo;infos l&rsquo;amour, c&rsquo;est l&rsquo;autre&#8230; Le partenaire d\u2019ADRA le plus important, c\u2019est vous. Gr\u00e2ce \u00e0 vous, des communaut\u00e9s du monde entier connaissent des changements r\u00e9els et durables. Votre engagement est source de justice, vos actions sont source de compassion et votre soutien concr\u00e9tise l&rsquo;amour [&hellip;]<\/p>\n","protected":false},"author":9,"featured_media":13129,"parent":18336,"menu_order":0,"comment_status":"closed","ping_status":"closed","template":"","meta":{"_acf_changed":false,"_eb_attr":"","footnotes":""},"class_list":["post-18338","page","type-page","status-publish","has-post-thumbnail","hentry"],"acf":[],"_links":{"self":[{"href":"http:\/\/adra.be\/fr\/wp-json\/wp\/v2\/pages\/18338","targetHints":{"allow":["GET"]}}],"collection":[{"href":"http:\/\/adra.be\/fr\/wp-json\/wp\/v2\/pages"}],"about":[{"href":"http:\/\/adra.be\/fr\/wp-json\/wp\/v2\/types\/page"}],"author":[{"embeddable":true,"href":"http:\/\/adra.be\/fr\/wp-json\/wp\/v2\/users\/9"}],"replies":[{"embeddable":true,"href":"http:\/\/adra.be\/fr\/wp-json\/wp\/v2\/comments?post=18338"}],"version-history":[{"count":23,"href":"http:\/\/adra.be\/fr\/wp-json\/wp\/v2\/pages\/18338\/revisions"}],"predecessor-version":[{"id":24818,"href":"http:\/\/adra.be\/fr\/wp-json\/wp\/v2\/pages\/18338\/revisions\/24818"}],"up":[{"embeddable":true,"href":"http:\/\/adra.be\/fr\/wp-json\/wp\/v2\/pages\/18336"}],"wp:featuredmedia":[{"embeddable":true,"href":"http:\/\/adra.be\/fr\/wp-json\/wp\/v2\/media\/13129"}],"wp:attachment":[{"href":"http:\/\/adra.be\/fr\/wp-json\/wp\/v2\/media?parent=18338"}],"curies":[{"name":"wp","href":"https:\/\/api.w.org\/{rel}","templated":true}]}}