{"id":20029,"date":"2023-06-06T08:11:07","date_gmt":"2023-06-06T08:11:07","guid":{"rendered":"https:\/\/adra.be\/?page_id=20029"},"modified":"2024-11-13T13:13:16","modified_gmt":"2024-11-13T13:13:16","slug":"haiti","status":"publish","type":"page","link":"http:\/\/adra.be\/nl\/votre-impact\/dans-le-monde\/urgences\/urg_2021\/haiti\/","title":{"rendered":"Haiti_2021_EQ"},"content":{"rendered":"<div data-elementor-type=\"wp-page\" data-elementor-id=\"20029\" class=\"elementor elementor-20029\" data-elementor-post-type=\"page\">\n\t\t\t\t\t\t<section class=\"elementor-section elementor-top-section elementor-element elementor-element-6da4e52 elementor-section-boxed elementor-section-height-default elementor-section-height-default\" data-id=\"6da4e52\" data-element_type=\"section\" data-e-type=\"section\" data-settings=\"{&quot;background_background&quot;:&quot;classic&quot;}\">\n\t\t\t\t\t\t<div class=\"elementor-container elementor-column-gap-default\">\n\t\t\t\t\t<div class=\"elementor-column elementor-col-50 elementor-top-column elementor-element elementor-element-395ff5f\" data-id=\"395ff5f\" data-element_type=\"column\" data-e-type=\"column\">\n\t\t\t<div class=\"elementor-widget-wrap elementor-element-populated\">\n\t\t\t\t\t\t<div class=\"elementor-element elementor-element-d7f0c17 elementor-widget elementor-widget-spacer\" data-id=\"d7f0c17\" data-element_type=\"widget\" data-e-type=\"widget\" data-widget_type=\"spacer.default\">\n\t\t\t\t<div class=\"elementor-widget-container\">\n\t\t\t\t\t\t\t<div class=\"elementor-spacer\">\n\t\t\t<div class=\"elementor-spacer-inner\"><\/div>\n\t\t<\/div>\n\t\t\t\t\t\t<\/div>\n\t\t\t\t<\/div>\n\t\t\t\t<div class=\"elementor-element elementor-element-addf8dc elementor-widget__width-initial elementor-widget elementor-widget-heading\" data-id=\"addf8dc\" data-element_type=\"widget\" data-e-type=\"widget\" data-widget_type=\"heading.default\">\n\t\t\t\t<div class=\"elementor-widget-container\">\n\t\t\t\t\t<h2 class=\"elementor-heading-title elementor-size-default\">aardbeving<\/h2>\t\t\t\t<\/div>\n\t\t\t\t<\/div>\n\t\t\t\t<div class=\"elementor-element elementor-element-99bd87e elementor-widget elementor-widget-spacer\" data-id=\"99bd87e\" data-element_type=\"widget\" data-e-type=\"widget\" data-widget_type=\"spacer.default\">\n\t\t\t\t<div class=\"elementor-widget-container\">\n\t\t\t\t\t\t\t<div class=\"elementor-spacer\">\n\t\t\t<div class=\"elementor-spacer-inner\"><\/div>\n\t\t<\/div>\n\t\t\t\t\t\t<\/div>\n\t\t\t\t<\/div>\n\t\t\t\t<div class=\"elementor-element elementor-element-5d76727 elementor-widget elementor-widget-image\" data-id=\"5d76727\" data-element_type=\"widget\" data-e-type=\"widget\" data-widget_type=\"image.default\">\n\t\t\t\t<div class=\"elementor-widget-container\">\n\t\t\t\t\t\t\t\t\t\t\t\t\t\t\t<img decoding=\"async\" src=\"https:\/\/adra.be\/wp-content\/uploads\/elementor\/thumbs\/Les-Cayes_Haiti-q7k2l1pfuxoo91tbrngwpf9ielhfa571eq5eo050vs.jpg\" title=\"Les Cayes_Haiti\" alt=\"Les Cayes_Haiti\" loading=\"lazy\" \/>\t\t\t\t\t\t\t\t\t\t\t\t\t\t\t<\/div>\n\t\t\t\t<\/div>\n\t\t\t\t<div class=\"elementor-element elementor-element-7913bd1 elementor-widget elementor-widget-spacer\" data-id=\"7913bd1\" data-element_type=\"widget\" data-e-type=\"widget\" data-widget_type=\"spacer.default\">\n\t\t\t\t<div class=\"elementor-widget-container\">\n\t\t\t\t\t\t\t<div class=\"elementor-spacer\">\n\t\t\t<div class=\"elementor-spacer-inner\"><\/div>\n\t\t<\/div>\n\t\t\t\t\t\t<\/div>\n\t\t\t\t<\/div>\n\t\t\t\t\t<\/div>\n\t\t<\/div>\n\t\t\t\t<div class=\"elementor-column elementor-col-50 elementor-top-column elementor-element elementor-element-321b056\" data-id=\"321b056\" data-element_type=\"column\" data-e-type=\"column\">\n\t\t\t<div class=\"elementor-widget-wrap elementor-element-populated\">\n\t\t\t\t\t\t<div class=\"elementor-element elementor-element-c23d361 elementor-widget elementor-widget-spacer\" data-id=\"c23d361\" data-element_type=\"widget\" data-e-type=\"widget\" data-widget_type=\"spacer.default\">\n\t\t\t\t<div class=\"elementor-widget-container\">\n\t\t\t\t\t\t\t<div class=\"elementor-spacer\">\n\t\t\t<div class=\"elementor-spacer-inner\"><\/div>\n\t\t<\/div>\n\t\t\t\t\t\t<\/div>\n\t\t\t\t<\/div>\n\t\t\t\t<div class=\"elementor-element elementor-element-0397582 elementor-widget__width-initial elementor-widget elementor-widget-image\" data-id=\"0397582\" data-element_type=\"widget\" data-e-type=\"widget\" data-widget_type=\"image.default\">\n\t\t\t\t<div class=\"elementor-widget-container\">\n\t\t\t\t\t\t\t\t\t\t\t\t\t\t\t<img fetchpriority=\"high\" decoding=\"async\" width=\"1179\" height=\"930\" src=\"https:\/\/adra.be\/wp-content\/uploads\/2024\/10\/2021_StickyNote_Haiti-urgence_NL.png\" class=\"attachment-full size-full wp-image-20031\" alt=\"\" srcset=\"https:\/\/adra.be\/wp-content\/uploads\/2024\/10\/2021_StickyNote_Haiti-urgence_NL.png 1179w, https:\/\/adra.be\/wp-content\/uploads\/2024\/10\/2021_StickyNote_Haiti-urgence_NL-300x237.png 300w, https:\/\/adra.be\/wp-content\/uploads\/2024\/10\/2021_StickyNote_Haiti-urgence_NL-1024x808.png 1024w, https:\/\/adra.be\/wp-content\/uploads\/2024\/10\/2021_StickyNote_Haiti-urgence_NL-768x606.png 768w, https:\/\/adra.be\/wp-content\/uploads\/2024\/10\/2021_StickyNote_Haiti-urgence_NL-15x12.png 15w\" sizes=\"(max-width: 1179px) 100vw, 1179px\" \/>\t\t\t\t\t\t\t\t\t\t\t\t\t\t\t<\/div>\n\t\t\t\t<\/div>\n\t\t\t\t<div class=\"elementor-element elementor-element-97bcd4a elementor-widget elementor-widget-spacer\" data-id=\"97bcd4a\" data-element_type=\"widget\" data-e-type=\"widget\" data-widget_type=\"spacer.default\">\n\t\t\t\t<div class=\"elementor-widget-container\">\n\t\t\t\t\t\t\t<div class=\"elementor-spacer\">\n\t\t\t<div class=\"elementor-spacer-inner\"><\/div>\n\t\t<\/div>\n\t\t\t\t\t\t<\/div>\n\t\t\t\t<\/div>\n\t\t\t\t\t<\/div>\n\t\t<\/div>\n\t\t\t\t\t<\/div>\n\t\t<\/section>\n\t\t\t\t<section class=\"elementor-section elementor-top-section elementor-element elementor-element-8703b86 elementor-section-boxed elementor-section-height-default elementor-section-height-default\" data-id=\"8703b86\" data-element_type=\"section\" data-e-type=\"section\">\n\t\t\t\t\t\t<div class=\"elementor-container elementor-column-gap-default\">\n\t\t\t\t\t<div class=\"elementor-column elementor-col-33 elementor-top-column elementor-element elementor-element-70abd99\" data-id=\"70abd99\" data-element_type=\"column\" data-e-type=\"column\">\n\t\t\t<div class=\"elementor-widget-wrap elementor-element-populated\">\n\t\t\t\t\t\t<div class=\"elementor-element elementor-element-a6fecaa elementor-widget elementor-widget-spacer\" data-id=\"a6fecaa\" data-element_type=\"widget\" data-e-type=\"widget\" data-widget_type=\"spacer.default\">\n\t\t\t\t<div class=\"elementor-widget-container\">\n\t\t\t\t\t\t\t<div class=\"elementor-spacer\">\n\t\t\t<div class=\"elementor-spacer-inner\"><\/div>\n\t\t<\/div>\n\t\t\t\t\t\t<\/div>\n\t\t\t\t<\/div>\n\t\t\t\t<div class=\"elementor-element elementor-element-65644b6 elementor-widget elementor-widget-image\" data-id=\"65644b6\" data-element_type=\"widget\" data-e-type=\"widget\" data-widget_type=\"image.default\">\n\t\t\t\t<div class=\"elementor-widget-container\">\n\t\t\t\t\t\t\t\t\t\t\t\t\t\t\t<img decoding=\"async\" src=\"https:\/\/adra.be\/wp-content\/uploads\/elementor\/thumbs\/Security-and-other-constraints-q7k2uag66v8agx3zq8jnhvdrsn1hz3yhl4lkjgqfgq.jpg\" title=\"Veiligheid en andere beperkingen\" alt=\"Veiligheid en andere beperkingen\" loading=\"lazy\" \/>\t\t\t\t\t\t\t\t\t\t\t\t\t\t\t<\/div>\n\t\t\t\t<\/div>\n\t\t\t\t\t<\/div>\n\t\t<\/div>\n\t\t\t\t<div class=\"elementor-column elementor-col-33 elementor-top-column elementor-element elementor-element-850c8e8\" data-id=\"850c8e8\" data-element_type=\"column\" data-e-type=\"column\">\n\t\t\t<div class=\"elementor-widget-wrap elementor-element-populated\">\n\t\t\t\t\t\t<div class=\"elementor-element elementor-element-d968067 elementor-widget elementor-widget-spacer\" data-id=\"d968067\" data-element_type=\"widget\" data-e-type=\"widget\" data-widget_type=\"spacer.default\">\n\t\t\t\t<div class=\"elementor-widget-container\">\n\t\t\t\t\t\t\t<div class=\"elementor-spacer\">\n\t\t\t<div class=\"elementor-spacer-inner\"><\/div>\n\t\t<\/div>\n\t\t\t\t\t\t<\/div>\n\t\t\t\t<\/div>\n\t\t\t\t<div class=\"elementor-element elementor-element-aa8005e elementor-widget elementor-widget-image\" data-id=\"aa8005e\" data-element_type=\"widget\" data-e-type=\"widget\" data-widget_type=\"image.default\">\n\t\t\t\t<div class=\"elementor-widget-container\">\n\t\t\t\t\t\t\t\t\t\t\t\t\t\t\t<img decoding=\"async\" src=\"https:\/\/adra.be\/wp-content\/uploads\/elementor\/thumbs\/Assesment-e1686042901386-q7k34xybn9ta1tmxiubfr6lu5uj97m8z1uroccxsy2.jpg\" title=\"Beoordeling\" alt=\"Beoordeling\" loading=\"lazy\" \/>\t\t\t\t\t\t\t\t\t\t\t\t\t\t\t<\/div>\n\t\t\t\t<\/div>\n\t\t\t\t\t<\/div>\n\t\t<\/div>\n\t\t\t\t<div class=\"elementor-column elementor-col-33 elementor-top-column elementor-element elementor-element-6e73fa3\" data-id=\"6e73fa3\" data-element_type=\"column\" data-e-type=\"column\">\n\t\t\t<div class=\"elementor-widget-wrap elementor-element-populated\">\n\t\t\t\t\t\t<div class=\"elementor-element elementor-element-9edd6cb elementor-widget elementor-widget-spacer\" data-id=\"9edd6cb\" data-element_type=\"widget\" data-e-type=\"widget\" data-widget_type=\"spacer.default\">\n\t\t\t\t<div class=\"elementor-widget-container\">\n\t\t\t\t\t\t\t<div class=\"elementor-spacer\">\n\t\t\t<div class=\"elementor-spacer-inner\"><\/div>\n\t\t<\/div>\n\t\t\t\t\t\t<\/div>\n\t\t\t\t<\/div>\n\t\t\t\t<div class=\"elementor-element elementor-element-0c2f0df elementor-widget elementor-widget-image\" data-id=\"0c2f0df\" data-element_type=\"widget\" data-e-type=\"widget\" data-widget_type=\"image.default\">\n\t\t\t\t<div class=\"elementor-widget-container\">\n\t\t\t\t\t\t\t\t\t\t\t\t\t\t\t<img decoding=\"async\" width=\"1080\" height=\"607\" src=\"https:\/\/adra.be\/wp-content\/uploads\/2023\/06\/ADRA-Haiti-response-6.jpg\" class=\"attachment-full size-full wp-image-20036\" alt=\"\" srcset=\"https:\/\/adra.be\/wp-content\/uploads\/2023\/06\/ADRA-Haiti-response-6.jpg 1080w, https:\/\/adra.be\/wp-content\/uploads\/2023\/06\/ADRA-Haiti-response-6-300x169.jpg 300w, https:\/\/adra.be\/wp-content\/uploads\/2023\/06\/ADRA-Haiti-response-6-1024x576.jpg 1024w, https:\/\/adra.be\/wp-content\/uploads\/2023\/06\/ADRA-Haiti-response-6-768x432.jpg 768w, https:\/\/adra.be\/wp-content\/uploads\/2023\/06\/ADRA-Haiti-response-6-18x10.jpg 18w\" sizes=\"(max-width: 1080px) 100vw, 1080px\" \/>\t\t\t\t\t\t\t\t\t\t\t\t\t\t\t<\/div>\n\t\t\t\t<\/div>\n\t\t\t\t\t<\/div>\n\t\t<\/div>\n\t\t\t\t\t<\/div>\n\t\t<\/section>\n\t\t\t\t<section class=\"elementor-section elementor-top-section elementor-element elementor-element-0a9b861 elementor-section-boxed elementor-section-height-default elementor-section-height-default\" data-id=\"0a9b861\" data-element_type=\"section\" data-e-type=\"section\">\n\t\t\t\t\t\t<div class=\"elementor-container elementor-column-gap-default\">\n\t\t\t\t\t<div class=\"elementor-column elementor-col-33 elementor-top-column elementor-element elementor-element-3ba4335\" data-id=\"3ba4335\" data-element_type=\"column\" data-e-type=\"column\">\n\t\t\t<div class=\"elementor-widget-wrap elementor-element-populated\">\n\t\t\t\t\t\t<div class=\"elementor-element elementor-element-3c11188 elementor-widget elementor-widget-spacer\" data-id=\"3c11188\" data-element_type=\"widget\" data-e-type=\"widget\" data-widget_type=\"spacer.default\">\n\t\t\t\t<div class=\"elementor-widget-container\">\n\t\t\t\t\t\t\t<div class=\"elementor-spacer\">\n\t\t\t<div class=\"elementor-spacer-inner\"><\/div>\n\t\t<\/div>\n\t\t\t\t\t\t<\/div>\n\t\t\t\t<\/div>\n\t\t\t\t<div class=\"elementor-element elementor-element-aec4268 elementor-widget elementor-widget-text-editor\" data-id=\"aec4268\" data-element_type=\"widget\" data-e-type=\"widget\" data-widget_type=\"text-editor.default\">\n\t\t\t\t<div class=\"elementor-widget-container\">\n\t\t\t\t\t\t\t\t\t<p>Op 14 augustus 2021 werd Ha\u00efti getroffen door een aardbeving met een kracht van 7,2 op de schaal van Richter. <strong>Meer dan 1.200 mensen kwamen om en duizenden raakten gewond.<\/strong>Meer dan 130.000 huizen werden beschadigd of vernield. Bovendien kwam deze ramp midden in wat volgens de voorspellingen \u2018het ergste orkaanseizoen\u2019 zal worden, wat de situatie nog dramatischer maakte.<\/p>\t\t\t\t\t\t\t\t<\/div>\n\t\t\t\t<\/div>\n\t\t\t\t\t<\/div>\n\t\t<\/div>\n\t\t\t\t<div class=\"elementor-column elementor-col-33 elementor-top-column elementor-element elementor-element-a1877c0\" data-id=\"a1877c0\" data-element_type=\"column\" data-e-type=\"column\">\n\t\t\t<div class=\"elementor-widget-wrap elementor-element-populated\">\n\t\t\t\t\t\t<div class=\"elementor-element elementor-element-4a12d37 elementor-widget elementor-widget-image\" data-id=\"4a12d37\" data-element_type=\"widget\" data-e-type=\"widget\" data-widget_type=\"image.default\">\n\t\t\t\t<div class=\"elementor-widget-container\">\n\t\t\t\t\t\t\t\t\t\t\t\t\t\t\t<img decoding=\"async\" src=\"https:\/\/adra.be\/wp-content\/uploads\/elementor\/thumbs\/20-Haiti-1-q7k2jbnygg9521230nxdlmmp5ylsjhddx6yrjeogwk.jpg\" title=\"20- Ha\u00efti 1\" alt=\"20- Ha\u00efti 1\" loading=\"lazy\" \/>\t\t\t\t\t\t\t\t\t\t\t\t\t\t\t<\/div>\n\t\t\t\t<\/div>\n\t\t\t\t\t<\/div>\n\t\t<\/div>\n\t\t\t\t<div class=\"elementor-column elementor-col-33 elementor-top-column elementor-element elementor-element-06fccf0\" data-id=\"06fccf0\" data-element_type=\"column\" data-e-type=\"column\">\n\t\t\t<div class=\"elementor-widget-wrap elementor-element-populated\">\n\t\t\t\t\t\t<div class=\"elementor-element elementor-element-aa18a7c elementor-widget elementor-widget-spacer\" data-id=\"aa18a7c\" data-element_type=\"widget\" data-e-type=\"widget\" data-widget_type=\"spacer.default\">\n\t\t\t\t<div class=\"elementor-widget-container\">\n\t\t\t\t\t\t\t<div class=\"elementor-spacer\">\n\t\t\t<div class=\"elementor-spacer-inner\"><\/div>\n\t\t<\/div>\n\t\t\t\t\t\t<\/div>\n\t\t\t\t<\/div>\n\t\t\t\t<div class=\"elementor-element elementor-element-e93aba4 elementor-widget elementor-widget-text-editor\" data-id=\"e93aba4\" data-element_type=\"widget\" data-e-type=\"widget\" data-widget_type=\"text-editor.default\">\n\t\t\t\t<div class=\"elementor-widget-container\">\n\t\t\t\t\t\t\t\t\t<p>Het ADRA-netwerk mobiliseerde zijn teams ter plaatse om\u00a0<span style=\"font-weight: bolder;\">edsel, water, dekzeilen voor tijdelijk onderdak en hygi\u00ebnekits uit te delen<\/span>\u00a0aan\u00a0<span style=\"font-weight: bolder;\">bijna 10.000 begunstigden<\/span>\u00a0. We verleenden ook steun bij het identificeren en vervoeren van slachtoffer en het verlenen van\u00a0<span style=\"font-weight: bolder;\">medische hulp<\/span>\u00a0aan mensen die door de aardbeving gewond waren geraakt.<\/p>\t\t\t\t\t\t\t\t<\/div>\n\t\t\t\t<\/div>\n\t\t\t\t\t<\/div>\n\t\t<\/div>\n\t\t\t\t\t<\/div>\n\t\t<\/section>\n\t\t\t\t<section class=\"elementor-section elementor-top-section elementor-element elementor-element-39d8f11 elementor-section-boxed elementor-section-height-default elementor-section-height-default\" data-id=\"39d8f11\" data-element_type=\"section\" data-e-type=\"section\">\n\t\t\t\t\t\t<div class=\"elementor-container elementor-column-gap-default\">\n\t\t\t\t\t<div class=\"elementor-column elementor-col-33 elementor-top-column elementor-element elementor-element-ee8bed2\" data-id=\"ee8bed2\" data-element_type=\"column\" data-e-type=\"column\">\n\t\t\t<div class=\"elementor-widget-wrap elementor-element-populated\">\n\t\t\t\t\t\t<div class=\"elementor-element elementor-element-94600db elementor-widget elementor-widget-image\" data-id=\"94600db\" data-element_type=\"widget\" data-e-type=\"widget\" data-widget_type=\"image.default\">\n\t\t\t\t<div class=\"elementor-widget-container\">\n\t\t\t\t\t\t\t\t\t\t\t\t\t\t\t<img decoding=\"async\" src=\"https:\/\/adra.be\/wp-content\/uploads\/elementor\/thumbs\/ADRA-Haiti-response-1-q7k30udnua79f1lagkj0dpugwcqmn4z45kcfzx0m2y.jpg\" title=\"Reactie ADRA Ha\u00efti\" alt=\"Reactie ADRA Ha\u00efti\" loading=\"lazy\" \/>\t\t\t\t\t\t\t\t\t\t\t\t\t\t\t<\/div>\n\t\t\t\t<\/div>\n\t\t\t\t\t<\/div>\n\t\t<\/div>\n\t\t\t\t<div class=\"elementor-column elementor-col-33 elementor-top-column elementor-element elementor-element-2d880b8\" data-id=\"2d880b8\" data-element_type=\"column\" data-e-type=\"column\">\n\t\t\t<div class=\"elementor-widget-wrap elementor-element-populated\">\n\t\t\t\t\t\t<div class=\"elementor-element elementor-element-0e23ab4 elementor-widget elementor-widget-image\" data-id=\"0e23ab4\" data-element_type=\"widget\" data-e-type=\"widget\" data-widget_type=\"image.default\">\n\t\t\t\t<div class=\"elementor-widget-container\">\n\t\t\t\t\t\t\t\t\t\t\t\t\t\t\t<img decoding=\"async\" src=\"https:\/\/adra.be\/wp-content\/uploads\/elementor\/thumbs\/ADRA-Haiti-response-8-q7k31acx2gt4wey2v9fo23tazwjv9zqjvrfp5mcx56.jpg\" title=\"Reactie ADRA Ha\u00efti 8\" alt=\"Reactie ADRA Ha\u00efti 8\" loading=\"lazy\" \/>\t\t\t\t\t\t\t\t\t\t\t\t\t\t\t<\/div>\n\t\t\t\t<\/div>\n\t\t\t\t\t<\/div>\n\t\t<\/div>\n\t\t\t\t<div class=\"elementor-column elementor-col-33 elementor-top-column elementor-element elementor-element-e68ef0a\" data-id=\"e68ef0a\" data-element_type=\"column\" data-e-type=\"column\">\n\t\t\t<div class=\"elementor-widget-wrap elementor-element-populated\">\n\t\t\t\t\t\t<div class=\"elementor-element elementor-element-269d92e elementor-widget elementor-widget-image\" data-id=\"269d92e\" data-element_type=\"widget\" data-e-type=\"widget\" data-widget_type=\"image.default\">\n\t\t\t\t<div class=\"elementor-widget-container\">\n\t\t\t\t\t\t\t\t\t\t\t\t\t\t\t<img decoding=\"async\" width=\"1008\" height=\"567\" src=\"https:\/\/adra.be\/wp-content\/uploads\/2023\/06\/ADRA-Haiti-response-5.jpg\" class=\"attachment-full size-full wp-image-20042\" alt=\"\" srcset=\"https:\/\/adra.be\/wp-content\/uploads\/2023\/06\/ADRA-Haiti-response-5.jpg 1008w, https:\/\/adra.be\/wp-content\/uploads\/2023\/06\/ADRA-Haiti-response-5-300x169.jpg 300w, https:\/\/adra.be\/wp-content\/uploads\/2023\/06\/ADRA-Haiti-response-5-768x432.jpg 768w, https:\/\/adra.be\/wp-content\/uploads\/2023\/06\/ADRA-Haiti-response-5-18x10.jpg 18w, https:\/\/adra.be\/wp-content\/uploads\/2023\/06\/elementor\/thumbs\/ADRA-Haiti-response-5-q7k32873wi3gidkxdo28jv9wdrx2z3gw0ex6fkyqx6.jpg 400w\" sizes=\"(max-width: 1008px) 100vw, 1008px\" \/>\t\t\t\t\t\t\t\t\t\t\t\t\t\t\t<\/div>\n\t\t\t\t<\/div>\n\t\t\t\t\t<\/div>\n\t\t<\/div>\n\t\t\t\t\t<\/div>\n\t\t<\/section>\n\t\t\t\t<section class=\"elementor-section elementor-top-section elementor-element elementor-element-5171357c elementor-section-boxed elementor-section-height-default elementor-section-height-default\" data-id=\"5171357c\" data-element_type=\"section\" data-e-type=\"section\">\n\t\t\t\t\t\t<div class=\"elementor-container elementor-column-gap-default\">\n\t\t\t\t\t<div class=\"elementor-column elementor-col-50 elementor-top-column elementor-element elementor-element-588d43d7\" data-id=\"588d43d7\" data-element_type=\"column\" data-e-type=\"column\">\n\t\t\t<div class=\"elementor-widget-wrap elementor-element-populated\">\n\t\t\t\t\t\t<div class=\"elementor-element elementor-element-47b466a9 elementor-widget elementor-widget-spacer\" data-id=\"47b466a9\" data-element_type=\"widget\" data-e-type=\"widget\" data-widget_type=\"spacer.default\">\n\t\t\t\t<div class=\"elementor-widget-container\">\n\t\t\t\t\t\t\t<div class=\"elementor-spacer\">\n\t\t\t<div class=\"elementor-spacer-inner\"><\/div>\n\t\t<\/div>\n\t\t\t\t\t\t<\/div>\n\t\t\t\t<\/div>\n\t\t\t\t<div class=\"elementor-element elementor-element-74097613 elementor-widget elementor-widget-image\" data-id=\"74097613\" data-element_type=\"widget\" data-e-type=\"widget\" data-widget_type=\"image.default\">\n\t\t\t\t<div class=\"elementor-widget-container\">\n\t\t\t\t\t\t\t\t\t\t\t\t\t\t\t<img loading=\"lazy\" decoding=\"async\" width=\"1004\" height=\"564\" src=\"https:\/\/adra.be\/wp-content\/uploads\/2023\/06\/20_Haiti2.png\" class=\"attachment-full size-full wp-image-20032\" alt=\"\" srcset=\"https:\/\/adra.be\/wp-content\/uploads\/2023\/06\/20_Haiti2.png 1004w, https:\/\/adra.be\/wp-content\/uploads\/2023\/06\/20_Haiti2-300x169.png 300w, https:\/\/adra.be\/wp-content\/uploads\/2023\/06\/20_Haiti2-768x431.png 768w, https:\/\/adra.be\/wp-content\/uploads\/2023\/06\/20_Haiti2-18x10.png 18w\" sizes=\"(max-width: 1004px) 100vw, 1004px\" \/>\t\t\t\t\t\t\t\t\t\t\t\t\t\t\t<\/div>\n\t\t\t\t<\/div>\n\t\t\t\t<div class=\"elementor-element elementor-element-7e592765 elementor-widget elementor-widget-spacer\" data-id=\"7e592765\" data-element_type=\"widget\" data-e-type=\"widget\" data-widget_type=\"spacer.default\">\n\t\t\t\t<div class=\"elementor-widget-container\">\n\t\t\t\t\t\t\t<div class=\"elementor-spacer\">\n\t\t\t<div class=\"elementor-spacer-inner\"><\/div>\n\t\t<\/div>\n\t\t\t\t\t\t<\/div>\n\t\t\t\t<\/div>\n\t\t\t\t\t<\/div>\n\t\t<\/div>\n\t\t\t\t<div class=\"elementor-column elementor-col-50 elementor-top-column elementor-element elementor-element-464b4619\" data-id=\"464b4619\" data-element_type=\"column\" data-e-type=\"column\">\n\t\t\t<div class=\"elementor-widget-wrap elementor-element-populated\">\n\t\t\t\t\t\t<div class=\"elementor-element elementor-element-22b35e04 elementor-widget elementor-widget-spacer\" data-id=\"22b35e04\" data-element_type=\"widget\" data-e-type=\"widget\" data-widget_type=\"spacer.default\">\n\t\t\t\t<div class=\"elementor-widget-container\">\n\t\t\t\t\t\t\t<div class=\"elementor-spacer\">\n\t\t\t<div class=\"elementor-spacer-inner\"><\/div>\n\t\t<\/div>\n\t\t\t\t\t\t<\/div>\n\t\t\t\t<\/div>\n\t\t\t\t<div class=\"elementor-element elementor-element-6f802f56 elementor-widget elementor-widget-heading\" data-id=\"6f802f56\" data-element_type=\"widget\" data-e-type=\"widget\" data-widget_type=\"heading.default\">\n\t\t\t\t<div class=\"elementor-widget-container\">\n\t\t\t\t\t<h2 class=\"elementor-heading-title elementor-size-default\">Jullie zijn onze kracht!<\/h2>\t\t\t\t<\/div>\n\t\t\t\t<\/div>\n\t\t\t\t<div class=\"elementor-element elementor-element-1239163 elementor-widget elementor-widget-text-editor\" data-id=\"1239163\" data-element_type=\"widget\" data-e-type=\"widget\" data-widget_type=\"text-editor.default\">\n\t\t\t\t<div class=\"elementor-widget-container\">\n\t\t\t\t\t\t\t\t\t<p>In<strong> In een crisissituatie telt elke donatie.<\/strong><\/p><p>Gewapende conflicten, zware overstromingen, droogte, hongersnood, enz. <strong>Dit zijn slechts enkele van de humanitaire noodsituaties waarvoor ADRA elke dag in actie komt!<\/strong><\/p>\t\t\t\t\t\t\t\t<\/div>\n\t\t\t\t<\/div>\n\t\t\t\t<section class=\"elementor-section elementor-inner-section elementor-element elementor-element-7572594f elementor-section-boxed elementor-section-height-default elementor-section-height-default\" data-id=\"7572594f\" data-element_type=\"section\" data-e-type=\"section\">\n\t\t\t\t\t\t<div class=\"elementor-container elementor-column-gap-default\">\n\t\t\t\t\t<div class=\"elementor-column elementor-col-100 elementor-inner-column elementor-element elementor-element-34985eae\" data-id=\"34985eae\" data-element_type=\"column\" data-e-type=\"column\">\n\t\t\t<div class=\"elementor-widget-wrap elementor-element-populated\">\n\t\t\t\t\t\t<div class=\"elementor-element elementor-element-1d691627 elementor-widget elementor-widget-text-editor\" data-id=\"1d691627\" data-element_type=\"widget\" data-e-type=\"widget\" data-widget_type=\"text-editor.default\">\n\t\t\t\t<div class=\"elementor-widget-container\">\n\t\t\t\t\t\t\t\t\t<p>met <strong>NOODHULP<\/strong> als mededeling<\/p>\t\t\t\t\t\t\t\t<\/div>\n\t\t\t\t<\/div>\n\t\t\t\t<div class=\"elementor-element elementor-element-732b6898 elementor-align-center elementor-widget elementor-widget-button\" data-id=\"732b6898\" data-element_type=\"widget\" data-e-type=\"widget\" data-widget_type=\"button.default\">\n\t\t\t\t<div class=\"elementor-widget-container\">\n\t\t\t\t\t\t\t\t\t<div class=\"elementor-button-wrapper\">\n\t\t\t\t\t<a class=\"elementor-button elementor-button-link elementor-size-md\" href=\"https:\/\/www.uningoapp.com\/basic_form?org=ADRA&amp;src=Website&amp;lang=nl\" target=\"_blank\">\n\t\t\t\t\t\t<span class=\"elementor-button-content-wrapper\">\n\t\t\t\t\t\t\t\t\t<span class=\"elementor-button-text\">Doe een gift<\/span>\n\t\t\t\t\t<\/span>\n\t\t\t\t\t<\/a>\n\t\t\t\t<\/div>\n\t\t\t\t\t\t\t\t<\/div>\n\t\t\t\t<\/div>\n\t\t\t\t\t<\/div>\n\t\t<\/div>\n\t\t\t\t\t<\/div>\n\t\t<\/section>\n\t\t\t\t\t<\/div>\n\t\t<\/div>\n\t\t\t\t\t<\/div>\n\t\t<\/section>\n\t\t\t\t<\/div>","protected":false},"excerpt":{"rendered":"<p>tremblement de terre Le 14 ao\u00fbt 2021, un tremblement de terre d\u2019une magnitude de 7,2 a frapp\u00e9 Ha\u00efti. Plus de 1.200 personnes ont perdu la vie et des milliers de personnes ont \u00e9t\u00e9 bless\u00e9es. Plus de 130.000 logements ont \u00e9t\u00e9 endommag\u00e9s ou d\u00e9truits. De plus, cette catastrophe intervient en plein milieu de ce qui est [&hellip;]<\/p>\n","protected":false},"author":9,"featured_media":13241,"parent":19808,"menu_order":0,"comment_status":"closed","ping_status":"closed","template":"","meta":{"_acf_changed":false,"_eb_attr":"","footnotes":""},"class_list":["post-20029","page","type-page","status-publish","has-post-thumbnail","hentry"],"acf":[],"_links":{"self":[{"href":"http:\/\/adra.be\/nl\/wp-json\/wp\/v2\/pages\/20029","targetHints":{"allow":["GET"]}}],"collection":[{"href":"http:\/\/adra.be\/nl\/wp-json\/wp\/v2\/pages"}],"about":[{"href":"http:\/\/adra.be\/nl\/wp-json\/wp\/v2\/types\/page"}],"author":[{"embeddable":true,"href":"http:\/\/adra.be\/nl\/wp-json\/wp\/v2\/users\/9"}],"replies":[{"embeddable":true,"href":"http:\/\/adra.be\/nl\/wp-json\/wp\/v2\/comments?post=20029"}],"version-history":[{"count":23,"href":"http:\/\/adra.be\/nl\/wp-json\/wp\/v2\/pages\/20029\/revisions"}],"predecessor-version":[{"id":24274,"href":"http:\/\/adra.be\/nl\/wp-json\/wp\/v2\/pages\/20029\/revisions\/24274"}],"up":[{"embeddable":true,"href":"http:\/\/adra.be\/nl\/wp-json\/wp\/v2\/pages\/19808"}],"wp:featuredmedia":[{"embeddable":true,"href":"http:\/\/adra.be\/nl\/wp-json\/wp\/v2\/media\/13241"}],"wp:attachment":[{"href":"http:\/\/adra.be\/nl\/wp-json\/wp\/v2\/media?parent=20029"}],"curies":[{"name":"wp","href":"https:\/\/api.w.org\/{rel}","templated":true}]}}