{"id":19590,"date":"2023-05-19T15:15:16","date_gmt":"2023-05-19T15:15:16","guid":{"rendered":"https:\/\/adra.be\/?page_id=19590"},"modified":"2024-11-13T12:40:45","modified_gmt":"2024-11-13T12:40:45","slug":"burundi","status":"publish","type":"page","link":"https:\/\/adra.be\/fr\/votre-impact\/dans-le-monde\/projets-de-developpement\/dev_2020\/burundi\/","title":{"rendered":"Burundi_2020_lyc\u00e9e Szilvasi"},"content":{"rendered":"\t\t<div data-elementor-type=\"wp-page\" data-elementor-id=\"19590\" class=\"elementor elementor-19590\" data-elementor-post-type=\"page\">\n\t\t\t\t\t\t<section class=\"elementor-section elementor-top-section elementor-element elementor-element-2857428e elementor-section-boxed elementor-section-height-default elementor-section-height-default\" data-id=\"2857428e\" data-element_type=\"section\" data-e-type=\"section\" data-settings=\"{&quot;background_background&quot;:&quot;classic&quot;}\">\n\t\t\t\t\t\t<div class=\"elementor-container elementor-column-gap-default\">\n\t\t\t\t\t<div class=\"elementor-column elementor-col-50 elementor-top-column elementor-element elementor-element-6c24377d\" data-id=\"6c24377d\" data-element_type=\"column\" data-e-type=\"column\">\n\t\t\t<div class=\"elementor-widget-wrap elementor-element-populated\">\n\t\t\t\t\t\t<div class=\"elementor-element elementor-element-58920fb elementor-widget elementor-widget-spacer\" data-id=\"58920fb\" data-element_type=\"widget\" data-e-type=\"widget\" data-widget_type=\"spacer.default\">\n\t\t\t\t<div class=\"elementor-widget-container\">\n\t\t\t\t\t\t\t<div class=\"elementor-spacer\">\n\t\t\t<div class=\"elementor-spacer-inner\"><\/div>\n\t\t<\/div>\n\t\t\t\t\t\t<\/div>\n\t\t\t\t<\/div>\n\t\t\t\t<div class=\"elementor-element elementor-element-388a501c elementor-widget elementor-widget-heading\" data-id=\"388a501c\" data-element_type=\"widget\" data-e-type=\"widget\" data-widget_type=\"heading.default\">\n\t\t\t\t<div class=\"elementor-widget-container\">\n\t\t\t\t\t<h2 class=\"elementor-heading-title elementor-size-default\">Renforcement des infrastructures scolaires<\/h2>\t\t\t\t<\/div>\n\t\t\t\t<\/div>\n\t\t\t\t<div class=\"elementor-element elementor-element-ff68fab elementor-widget elementor-widget-heading\" data-id=\"ff68fab\" data-element_type=\"widget\" data-e-type=\"widget\" data-widget_type=\"heading.default\">\n\t\t\t\t<div class=\"elementor-widget-container\">\n\t\t\t\t\t<h2 class=\"elementor-heading-title elementor-size-default\"> au lyc\u00e9e Szilvasi<\/h2>\t\t\t\t<\/div>\n\t\t\t\t<\/div>\n\t\t\t\t<div class=\"elementor-element elementor-element-eb883fa elementor-widget elementor-widget-spacer\" data-id=\"eb883fa\" data-element_type=\"widget\" data-e-type=\"widget\" data-widget_type=\"spacer.default\">\n\t\t\t\t<div class=\"elementor-widget-container\">\n\t\t\t\t\t\t\t<div class=\"elementor-spacer\">\n\t\t\t<div class=\"elementor-spacer-inner\"><\/div>\n\t\t<\/div>\n\t\t\t\t\t\t<\/div>\n\t\t\t\t<\/div>\n\t\t\t\t\t<\/div>\n\t\t<\/div>\n\t\t\t\t<div class=\"elementor-column elementor-col-50 elementor-top-column elementor-element elementor-element-32f9e2e9\" data-id=\"32f9e2e9\" data-element_type=\"column\" data-e-type=\"column\">\n\t\t\t<div class=\"elementor-widget-wrap elementor-element-populated\">\n\t\t\t\t\t\t<div class=\"elementor-element elementor-element-ee94a3f elementor-widget__width-initial elementor-widget elementor-widget-image\" data-id=\"ee94a3f\" data-element_type=\"widget\" data-e-type=\"widget\" data-widget_type=\"image.default\">\n\t\t\t\t<div class=\"elementor-widget-container\">\n\t\t\t\t\t\t\t\t\t\t\t\t\t\t\t<img fetchpriority=\"high\" decoding=\"async\" width=\"800\" height=\"571\" src=\"https:\/\/adra.be\/wp-content\/uploads\/2023\/05\/2021_StickyNote_Burundi-1024x731.png\" class=\"attachment-large size-large wp-image-19543\" alt=\"\" srcset=\"https:\/\/adra.be\/wp-content\/uploads\/2023\/05\/2021_StickyNote_Burundi-1024x731.png 1024w, https:\/\/adra.be\/wp-content\/uploads\/2023\/05\/2021_StickyNote_Burundi-300x214.png 300w, https:\/\/adra.be\/wp-content\/uploads\/2023\/05\/2021_StickyNote_Burundi-768x548.png 768w, https:\/\/adra.be\/wp-content\/uploads\/2023\/05\/2021_StickyNote_Burundi-18x12.png 18w, https:\/\/adra.be\/wp-content\/uploads\/2023\/05\/2021_StickyNote_Burundi.png 1179w\" sizes=\"(max-width: 800px) 100vw, 800px\" \/>\t\t\t\t\t\t\t\t\t\t\t\t\t\t\t<\/div>\n\t\t\t\t<\/div>\n\t\t\t\t<div class=\"elementor-element elementor-element-db18651 elementor-widget elementor-widget-spacer\" data-id=\"db18651\" data-element_type=\"widget\" data-e-type=\"widget\" data-widget_type=\"spacer.default\">\n\t\t\t\t<div class=\"elementor-widget-container\">\n\t\t\t\t\t\t\t<div class=\"elementor-spacer\">\n\t\t\t<div class=\"elementor-spacer-inner\"><\/div>\n\t\t<\/div>\n\t\t\t\t\t\t<\/div>\n\t\t\t\t<\/div>\n\t\t\t\t\t<\/div>\n\t\t<\/div>\n\t\t\t\t\t<\/div>\n\t\t<\/section>\n\t\t\t\t<section class=\"elementor-section elementor-top-section elementor-element elementor-element-7a84dc0 elementor-section-boxed elementor-section-height-default elementor-section-height-default\" data-id=\"7a84dc0\" data-element_type=\"section\" data-e-type=\"section\">\n\t\t\t\t\t\t<div class=\"elementor-container elementor-column-gap-default\">\n\t\t\t\t\t<div class=\"elementor-column elementor-col-100 elementor-top-column elementor-element elementor-element-7b87750\" data-id=\"7b87750\" data-element_type=\"column\" data-e-type=\"column\">\n\t\t\t<div class=\"elementor-widget-wrap elementor-element-populated\">\n\t\t\t\t\t\t<div class=\"elementor-element elementor-element-9a2e4b0 elementor-widget elementor-widget-spacer\" data-id=\"9a2e4b0\" data-element_type=\"widget\" data-e-type=\"widget\" data-widget_type=\"spacer.default\">\n\t\t\t\t<div class=\"elementor-widget-container\">\n\t\t\t\t\t\t\t<div class=\"elementor-spacer\">\n\t\t\t<div class=\"elementor-spacer-inner\"><\/div>\n\t\t<\/div>\n\t\t\t\t\t\t<\/div>\n\t\t\t\t<\/div>\n\t\t\t\t<div class=\"elementor-element elementor-element-789d510 elementor-widget elementor-widget-text-editor\" data-id=\"789d510\" data-element_type=\"widget\" data-e-type=\"widget\" data-widget_type=\"text-editor.default\">\n\t\t\t\t<div class=\"elementor-widget-container\">\n\t\t\t\t\t\t\t\t\t<p><strong>Nous avons le plaisir d\u2019annoncer que les travaux de construction du lyc\u00e9e Szilvasi sont presque termin\u00e9s ! Le lyc\u00e9e, qui se situe dans le quartier Kanyosha, est depuis longtemps confront\u00e9 \u00e0 un manque d\u2019espace et de salles de classes. Depuis l\u2019ann\u00e9e derni\u00e8re, ADRA Belgium soutient la construction d\u2019un bloc administratif, adapt\u00e9 aux besoins du personnel enseignant et administratif du lyc\u00e9e. Les travaux ont \u00e9t\u00e9 ralentis par le Covid-19, mais sont actuellement en cours de finalisation.<\/strong><\/p>\t\t\t\t\t\t\t\t<\/div>\n\t\t\t\t<\/div>\n\t\t\t\t\t<\/div>\n\t\t<\/div>\n\t\t\t\t\t<\/div>\n\t\t<\/section>\n\t\t\t\t<section class=\"elementor-section elementor-top-section elementor-element elementor-element-c9d7edf elementor-section-boxed elementor-section-height-default elementor-section-height-default\" data-id=\"c9d7edf\" data-element_type=\"section\" data-e-type=\"section\">\n\t\t\t\t\t\t<div class=\"elementor-container elementor-column-gap-default\">\n\t\t\t\t\t<div class=\"elementor-column elementor-col-50 elementor-top-column elementor-element elementor-element-a821d09\" data-id=\"a821d09\" data-element_type=\"column\" data-e-type=\"column\">\n\t\t\t<div class=\"elementor-widget-wrap elementor-element-populated\">\n\t\t\t\t\t\t<div class=\"elementor-element elementor-element-edfa2fa elementor-widget elementor-widget-text-editor\" data-id=\"edfa2fa\" data-element_type=\"widget\" data-e-type=\"widget\" data-widget_type=\"text-editor.default\">\n\t\t\t\t<div class=\"elementor-widget-container\">\n\t\t\t\t\t\t\t\t\t<p>Suite \u00e0 un d\u00e9m\u00e9nagement effectu\u00e9 en 2016 dans le quartier d\u00e9favoris\u00e9 de Kanyosha (Bujumbura) pour toucher un public pr\u00e9caris\u00e9, le lyc\u00e9e Szilvasi faisait face \u00e0 un manque d\u2019infrastructures adapt\u00e9es aux besoins des \u00e9l\u00e8ves et du personnel. Apr\u00e8s une demande du Minist\u00e8re burundais de l\u2019\u00e9ducation pour adapter les infrastructures aux normes en vigueur, ADRA Belgium a \u00e9t\u00e9 sollicit\u00e9e afin de participer \u00e0 la construction d\u2019un bloc administratif convivial et adapt\u00e9 aux besoins du corps enseignant et du personnel administratif du lyc\u00e9e.<\/p>\t\t\t\t\t\t\t\t<\/div>\n\t\t\t\t<\/div>\n\t\t\t\t\t<\/div>\n\t\t<\/div>\n\t\t\t\t<div class=\"elementor-column elementor-col-50 elementor-top-column elementor-element elementor-element-e22d6ff\" data-id=\"e22d6ff\" data-element_type=\"column\" data-e-type=\"column\">\n\t\t\t<div class=\"elementor-widget-wrap elementor-element-populated\">\n\t\t\t\t\t\t<div class=\"elementor-element elementor-element-e9e1622 elementor-widget elementor-widget-text-editor\" data-id=\"e9e1622\" data-element_type=\"widget\" data-e-type=\"widget\" data-widget_type=\"text-editor.default\">\n\t\t\t\t<div class=\"elementor-widget-container\">\n\t\t\t\t\t\t\t\t\t<p><span style=\"letter-spacing: 0px;\">Ce b\u00e2timent, une fois finalis\u00e9, permettra la r\u00e9affectation des locaux utilis\u00e9s actuellement pour la salle informatique des \u00e9tudiants. En 2021, malgr\u00e9 les retards dus \u00e0 la pand\u00e9mie, notre \u00e9quipe au Burundi a r\u00e9alis\u00e9 des progr\u00e8s importants gr\u00e2ce \u00e0 nos g\u00e9n\u00e9reux donateurs.<\/span><\/p>\t\t\t\t\t\t\t\t<\/div>\n\t\t\t\t<\/div>\n\t\t\t\t<div class=\"elementor-element elementor-element-6c346a2 elementor-widget elementor-widget-image\" data-id=\"6c346a2\" data-element_type=\"widget\" data-e-type=\"widget\" data-widget_type=\"image.default\">\n\t\t\t\t<div class=\"elementor-widget-container\">\n\t\t\t\t\t\t\t\t\t\t\t\t\t\t\t<img decoding=\"async\" src=\"https:\/\/adra.be\/wp-content\/uploads\/elementor\/thumbs\/IMG-20200923-WA0003-q6p2wmqlm42bc9w493zme80x7qswntspt81uarw0k0.jpg\" title=\"IMG-20200923-WA0003\" alt=\"IMG-20200923-WA0003\" loading=\"lazy\" \/>\t\t\t\t\t\t\t\t\t\t\t\t\t\t\t<\/div>\n\t\t\t\t<\/div>\n\t\t\t\t\t<\/div>\n\t\t<\/div>\n\t\t\t\t\t<\/div>\n\t\t<\/section>\n\t\t\t\t<section class=\"elementor-section elementor-top-section elementor-element elementor-element-2aa57e7 elementor-section-boxed elementor-section-height-default elementor-section-height-default\" data-id=\"2aa57e7\" data-element_type=\"section\" data-e-type=\"section\">\n\t\t\t\t\t\t<div class=\"elementor-container elementor-column-gap-default\">\n\t\t\t\t\t<div class=\"elementor-column elementor-col-33 elementor-top-column elementor-element elementor-element-bf2226b\" data-id=\"bf2226b\" data-element_type=\"column\" data-e-type=\"column\">\n\t\t\t<div class=\"elementor-widget-wrap elementor-element-populated\">\n\t\t\t\t\t\t<div class=\"elementor-element elementor-element-a521262 elementor-widget elementor-widget-image\" data-id=\"a521262\" data-element_type=\"widget\" data-e-type=\"widget\" data-widget_type=\"image.default\">\n\t\t\t\t<div class=\"elementor-widget-container\">\n\t\t\t\t\t\t\t\t\t\t\t\t\t\t\t<img decoding=\"async\" width=\"1346\" height=\"1010\" src=\"https:\/\/adra.be\/wp-content\/uploads\/2023\/05\/7-Burundi-2-1.jpg\" class=\"attachment-full size-full wp-image-19533\" alt=\"\" srcset=\"https:\/\/adra.be\/wp-content\/uploads\/2023\/05\/7-Burundi-2-1.jpg 1346w, https:\/\/adra.be\/wp-content\/uploads\/2023\/05\/7-Burundi-2-1-300x225.jpg 300w, https:\/\/adra.be\/wp-content\/uploads\/2023\/05\/7-Burundi-2-1-1024x768.jpg 1024w, https:\/\/adra.be\/wp-content\/uploads\/2023\/05\/7-Burundi-2-1-768x576.jpg 768w, https:\/\/adra.be\/wp-content\/uploads\/2023\/05\/7-Burundi-2-1-16x12.jpg 16w, https:\/\/adra.be\/wp-content\/uploads\/2023\/05\/7-Burundi-2-1-1000x750.jpg 1000w\" sizes=\"(max-width: 1346px) 100vw, 1346px\" \/>\t\t\t\t\t\t\t\t\t\t\t\t\t\t\t<\/div>\n\t\t\t\t<\/div>\n\t\t\t\t<div class=\"elementor-element elementor-element-c91bc1c elementor-widget elementor-widget-image\" data-id=\"c91bc1c\" data-element_type=\"widget\" data-e-type=\"widget\" data-widget_type=\"image.default\">\n\t\t\t\t<div class=\"elementor-widget-container\">\n\t\t\t\t\t\t\t\t\t\t\t\t\t\t\t<img decoding=\"async\" src=\"https:\/\/adra.be\/wp-content\/uploads\/elementor\/thumbs\/7_Burundi4-q6niurphl67t711pfb4vuosz0wwpseqz2gsyhsjk1g.png\" title=\"7_Burundi4\" alt=\"7_Burundi4\" loading=\"lazy\" \/>\t\t\t\t\t\t\t\t\t\t\t\t\t\t\t<\/div>\n\t\t\t\t<\/div>\n\t\t\t\t\t<\/div>\n\t\t<\/div>\n\t\t\t\t<div class=\"elementor-column elementor-col-33 elementor-top-column elementor-element elementor-element-6d6347e\" data-id=\"6d6347e\" data-element_type=\"column\" data-e-type=\"column\">\n\t\t\t<div class=\"elementor-widget-wrap elementor-element-populated\">\n\t\t\t\t\t\t<div class=\"elementor-element elementor-element-521fb15 elementor-widget elementor-widget-image\" data-id=\"521fb15\" data-element_type=\"widget\" data-e-type=\"widget\" data-widget_type=\"image.default\">\n\t\t\t\t<div class=\"elementor-widget-container\">\n\t\t\t\t\t\t\t\t\t\t\t\t\t\t\t<img decoding=\"async\" width=\"462\" height=\"615\" src=\"https:\/\/adra.be\/wp-content\/uploads\/2023\/05\/7-Burundi-3.jpg\" class=\"attachment-large size-large wp-image-19535\" alt=\"\" srcset=\"https:\/\/adra.be\/wp-content\/uploads\/2023\/05\/7-Burundi-3.jpg 462w, https:\/\/adra.be\/wp-content\/uploads\/2023\/05\/7-Burundi-3-225x300.jpg 225w, https:\/\/adra.be\/wp-content\/uploads\/2023\/05\/7-Burundi-3-9x12.jpg 9w\" sizes=\"(max-width: 462px) 100vw, 462px\" \/>\t\t\t\t\t\t\t\t\t\t\t\t\t\t\t<\/div>\n\t\t\t\t<\/div>\n\t\t\t\t\t<\/div>\n\t\t<\/div>\n\t\t\t\t<div class=\"elementor-column elementor-col-33 elementor-top-column elementor-element elementor-element-66d59c8\" data-id=\"66d59c8\" data-element_type=\"column\" data-e-type=\"column\">\n\t\t\t<div class=\"elementor-widget-wrap elementor-element-populated\">\n\t\t\t\t\t\t<div class=\"elementor-element elementor-element-de431ec elementor-widget elementor-widget-image\" data-id=\"de431ec\" data-element_type=\"widget\" data-e-type=\"widget\" data-widget_type=\"image.default\">\n\t\t\t\t<div class=\"elementor-widget-container\">\n\t\t\t\t\t\t\t\t\t\t\t\t\t\t\t<img loading=\"lazy\" decoding=\"async\" width=\"767\" height=\"1024\" src=\"https:\/\/adra.be\/wp-content\/uploads\/2023\/05\/7_Burundi-767x1024.png\" class=\"attachment-large size-large wp-image-19534\" alt=\"\" srcset=\"https:\/\/adra.be\/wp-content\/uploads\/2023\/05\/7_Burundi-767x1024.png 767w, https:\/\/adra.be\/wp-content\/uploads\/2023\/05\/7_Burundi-225x300.png 225w, https:\/\/adra.be\/wp-content\/uploads\/2023\/05\/7_Burundi-768x1025.png 768w, https:\/\/adra.be\/wp-content\/uploads\/2023\/05\/7_Burundi-9x12.png 9w, https:\/\/adra.be\/wp-content\/uploads\/2023\/05\/7_Burundi.png 780w\" sizes=\"(max-width: 767px) 100vw, 767px\" \/>\t\t\t\t\t\t\t\t\t\t\t\t\t\t\t<\/div>\n\t\t\t\t<\/div>\n\t\t\t\t\t<\/div>\n\t\t<\/div>\n\t\t\t\t\t<\/div>\n\t\t<\/section>\n\t\t\t\t<section class=\"elementor-section elementor-top-section elementor-element elementor-element-50337e4 elementor-section-boxed elementor-section-height-default elementor-section-height-default\" data-id=\"50337e4\" data-element_type=\"section\" data-e-type=\"section\">\n\t\t\t\t\t\t<div class=\"elementor-container elementor-column-gap-default\">\n\t\t\t\t\t<div class=\"elementor-column elementor-col-50 elementor-top-column elementor-element elementor-element-00921a0\" data-id=\"00921a0\" data-element_type=\"column\" data-e-type=\"column\">\n\t\t\t<div class=\"elementor-widget-wrap elementor-element-populated\">\n\t\t\t\t\t\t<div class=\"elementor-element elementor-element-f0933db elementor-widget elementor-widget-image\" data-id=\"f0933db\" data-element_type=\"widget\" data-e-type=\"widget\" data-widget_type=\"image.default\">\n\t\t\t\t<div class=\"elementor-widget-container\">\n\t\t\t\t\t\t\t\t\t\t\t\t\t\t\t<img loading=\"lazy\" decoding=\"async\" width=\"2560\" height=\"1707\" src=\"https:\/\/adra.be\/wp-content\/uploads\/2023\/05\/2-Sommaire-scaled.jpg\" class=\"attachment-full size-full wp-image-19536\" alt=\"\" srcset=\"https:\/\/adra.be\/wp-content\/uploads\/2023\/05\/2-Sommaire-scaled.jpg 2560w, https:\/\/adra.be\/wp-content\/uploads\/2023\/05\/2-Sommaire-300x200.jpg 300w, https:\/\/adra.be\/wp-content\/uploads\/2023\/05\/2-Sommaire-1024x683.jpg 1024w, https:\/\/adra.be\/wp-content\/uploads\/2023\/05\/2-Sommaire-768x512.jpg 768w, https:\/\/adra.be\/wp-content\/uploads\/2023\/05\/2-Sommaire-1536x1024.jpg 1536w, https:\/\/adra.be\/wp-content\/uploads\/2023\/05\/2-Sommaire-2048x1365.jpg 2048w, https:\/\/adra.be\/wp-content\/uploads\/2023\/05\/2-Sommaire-18x12.jpg 18w, https:\/\/adra.be\/wp-content\/uploads\/2023\/05\/2-Sommaire-2000x1333.jpg 2000w\" sizes=\"(max-width: 2560px) 100vw, 2560px\" \/>\t\t\t\t\t\t\t\t\t\t\t\t\t\t\t<\/div>\n\t\t\t\t<\/div>\n\t\t\t\t\t<\/div>\n\t\t<\/div>\n\t\t\t\t<div class=\"elementor-column elementor-col-50 elementor-top-column elementor-element elementor-element-623e979\" data-id=\"623e979\" data-element_type=\"column\" data-e-type=\"column\">\n\t\t\t<div class=\"elementor-widget-wrap elementor-element-populated\">\n\t\t\t\t\t\t<div class=\"elementor-element elementor-element-8ccbcba elementor-widget elementor-widget-spacer\" data-id=\"8ccbcba\" data-element_type=\"widget\" data-e-type=\"widget\" data-widget_type=\"spacer.default\">\n\t\t\t\t<div class=\"elementor-widget-container\">\n\t\t\t\t\t\t\t<div class=\"elementor-spacer\">\n\t\t\t<div class=\"elementor-spacer-inner\"><\/div>\n\t\t<\/div>\n\t\t\t\t\t\t<\/div>\n\t\t\t\t<\/div>\n\t\t\t\t<div class=\"elementor-element elementor-element-71eec2c elementor-widget__width-initial elementor-widget elementor-widget-heading\" data-id=\"71eec2c\" data-element_type=\"widget\" data-e-type=\"widget\" data-widget_type=\"heading.default\">\n\t\t\t\t<div class=\"elementor-widget-container\">\n\t\t\t\t\t<h2 class=\"elementor-heading-title elementor-size-default\">Vous voulez soutenir des projets de d\u00e9veloppement innovants et \u00e9coresponsables?<\/h2>\t\t\t\t<\/div>\n\t\t\t\t<\/div>\n\t\t\t\t<div class=\"elementor-element elementor-element-38af4b6 elementor-widget elementor-widget-spacer\" data-id=\"38af4b6\" data-element_type=\"widget\" data-e-type=\"widget\" data-widget_type=\"spacer.default\">\n\t\t\t\t<div class=\"elementor-widget-container\">\n\t\t\t\t\t\t\t<div class=\"elementor-spacer\">\n\t\t\t<div class=\"elementor-spacer-inner\"><\/div>\n\t\t<\/div>\n\t\t\t\t\t\t<\/div>\n\t\t\t\t<\/div>\n\t\t\t\t<div class=\"elementor-element elementor-element-6f1eb04 elementor-align-center elementor-widget elementor-widget-button\" data-id=\"6f1eb04\" data-element_type=\"widget\" data-e-type=\"widget\" data-widget_type=\"button.default\">\n\t\t\t\t<div class=\"elementor-widget-container\">\n\t\t\t\t\t\t\t\t\t<div class=\"elementor-button-wrapper\">\n\t\t\t\t\t<a class=\"elementor-button elementor-button-link elementor-size-md\" href=\"https:\/\/www.uningoapp.com\/basic_form?org=ADRA&#038;src=Website&#038;lang=fr\" target=\"_blank\">\n\t\t\t\t\t\t<span class=\"elementor-button-content-wrapper\">\n\t\t\t\t\t\t\t\t\t<span class=\"elementor-button-text\">Faites un don<\/span>\n\t\t\t\t\t<\/span>\n\t\t\t\t\t<\/a>\n\t\t\t\t<\/div>\n\t\t\t\t\t\t\t\t<\/div>\n\t\t\t\t<\/div>\n\t\t\t\t<div class=\"elementor-element elementor-element-32aacb9 elementor-widget elementor-widget-text-editor\" data-id=\"32aacb9\" data-element_type=\"widget\" data-e-type=\"widget\" data-widget_type=\"text-editor.default\">\n\t\t\t\t<div class=\"elementor-widget-container\">\n\t\t\t\t\t\t\t\t\t<p>Avec <b>D\u00c9VELOPPEMENT<\/b><span style=\"letter-spacing: 0px;\">\u00a0<\/span><span style=\"letter-spacing: 0px;\">en communication<\/span><\/p>\t\t\t\t\t\t\t\t<\/div>\n\t\t\t\t<\/div>\n\t\t\t\t\t<\/div>\n\t\t<\/div>\n\t\t\t\t\t<\/div>\n\t\t<\/section>\n\t\t\t\t<\/div>\n\t\t","protected":false},"excerpt":{"rendered":"<p>Renforcement des infrastructures scolaires au lyc\u00e9e Szilvasi Nous avons le plaisir d\u2019annoncer que les travaux de construction du lyc\u00e9e Szilvasi sont presque termin\u00e9s ! Le lyc\u00e9e, qui se situe dans le quartier Kanyosha, est depuis longtemps confront\u00e9 \u00e0 un manque d\u2019espace et de salles de classes. Depuis l\u2019ann\u00e9e derni\u00e8re, ADRA Belgium soutient la construction d\u2019un [&hellip;]<\/p>\n","protected":false},"author":9,"featured_media":13241,"parent":19115,"menu_order":0,"comment_status":"closed","ping_status":"closed","template":"","meta":{"_acf_changed":false,"_eb_attr":"","footnotes":""},"class_list":["post-19590","page","type-page","status-publish","has-post-thumbnail","hentry"],"acf":[],"_links":{"self":[{"href":"https:\/\/adra.be\/fr\/wp-json\/wp\/v2\/pages\/19590","targetHints":{"allow":["GET"]}}],"collection":[{"href":"https:\/\/adra.be\/fr\/wp-json\/wp\/v2\/pages"}],"about":[{"href":"https:\/\/adra.be\/fr\/wp-json\/wp\/v2\/types\/page"}],"author":[{"embeddable":true,"href":"https:\/\/adra.be\/fr\/wp-json\/wp\/v2\/users\/9"}],"replies":[{"embeddable":true,"href":"https:\/\/adra.be\/fr\/wp-json\/wp\/v2\/comments?post=19590"}],"version-history":[{"count":17,"href":"https:\/\/adra.be\/fr\/wp-json\/wp\/v2\/pages\/19590\/revisions"}],"predecessor-version":[{"id":24181,"href":"https:\/\/adra.be\/fr\/wp-json\/wp\/v2\/pages\/19590\/revisions\/24181"}],"up":[{"embeddable":true,"href":"https:\/\/adra.be\/fr\/wp-json\/wp\/v2\/pages\/19115"}],"wp:featuredmedia":[{"embeddable":true,"href":"https:\/\/adra.be\/fr\/wp-json\/wp\/v2\/media\/13241"}],"wp:attachment":[{"href":"https:\/\/adra.be\/fr\/wp-json\/wp\/v2\/media?parent=19590"}],"curies":[{"name":"wp","href":"https:\/\/api.w.org\/{rel}","templated":true}]}}