{"id":19595,"date":"2023-05-19T15:16:27","date_gmt":"2023-05-19T15:16:27","guid":{"rendered":"https:\/\/adra.be\/?page_id=19595"},"modified":"2024-11-13T12:41:16","modified_gmt":"2024-11-13T12:41:16","slug":"mauritanie","status":"publish","type":"page","link":"https:\/\/adra.be\/fr\/votre-impact\/dans-le-monde\/projets-de-developpement\/dev_2020\/mauritanie\/","title":{"rendered":"Mauritanie_2020_houses.1"},"content":{"rendered":"\t\t<div data-elementor-type=\"wp-page\" data-elementor-id=\"19595\" class=\"elementor elementor-19595\" data-elementor-post-type=\"page\">\n\t\t\t\t\t\t<section class=\"elementor-section elementor-top-section elementor-element elementor-element-6da4e52 elementor-section-boxed elementor-section-height-default elementor-section-height-default\" data-id=\"6da4e52\" data-element_type=\"section\" data-e-type=\"section\" data-settings=\"{&quot;background_background&quot;:&quot;classic&quot;}\">\n\t\t\t\t\t\t<div class=\"elementor-container elementor-column-gap-default\">\n\t\t\t\t\t<div class=\"elementor-column elementor-col-50 elementor-top-column elementor-element elementor-element-395ff5f\" data-id=\"395ff5f\" data-element_type=\"column\" data-e-type=\"column\">\n\t\t\t<div class=\"elementor-widget-wrap elementor-element-populated\">\n\t\t\t\t\t\t<div class=\"elementor-element elementor-element-10369e7 elementor-widget elementor-widget-spacer\" data-id=\"10369e7\" data-element_type=\"widget\" data-e-type=\"widget\" data-widget_type=\"spacer.default\">\n\t\t\t\t<div class=\"elementor-widget-container\">\n\t\t\t\t\t\t\t<div class=\"elementor-spacer\">\n\t\t\t<div class=\"elementor-spacer-inner\"><\/div>\n\t\t<\/div>\n\t\t\t\t\t\t<\/div>\n\t\t\t\t<\/div>\n\t\t\t\t<div class=\"elementor-element elementor-element-addf8dc elementor-widget elementor-widget-heading\" data-id=\"addf8dc\" data-element_type=\"widget\" data-e-type=\"widget\" data-widget_type=\"heading.default\">\n\t\t\t\t<div class=\"elementor-widget-container\">\n\t\t\t\t\t<h2 class=\"elementor-heading-title elementor-size-default\">des logements d\u00e9cents<\/h2>\t\t\t\t<\/div>\n\t\t\t\t<\/div>\n\t\t\t\t<div class=\"elementor-element elementor-element-4492d52 elementor-widget elementor-widget-heading\" data-id=\"4492d52\" data-element_type=\"widget\" data-e-type=\"widget\" data-widget_type=\"heading.default\">\n\t\t\t\t<div class=\"elementor-widget-container\">\n\t\t\t\t\t<h2 class=\"elementor-heading-title elementor-size-default\">pour des personnes touch\u00e9es par la l\u00e8pre<\/h2>\t\t\t\t<\/div>\n\t\t\t\t<\/div>\n\t\t\t\t<div class=\"elementor-element elementor-element-5d76727 elementor-widget elementor-widget-image\" data-id=\"5d76727\" data-element_type=\"widget\" data-e-type=\"widget\" data-widget_type=\"image.default\">\n\t\t\t\t<div class=\"elementor-widget-container\">\n\t\t\t\t\t\t\t\t\t\t\t\t\t\t\t<img decoding=\"async\" src=\"https:\/\/adra.be\/wp-content\/uploads\/elementor\/thumbs\/11-ADRA_Mauritania_2019-3087-1-q6ozxtct53orhphq17v1frso83v9i7vlttactllpok.png\" title=\"11 &#8211; ADRA_Mauritania_2019-3087\" alt=\"11 - ADRA_Mauritania_2019-3087\" loading=\"lazy\" \/>\t\t\t\t\t\t\t\t\t\t\t\t\t\t\t<\/div>\n\t\t\t\t<\/div>\n\t\t\t\t<div class=\"elementor-element elementor-element-6fb095a elementor-widget elementor-widget-spacer\" data-id=\"6fb095a\" data-element_type=\"widget\" data-e-type=\"widget\" data-widget_type=\"spacer.default\">\n\t\t\t\t<div class=\"elementor-widget-container\">\n\t\t\t\t\t\t\t<div class=\"elementor-spacer\">\n\t\t\t<div class=\"elementor-spacer-inner\"><\/div>\n\t\t<\/div>\n\t\t\t\t\t\t<\/div>\n\t\t\t\t<\/div>\n\t\t\t\t\t<\/div>\n\t\t<\/div>\n\t\t\t\t<div class=\"elementor-column elementor-col-50 elementor-top-column elementor-element elementor-element-321b056\" data-id=\"321b056\" data-element_type=\"column\" data-e-type=\"column\">\n\t\t\t<div class=\"elementor-widget-wrap elementor-element-populated\">\n\t\t\t\t\t\t<div class=\"elementor-element elementor-element-f02f78e elementor-widget elementor-widget-spacer\" data-id=\"f02f78e\" data-element_type=\"widget\" data-e-type=\"widget\" data-widget_type=\"spacer.default\">\n\t\t\t\t<div class=\"elementor-widget-container\">\n\t\t\t\t\t\t\t<div class=\"elementor-spacer\">\n\t\t\t<div class=\"elementor-spacer-inner\"><\/div>\n\t\t<\/div>\n\t\t\t\t\t\t<\/div>\n\t\t\t\t<\/div>\n\t\t\t\t<div class=\"elementor-element elementor-element-0397582 elementor-widget elementor-widget-image\" data-id=\"0397582\" data-element_type=\"widget\" data-e-type=\"widget\" data-widget_type=\"image.default\">\n\t\t\t\t<div class=\"elementor-widget-container\">\n\t\t\t\t\t\t\t\t\t\t\t\t\t\t\t<img decoding=\"async\" src=\"https:\/\/adra.be\/wp-content\/uploads\/elementor\/thumbs\/2021_StickyNote_Mauri-q6p049ixf95i9kq6u7581tgd7avijcttat4dc5ut28.png\" title=\"2021_StickyNote_Mauri\" alt=\"2021_StickyNote_Mauri\" loading=\"lazy\" \/>\t\t\t\t\t\t\t\t\t\t\t\t\t\t\t<\/div>\n\t\t\t\t<\/div>\n\t\t\t\t<div class=\"elementor-element elementor-element-56094f4 elementor-widget elementor-widget-spacer\" data-id=\"56094f4\" data-element_type=\"widget\" data-e-type=\"widget\" data-widget_type=\"spacer.default\">\n\t\t\t\t<div class=\"elementor-widget-container\">\n\t\t\t\t\t\t\t<div class=\"elementor-spacer\">\n\t\t\t<div class=\"elementor-spacer-inner\"><\/div>\n\t\t<\/div>\n\t\t\t\t\t\t<\/div>\n\t\t\t\t<\/div>\n\t\t\t\t\t<\/div>\n\t\t<\/div>\n\t\t\t\t\t<\/div>\n\t\t<\/section>\n\t\t\t\t<section class=\"elementor-section elementor-top-section elementor-element elementor-element-7a84dc0 elementor-section-boxed elementor-section-height-default elementor-section-height-default\" data-id=\"7a84dc0\" data-element_type=\"section\" data-e-type=\"section\">\n\t\t\t\t\t\t<div class=\"elementor-container elementor-column-gap-default\">\n\t\t\t\t\t<div class=\"elementor-column elementor-col-100 elementor-top-column elementor-element elementor-element-7b87750\" data-id=\"7b87750\" data-element_type=\"column\" data-e-type=\"column\">\n\t\t\t<div class=\"elementor-widget-wrap elementor-element-populated\">\n\t\t\t\t\t\t<div class=\"elementor-element elementor-element-789d510 elementor-widget elementor-widget-text-editor\" data-id=\"789d510\" data-element_type=\"widget\" data-e-type=\"widget\" data-widget_type=\"text-editor.default\">\n\t\t\t\t<div class=\"elementor-widget-container\">\n\t\t\t\t\t\t\t\t\t<p>Depuis 2018, ADRA soutient le projet <strong>\u00ab EL EMEL \u00bb <\/strong>en collaboration avec l\u2019association locale AMSPHL (Association Mauritanienne de Soutien aux Personnes Handicap\u00e9es par la L\u00e8pre), visant \u00e0 cr\u00e9er des <strong>habitations salubres <\/strong>pour les personnes malades ou mutil\u00e9es par la l\u00e8pre en recyclant des <strong>bouteilles en plastique usag\u00e9es. <\/strong>La technique utilis\u00e9e est simple : utiliser les mati\u00e8res premi\u00e8res les plus pr\u00e9sentes en Mauritanie (le sable et les bouteilles en plastique usag\u00e9es) pour construire les murs des habitations. Chaque maison dispose \u00e9galement de fen\u00eatres, de portes et de sanitaires.<\/p><p><strong>\u00c0 l\u2019heure des d\u00e9fis environnementaux, ce projet pr\u00e9sente de nombreux avantages : contribution \u00e0 l\u2019am\u00e9lioration des conditions humaines et sanitaires d\u2019une population marginalis\u00e9e, respect de l\u2019environnement, utilisation de mat\u00e9riaux recycl\u00e9s peu co\u00fbteux, etc.<\/strong><\/p>\t\t\t\t\t\t\t\t<\/div>\n\t\t\t\t<\/div>\n\t\t\t\t\t<\/div>\n\t\t<\/div>\n\t\t\t\t\t<\/div>\n\t\t<\/section>\n\t\t\t\t<section class=\"elementor-section elementor-top-section elementor-element elementor-element-6f147bd elementor-section-boxed elementor-section-height-default elementor-section-height-default\" data-id=\"6f147bd\" data-element_type=\"section\" data-e-type=\"section\">\n\t\t\t\t\t\t<div class=\"elementor-container elementor-column-gap-default\">\n\t\t\t\t\t<div class=\"elementor-column elementor-col-50 elementor-top-column elementor-element elementor-element-4d372e9\" data-id=\"4d372e9\" data-element_type=\"column\" data-e-type=\"column\" data-settings=\"{&quot;background_background&quot;:&quot;classic&quot;}\">\n\t\t\t<div class=\"elementor-widget-wrap elementor-element-populated\">\n\t\t\t\t\t\t<div class=\"elementor-element elementor-element-2b32875 elementor-widget elementor-widget-image\" data-id=\"2b32875\" data-element_type=\"widget\" data-e-type=\"widget\" data-widget_type=\"image.default\">\n\t\t\t\t<div class=\"elementor-widget-container\">\n\t\t\t\t\t\t\t\t\t\t\t\t\t\t\t<img decoding=\"async\" src=\"https:\/\/adra.be\/wp-content\/uploads\/elementor\/thumbs\/9-ADRA_Mauritania_2019-8160-1-q6p7kp9pmo602f8o7l4b8e41ojrr5idx00qnwxsad0.png\" title=\"9- ADRA_Mauritania_2019-8160\" alt=\"9- ADRA_Mauritania_2019-8160\" loading=\"lazy\" \/>\t\t\t\t\t\t\t\t\t\t\t\t\t\t\t<\/div>\n\t\t\t\t<\/div>\n\t\t\t\t<div class=\"elementor-element elementor-element-51ac788 elementor-widget elementor-widget-spacer\" data-id=\"51ac788\" data-element_type=\"widget\" data-e-type=\"widget\" data-widget_type=\"spacer.default\">\n\t\t\t\t<div class=\"elementor-widget-container\">\n\t\t\t\t\t\t\t<div class=\"elementor-spacer\">\n\t\t\t<div class=\"elementor-spacer-inner\"><\/div>\n\t\t<\/div>\n\t\t\t\t\t\t<\/div>\n\t\t\t\t<\/div>\n\t\t\t\t\t<\/div>\n\t\t<\/div>\n\t\t\t\t<div class=\"elementor-column elementor-col-50 elementor-top-column elementor-element elementor-element-3b90653\" data-id=\"3b90653\" data-element_type=\"column\" data-e-type=\"column\">\n\t\t\t<div class=\"elementor-widget-wrap elementor-element-populated\">\n\t\t\t\t\t\t<div class=\"elementor-element elementor-element-4d6d7cc elementor-widget__width-initial elementor-widget elementor-widget-image\" data-id=\"4d6d7cc\" data-element_type=\"widget\" data-e-type=\"widget\" data-widget_type=\"image.default\">\n\t\t\t\t<div class=\"elementor-widget-container\">\n\t\t\t\t\t\t\t\t\t\t\t\t\t\t\t<img decoding=\"async\" src=\"https:\/\/adra.be\/wp-content\/uploads\/elementor\/thumbs\/10-ADRA_Mauritania_2019-7819-2-q6p7k1rqvt9pwupy5l85amvir5aqjwee23byifg4vg.jpg\" title=\"10- ADRA_Mauritania_2019-7819\" alt=\"10- ADRA_Mauritania_2019-7819\" loading=\"lazy\" \/>\t\t\t\t\t\t\t\t\t\t\t\t\t\t\t<\/div>\n\t\t\t\t<\/div>\n\t\t\t\t<div class=\"elementor-element elementor-element-6547c38 elementor-widget elementor-widget-spacer\" data-id=\"6547c38\" data-element_type=\"widget\" data-e-type=\"widget\" data-widget_type=\"spacer.default\">\n\t\t\t\t<div class=\"elementor-widget-container\">\n\t\t\t\t\t\t\t<div class=\"elementor-spacer\">\n\t\t\t<div class=\"elementor-spacer-inner\"><\/div>\n\t\t<\/div>\n\t\t\t\t\t\t<\/div>\n\t\t\t\t<\/div>\n\t\t\t\t\t<\/div>\n\t\t<\/div>\n\t\t\t\t\t<\/div>\n\t\t<\/section>\n\t\t\t\t<section class=\"elementor-section elementor-top-section elementor-element elementor-element-37dc903 elementor-section-boxed elementor-section-height-default elementor-section-height-default\" data-id=\"37dc903\" data-element_type=\"section\" data-e-type=\"section\">\n\t\t\t\t\t\t<div class=\"elementor-container elementor-column-gap-default\">\n\t\t\t\t\t<div class=\"elementor-column elementor-col-100 elementor-top-column elementor-element elementor-element-3cc1a65\" data-id=\"3cc1a65\" data-element_type=\"column\" data-e-type=\"column\">\n\t\t\t<div class=\"elementor-widget-wrap elementor-element-populated\">\n\t\t\t\t\t\t<div class=\"elementor-element elementor-element-f7cd54d elementor-widget__width-initial adra-border-radius elementor-widget-mobile__width-initial elementor-widget elementor-widget-heading\" data-id=\"f7cd54d\" data-element_type=\"widget\" data-e-type=\"widget\" data-widget_type=\"heading.default\">\n\t\t\t\t<div class=\"elementor-widget-container\">\n\t\t\t\t\t<h3 class=\"elementor-heading-title elementor-size-default\">2020, l\u2019\u00e9ducation au centre de nos pr\u00e9occupations: construction d\u2019un centre multi-services<\/h3>\t\t\t\t<\/div>\n\t\t\t\t<\/div>\n\t\t\t\t<div class=\"elementor-element elementor-element-f982cd2 elementor-widget elementor-widget-spacer\" data-id=\"f982cd2\" data-element_type=\"widget\" data-e-type=\"widget\" data-widget_type=\"spacer.default\">\n\t\t\t\t<div class=\"elementor-widget-container\">\n\t\t\t\t\t\t\t<div class=\"elementor-spacer\">\n\t\t\t<div class=\"elementor-spacer-inner\"><\/div>\n\t\t<\/div>\n\t\t\t\t\t\t<\/div>\n\t\t\t\t<\/div>\n\t\t\t\t\t<\/div>\n\t\t<\/div>\n\t\t\t\t\t<\/div>\n\t\t<\/section>\n\t\t\t\t<section class=\"elementor-section elementor-top-section elementor-element elementor-element-5a086a1 elementor-section-boxed elementor-section-height-default elementor-section-height-default\" data-id=\"5a086a1\" data-element_type=\"section\" data-e-type=\"section\">\n\t\t\t\t\t\t<div class=\"elementor-container elementor-column-gap-default\">\n\t\t\t\t\t<div class=\"elementor-column elementor-col-33 elementor-top-column elementor-element elementor-element-73e4026\" data-id=\"73e4026\" data-element_type=\"column\" data-e-type=\"column\">\n\t\t\t<div class=\"elementor-widget-wrap elementor-element-populated\">\n\t\t\t\t\t\t<div class=\"elementor-element elementor-element-73ff8a1 elementor-widget elementor-widget-text-editor\" data-id=\"73ff8a1\" data-element_type=\"widget\" data-e-type=\"widget\" data-widget_type=\"text-editor.default\">\n\t\t\t\t<div class=\"elementor-widget-container\">\n\t\t\t\t\t\t\t\t\t<p>En 2020, ADRA Belgique a particip\u00e9 \u00e0 la construction d\u2019un centre multi-services d\u2019apprentissage pour les jeunes sans emploi dans la commune d\u2019El Mina, situ\u00e9e \u00e0 Nouakchott (capitale) en partenariat avec de nombreux acteurs de terrain.\u00a0<\/p><p>La pauvret\u00e9 en Mauritanie est souvent li\u00e9e \u00e0 la question de l\u2019\u00e9ducation, de sa qualit\u00e9 et de son acc\u00e8s. Manque de moyens, classes surpeupl\u00e9es, professeurs sous-pay\u00e9s, etc. am\u00e8nent de nombreux jeunes \u00e0 quitter l\u2019\u00e9cole sans ma\u00eetriser la lecture et l\u2019\u00e9criture de l\u2019une des deux langues nationales (fran\u00e7ais ou arabe).<\/p>\t\t\t\t\t\t\t\t<\/div>\n\t\t\t\t<\/div>\n\t\t\t\t\t<\/div>\n\t\t<\/div>\n\t\t\t\t<div class=\"elementor-column elementor-col-33 elementor-top-column elementor-element elementor-element-7036cb3\" data-id=\"7036cb3\" data-element_type=\"column\" data-e-type=\"column\">\n\t\t\t<div class=\"elementor-widget-wrap elementor-element-populated\">\n\t\t\t\t\t\t<div class=\"elementor-element elementor-element-33fbf41 elementor-widget elementor-widget-text-editor\" data-id=\"33fbf41\" data-element_type=\"widget\" data-e-type=\"widget\" data-widget_type=\"text-editor.default\">\n\t\t\t\t<div class=\"elementor-widget-container\">\n\t\t\t\t\t\t\t\t\t<p>Cette m\u00e9connaissance, ainsi que d\u2019autres lacunes scolaires, sont autant de freins dans la recherche d\u2019un emploi.<\/p><p>Ce centre cible ces jeunes en particulier afin de leur fournir une formation aux langues nationales, \u00e0 l\u2019anglais et \u00e0 l\u2019informatique, am\u00e9liorant ainsi leurs chances sur le march\u00e9 de l\u2019emploi. Outre l\u2019aspect \u00e9ducatif, le centre contribue \u00e9galement \u00e0 l\u2019am\u00e9lioration des conditions sanitaires et \u00e9conomiques d\u2019une population fortement marginalis\u00e9e gr\u00e2ce \u00e0 l\u2019incorporation d\u2019une clinique de premiers soins, d\u2019une librairie et d\u2019une caf\u00e9t\u00e9ria pour les \u00e9tudiants.<\/p>\t\t\t\t\t\t\t\t<\/div>\n\t\t\t\t<\/div>\n\t\t\t\t\t<\/div>\n\t\t<\/div>\n\t\t\t\t<div class=\"elementor-column elementor-col-33 elementor-top-column elementor-element elementor-element-15fc808\" data-id=\"15fc808\" data-element_type=\"column\" data-e-type=\"column\">\n\t\t\t<div class=\"elementor-widget-wrap elementor-element-populated\">\n\t\t\t\t\t\t<div class=\"elementor-element elementor-element-15d8280 elementor-widget elementor-widget-text-editor\" data-id=\"15d8280\" data-element_type=\"widget\" data-e-type=\"widget\" data-widget_type=\"text-editor.default\">\n\t\t\t\t<div class=\"elementor-widget-container\">\n\t\t\t\t\t\t\t\t\t<p>Le centre d\u2019apprentissage est construit en utilisant <strong>la m\u00eame technique de recyclage de bouteilles en plastique <\/strong>et b\u00e9n\u00e9ficiera, en plus, de panneaux solaires et d\u2019un syst\u00e8me de filtration d\u2019eau. Ce centre a \u00e9galement pour objectif de <strong>soutenir et de promouvoir le d\u00e9veloppement durable <\/strong>(\u00e9ducatif, \u00e9conomique, \u00e9cologique, etc.) pour l\u2019ensemble de la communaut\u00e9 et se veut \u00eatre un <strong>lieu d\u2019accueil et d\u2019opportunit\u00e9s pour tous les habitants d\u2019El Mina.<\/strong><\/p>\t\t\t\t\t\t\t\t<\/div>\n\t\t\t\t<\/div>\n\t\t\t\t\t<\/div>\n\t\t<\/div>\n\t\t\t\t\t<\/div>\n\t\t<\/section>\n\t\t\t\t<section class=\"elementor-section elementor-top-section elementor-element elementor-element-2dcb27f elementor-section-boxed elementor-section-height-default elementor-section-height-default\" data-id=\"2dcb27f\" data-element_type=\"section\" data-e-type=\"section\">\n\t\t\t\t\t\t<div class=\"elementor-container elementor-column-gap-default\">\n\t\t\t\t\t<div class=\"elementor-column elementor-col-100 elementor-top-column elementor-element elementor-element-b690f47\" data-id=\"b690f47\" data-element_type=\"column\" data-e-type=\"column\">\n\t\t\t<div class=\"elementor-widget-wrap elementor-element-populated\">\n\t\t\t\t\t\t<div class=\"elementor-element elementor-element-3044e9c elementor-widget__width-initial adra-border-radius elementor-widget-mobile__width-initial elementor-widget elementor-widget-heading\" data-id=\"3044e9c\" data-element_type=\"widget\" data-e-type=\"widget\" data-widget_type=\"heading.default\">\n\t\t\t\t<div class=\"elementor-widget-container\">\n\t\t\t\t\t<h3 class=\"elementor-heading-title elementor-size-default\">Nous vous pr\u00e9sentons Fatimatou<\/h3>\t\t\t\t<\/div>\n\t\t\t\t<\/div>\n\t\t\t\t<div class=\"elementor-element elementor-element-666d979 elementor-widget elementor-widget-spacer\" data-id=\"666d979\" data-element_type=\"widget\" data-e-type=\"widget\" data-widget_type=\"spacer.default\">\n\t\t\t\t<div class=\"elementor-widget-container\">\n\t\t\t\t\t\t\t<div class=\"elementor-spacer\">\n\t\t\t<div class=\"elementor-spacer-inner\"><\/div>\n\t\t<\/div>\n\t\t\t\t\t\t<\/div>\n\t\t\t\t<\/div>\n\t\t\t\t\t<\/div>\n\t\t<\/div>\n\t\t\t\t\t<\/div>\n\t\t<\/section>\n\t\t\t\t<section class=\"elementor-section elementor-top-section elementor-element elementor-element-35b78f45 elementor-section-boxed elementor-section-height-default elementor-section-height-default\" data-id=\"35b78f45\" data-element_type=\"section\" data-e-type=\"section\" data-settings=\"{&quot;background_background&quot;:&quot;classic&quot;}\">\n\t\t\t\t\t\t<div class=\"elementor-container elementor-column-gap-default\">\n\t\t\t\t\t<div class=\"elementor-column elementor-col-100 elementor-top-column elementor-element elementor-element-2f0d125f\" data-id=\"2f0d125f\" data-element_type=\"column\" data-e-type=\"column\">\n\t\t\t<div class=\"elementor-widget-wrap elementor-element-populated\">\n\t\t\t\t\t\t<div class=\"elementor-element elementor-element-fdde2ed elementor-widget elementor-widget-spacer\" data-id=\"fdde2ed\" data-element_type=\"widget\" data-e-type=\"widget\" data-widget_type=\"spacer.default\">\n\t\t\t\t<div class=\"elementor-widget-container\">\n\t\t\t\t\t\t\t<div class=\"elementor-spacer\">\n\t\t\t<div class=\"elementor-spacer-inner\"><\/div>\n\t\t<\/div>\n\t\t\t\t\t\t<\/div>\n\t\t\t\t<\/div>\n\t\t\t\t<div class=\"elementor-element elementor-element-54633e34 elementor-widget__width-initial elementor-widget elementor-widget-testimonial\" data-id=\"54633e34\" data-element_type=\"widget\" data-e-type=\"widget\" data-widget_type=\"testimonial.default\">\n\t\t\t\t<div class=\"elementor-widget-container\">\n\t\t\t\t\t\t\t<div class=\"elementor-testimonial-wrapper\">\n\t\t\t\t\t\t\t<div class=\"elementor-testimonial-content\"><i> \u00ab Pour pouvoir joindre les deux bouts, nous les femmes de la coop\u00e9rative, vendons des mulafas (robes amples traditionnelles berb\u00e8res, souvent brod\u00e9es)  avant des \u00e9v\u00e9nements importants, lorsqu\u2019on est certaines qu\u2019elles se vendront. Je suis reconnaissante envers ADRA de nous avoir donn\u00e9 un b\u00e2timent solide et durable sur une route tr\u00e8s fr\u00e9quent\u00e9e. Mon r\u00eave est que nous ayons un jour un programme d\u2019alphab\u00e9tisation et d\u2019apprentissage du calcul pour les femmes de la coop\u00e9rative qui ne savent ni lire, ni \u00e9crire. \u00bb<\/i><\/div>\n\t\t\t\n\t\t\t\t\t\t<div class=\"elementor-testimonial-meta elementor-has-image elementor-testimonial-image-position-aside\">\n\t\t\t\t<div class=\"elementor-testimonial-meta-inner\">\n\t\t\t\t\t\t\t\t\t\t\t<div class=\"elementor-testimonial-image\">\n\t\t\t\t\t\t\t<img fetchpriority=\"high\" decoding=\"async\" width=\"1972\" height=\"1315\" src=\"https:\/\/adra.be\/wp-content\/uploads\/2023\/05\/10-Mauritania-Fatimatou-IMG_3884-002.png\" class=\"attachment-full size-full wp-image-19599\" alt=\"\" srcset=\"https:\/\/adra.be\/wp-content\/uploads\/2023\/05\/10-Mauritania-Fatimatou-IMG_3884-002.png 1972w, https:\/\/adra.be\/wp-content\/uploads\/2023\/05\/10-Mauritania-Fatimatou-IMG_3884-002-300x200.png 300w, https:\/\/adra.be\/wp-content\/uploads\/2023\/05\/10-Mauritania-Fatimatou-IMG_3884-002-1024x683.png 1024w, https:\/\/adra.be\/wp-content\/uploads\/2023\/05\/10-Mauritania-Fatimatou-IMG_3884-002-768x512.png 768w, https:\/\/adra.be\/wp-content\/uploads\/2023\/05\/10-Mauritania-Fatimatou-IMG_3884-002-1536x1024.png 1536w, https:\/\/adra.be\/wp-content\/uploads\/2023\/05\/10-Mauritania-Fatimatou-IMG_3884-002-18x12.png 18w\" sizes=\"(max-width: 1972px) 100vw, 1972px\" \/>\t\t\t\t\t\t<\/div>\n\t\t\t\t\t\n\t\t\t\t\t\t\t\t\t\t<div class=\"elementor-testimonial-details\">\n\t\t\t\t\t\t\t\t\t\t\t\t\t\t<div class=\"elementor-testimonial-name\">Fatimatou<\/div>\n\t\t\t\t\t\t\t\t\t\t\t\t\t\t\t\t\t\t\t\t\t\t<div class=\"elementor-testimonial-job\">70 ans<\/div>\n\t\t\t\t\t\t\t\t\t\t\t\t\t<\/div>\n\t\t\t\t\t\t\t\t\t<\/div>\n\t\t\t<\/div>\n\t\t\t\t\t<\/div>\n\t\t\t\t\t\t<\/div>\n\t\t\t\t<\/div>\n\t\t\t\t<div class=\"elementor-element elementor-element-6280a04 elementor-widget elementor-widget-spacer\" data-id=\"6280a04\" data-element_type=\"widget\" data-e-type=\"widget\" data-widget_type=\"spacer.default\">\n\t\t\t\t<div class=\"elementor-widget-container\">\n\t\t\t\t\t\t\t<div class=\"elementor-spacer\">\n\t\t\t<div class=\"elementor-spacer-inner\"><\/div>\n\t\t<\/div>\n\t\t\t\t\t\t<\/div>\n\t\t\t\t<\/div>\n\t\t\t\t\t<\/div>\n\t\t<\/div>\n\t\t\t\t\t<\/div>\n\t\t<\/section>\n\t\t\t\t<\/div>\n\t\t","protected":false},"excerpt":{"rendered":"<p>des logements d\u00e9cents pour des personnes touch\u00e9es par la l\u00e8pre Depuis 2018, ADRA soutient le projet \u00ab EL EMEL \u00bb en collaboration avec l\u2019association locale AMSPHL (Association Mauritanienne de Soutien aux Personnes Handicap\u00e9es par la L\u00e8pre), visant \u00e0 cr\u00e9er des habitations salubres pour les personnes malades ou mutil\u00e9es par la l\u00e8pre en recyclant des bouteilles [&hellip;]<\/p>\n","protected":false},"author":9,"featured_media":13241,"parent":19115,"menu_order":0,"comment_status":"closed","ping_status":"closed","template":"","meta":{"_acf_changed":false,"_eb_attr":"","footnotes":""},"class_list":["post-19595","page","type-page","status-publish","has-post-thumbnail","hentry"],"acf":[],"_links":{"self":[{"href":"https:\/\/adra.be\/fr\/wp-json\/wp\/v2\/pages\/19595","targetHints":{"allow":["GET"]}}],"collection":[{"href":"https:\/\/adra.be\/fr\/wp-json\/wp\/v2\/pages"}],"about":[{"href":"https:\/\/adra.be\/fr\/wp-json\/wp\/v2\/types\/page"}],"author":[{"embeddable":true,"href":"https:\/\/adra.be\/fr\/wp-json\/wp\/v2\/users\/9"}],"replies":[{"embeddable":true,"href":"https:\/\/adra.be\/fr\/wp-json\/wp\/v2\/comments?post=19595"}],"version-history":[{"count":18,"href":"https:\/\/adra.be\/fr\/wp-json\/wp\/v2\/pages\/19595\/revisions"}],"predecessor-version":[{"id":24184,"href":"https:\/\/adra.be\/fr\/wp-json\/wp\/v2\/pages\/19595\/revisions\/24184"}],"up":[{"embeddable":true,"href":"https:\/\/adra.be\/fr\/wp-json\/wp\/v2\/pages\/19115"}],"wp:featuredmedia":[{"embeddable":true,"href":"https:\/\/adra.be\/fr\/wp-json\/wp\/v2\/media\/13241"}],"wp:attachment":[{"href":"https:\/\/adra.be\/fr\/wp-json\/wp\/v2\/media?parent=19595"}],"curies":[{"name":"wp","href":"https:\/\/api.w.org\/{rel}","templated":true}]}}