{"id":19607,"date":"2023-05-19T15:42:09","date_gmt":"2023-05-19T15:42:09","guid":{"rendered":"https:\/\/adra.be\/?page_id=19607"},"modified":"2024-11-13T12:41:34","modified_gmt":"2024-11-13T12:41:34","slug":"rdc","status":"publish","type":"page","link":"https:\/\/adra.be\/fr\/votre-impact\/dans-le-monde\/projets-de-developpement\/dev_2020\/rdc\/","title":{"rendered":"RDC_2020_biblioGoma"},"content":{"rendered":"\t\t<div data-elementor-type=\"wp-page\" data-elementor-id=\"19607\" class=\"elementor elementor-19607\" data-elementor-post-type=\"page\">\n\t\t\t\t\t\t<section class=\"elementor-section elementor-top-section elementor-element elementor-element-2857428e elementor-section-boxed elementor-section-height-default elementor-section-height-default\" data-id=\"2857428e\" data-element_type=\"section\" data-e-type=\"section\" data-settings=\"{&quot;background_background&quot;:&quot;classic&quot;}\">\n\t\t\t\t\t\t<div class=\"elementor-container elementor-column-gap-default\">\n\t\t\t\t\t<div class=\"elementor-column elementor-col-50 elementor-top-column elementor-element elementor-element-6c24377d\" data-id=\"6c24377d\" data-element_type=\"column\" data-e-type=\"column\">\n\t\t\t<div class=\"elementor-widget-wrap elementor-element-populated\">\n\t\t\t\t\t\t<div class=\"elementor-element elementor-element-121a423 elementor-widget elementor-widget-spacer\" data-id=\"121a423\" data-element_type=\"widget\" data-e-type=\"widget\" data-widget_type=\"spacer.default\">\n\t\t\t\t<div class=\"elementor-widget-container\">\n\t\t\t\t\t\t\t<div class=\"elementor-spacer\">\n\t\t\t<div class=\"elementor-spacer-inner\"><\/div>\n\t\t<\/div>\n\t\t\t\t\t\t<\/div>\n\t\t\t\t<\/div>\n\t\t\t\t<div class=\"elementor-element elementor-element-388a501c elementor-widget elementor-widget-heading\" data-id=\"388a501c\" data-element_type=\"widget\" data-e-type=\"widget\" data-widget_type=\"heading.default\">\n\t\t\t\t<div class=\"elementor-widget-container\">\n\t\t\t\t\t<h2 class=\"elementor-heading-title elementor-size-default\">ouverture d'une biblioth\u00e8que<\/h2>\t\t\t\t<\/div>\n\t\t\t\t<\/div>\n\t\t\t\t<div class=\"elementor-element elementor-element-ff68fab elementor-widget elementor-widget-heading\" data-id=\"ff68fab\" data-element_type=\"widget\" data-e-type=\"widget\" data-widget_type=\"heading.default\">\n\t\t\t\t<div class=\"elementor-widget-container\">\n\t\t\t\t\t<h2 class=\"elementor-heading-title elementor-size-default\">\u00e0 goma<\/h2>\t\t\t\t<\/div>\n\t\t\t\t<\/div>\n\t\t\t\t\t<\/div>\n\t\t<\/div>\n\t\t\t\t<div class=\"elementor-column elementor-col-50 elementor-top-column elementor-element elementor-element-32f9e2e9\" data-id=\"32f9e2e9\" data-element_type=\"column\" data-e-type=\"column\">\n\t\t\t<div class=\"elementor-widget-wrap elementor-element-populated\">\n\t\t\t\t\t\t<div class=\"elementor-element elementor-element-ee94a3f elementor-widget elementor-widget-image\" data-id=\"ee94a3f\" data-element_type=\"widget\" data-e-type=\"widget\" data-widget_type=\"image.default\">\n\t\t\t\t<div class=\"elementor-widget-container\">\n\t\t\t\t\t\t\t\t\t\t\t\t\t\t\t<img fetchpriority=\"high\" decoding=\"async\" width=\"1179\" height=\"921\" src=\"https:\/\/adra.be\/wp-content\/uploads\/2023\/05\/StickyNote_Congo.png\" class=\"attachment-full size-full wp-image-19609\" alt=\"\" srcset=\"https:\/\/adra.be\/wp-content\/uploads\/2023\/05\/StickyNote_Congo.png 1179w, https:\/\/adra.be\/wp-content\/uploads\/2023\/05\/StickyNote_Congo-300x234.png 300w, https:\/\/adra.be\/wp-content\/uploads\/2023\/05\/StickyNote_Congo-1024x800.png 1024w, https:\/\/adra.be\/wp-content\/uploads\/2023\/05\/StickyNote_Congo-768x600.png 768w, https:\/\/adra.be\/wp-content\/uploads\/2023\/05\/StickyNote_Congo-15x12.png 15w\" sizes=\"(max-width: 1179px) 100vw, 1179px\" \/>\t\t\t\t\t\t\t\t\t\t\t\t\t\t\t<\/div>\n\t\t\t\t<\/div>\n\t\t\t\t\t<\/div>\n\t\t<\/div>\n\t\t\t\t\t<\/div>\n\t\t<\/section>\n\t\t\t\t<section class=\"elementor-section elementor-top-section elementor-element elementor-element-26f81f6 elementor-section-boxed elementor-section-height-default elementor-section-height-default\" data-id=\"26f81f6\" data-element_type=\"section\" data-e-type=\"section\">\n\t\t\t\t\t\t<div class=\"elementor-container elementor-column-gap-default\">\n\t\t\t\t\t<div class=\"elementor-column elementor-col-100 elementor-top-column elementor-element elementor-element-95c7f33\" data-id=\"95c7f33\" data-element_type=\"column\" data-e-type=\"column\">\n\t\t\t<div class=\"elementor-widget-wrap elementor-element-populated\">\n\t\t\t\t\t\t<section class=\"elementor-section elementor-inner-section elementor-element elementor-element-42dcccb elementor-section-boxed elementor-section-height-default elementor-section-height-default\" data-id=\"42dcccb\" data-element_type=\"section\" data-e-type=\"section\">\n\t\t\t\t\t\t<div class=\"elementor-container elementor-column-gap-default\">\n\t\t\t\t\t<div class=\"elementor-column elementor-col-50 elementor-inner-column elementor-element elementor-element-d8e7240\" data-id=\"d8e7240\" data-element_type=\"column\" data-e-type=\"column\">\n\t\t\t<div class=\"elementor-widget-wrap elementor-element-populated\">\n\t\t\t\t\t\t<div class=\"elementor-element elementor-element-a0b7c21 elementor-widget elementor-widget-text-editor\" data-id=\"a0b7c21\" data-element_type=\"widget\" data-e-type=\"widget\" data-widget_type=\"text-editor.default\">\n\t\t\t\t<div class=\"elementor-widget-container\">\n\t\t\t\t\t\t\t\t\t<p>Dans la ville de Goma ( Est de la R\u00e9publique D\u00e9mocratique du Congo ) il n\u2019existait que deux biblioth\u00e8ques pour plus d\u2019un million d\u2019habitants.<\/p><p>\u00a0<\/p><p>Suite \u00e0 une demande en Belgique, en partenariat avec la direction de l\u2019\u00e9tablissement, ADRA a soutenu la collecte de pr\u00e8s de <strong>6.000 livres<\/strong> pour <strong>cr\u00e9er une biblioth\u00e8que <\/strong>au sein de la KIS \u2013 Kivu International School.<\/p>\t\t\t\t\t\t\t\t<\/div>\n\t\t\t\t<\/div>\n\t\t\t\t<div class=\"elementor-element elementor-element-a453207 elementor-widget elementor-widget-image\" data-id=\"a453207\" data-element_type=\"widget\" data-e-type=\"widget\" data-widget_type=\"image.default\">\n\t\t\t\t<div class=\"elementor-widget-container\">\n\t\t\t\t\t\t\t\t\t\t\t\t\t\t\t<img decoding=\"async\" width=\"1075\" height=\"806\" src=\"https:\/\/adra.be\/wp-content\/uploads\/2023\/05\/17-RDC-1.png\" class=\"attachment-full size-full wp-image-19612\" alt=\"\" srcset=\"https:\/\/adra.be\/wp-content\/uploads\/2023\/05\/17-RDC-1.png 1075w, https:\/\/adra.be\/wp-content\/uploads\/2023\/05\/17-RDC-1-300x225.png 300w, https:\/\/adra.be\/wp-content\/uploads\/2023\/05\/17-RDC-1-1024x768.png 1024w, https:\/\/adra.be\/wp-content\/uploads\/2023\/05\/17-RDC-1-768x576.png 768w, https:\/\/adra.be\/wp-content\/uploads\/2023\/05\/17-RDC-1-16x12.png 16w, https:\/\/adra.be\/wp-content\/uploads\/2023\/05\/17-RDC-1-1000x750.png 1000w\" sizes=\"(max-width: 1075px) 100vw, 1075px\" \/>\t\t\t\t\t\t\t\t\t\t\t\t\t\t\t<\/div>\n\t\t\t\t<\/div>\n\t\t\t\t<div class=\"elementor-element elementor-element-d032d0a elementor-widget elementor-widget-image\" data-id=\"d032d0a\" data-element_type=\"widget\" data-e-type=\"widget\" data-widget_type=\"image.default\">\n\t\t\t\t<div class=\"elementor-widget-container\">\n\t\t\t\t\t\t\t\t\t\t\t\t\t\t\t<img decoding=\"async\" width=\"1075\" height=\"1433\" src=\"https:\/\/adra.be\/wp-content\/uploads\/2023\/05\/17-RDC-2.png\" class=\"attachment-full size-full wp-image-19613\" alt=\"\" srcset=\"https:\/\/adra.be\/wp-content\/uploads\/2023\/05\/17-RDC-2.png 1075w, https:\/\/adra.be\/wp-content\/uploads\/2023\/05\/17-RDC-2-225x300.png 225w, https:\/\/adra.be\/wp-content\/uploads\/2023\/05\/17-RDC-2-768x1024.png 768w, https:\/\/adra.be\/wp-content\/uploads\/2023\/05\/17-RDC-2-9x12.png 9w\" sizes=\"(max-width: 1075px) 100vw, 1075px\" \/>\t\t\t\t\t\t\t\t\t\t\t\t\t\t\t<\/div>\n\t\t\t\t<\/div>\n\t\t\t\t\t<\/div>\n\t\t<\/div>\n\t\t\t\t<div class=\"elementor-column elementor-col-50 elementor-inner-column elementor-element elementor-element-4de9766\" data-id=\"4de9766\" data-element_type=\"column\" data-e-type=\"column\">\n\t\t\t<div class=\"elementor-widget-wrap elementor-element-populated\">\n\t\t\t\t\t\t<div class=\"elementor-element elementor-element-c1135d4 elementor-widget elementor-widget-text-editor\" data-id=\"c1135d4\" data-element_type=\"widget\" data-e-type=\"widget\" data-widget_type=\"text-editor.default\">\n\t\t\t\t<div class=\"elementor-widget-container\">\n\t\t\t\t\t\t\t\t\t<p>Outre les habitant de la ville de Goma, <strong>plusieurs centaines d\u2019\u00e9tudiants<\/strong> pourront b\u00e9n\u00e9ficier de l\u2019enrichissement de cette biblioth\u00e8que.<\/p>\t\t\t\t\t\t\t\t<\/div>\n\t\t\t\t<\/div>\n\t\t\t\t<div class=\"elementor-element elementor-element-3311e52 elementor-widget elementor-widget-image\" data-id=\"3311e52\" data-element_type=\"widget\" data-e-type=\"widget\" data-widget_type=\"image.default\">\n\t\t\t\t<div class=\"elementor-widget-container\">\n\t\t\t\t\t\t\t\t\t\t\t\t\t\t\t<img decoding=\"async\" src=\"https:\/\/adra.be\/wp-content\/uploads\/elementor\/thumbs\/17-RDC-6-q6pdsjk35cmhxlzf3tbl4r1r8ox547khey7btwwmeo.png\" title=\"17- RDC 6\" alt=\"17- RDC 6\" loading=\"lazy\" \/>\t\t\t\t\t\t\t\t\t\t\t\t\t\t\t<\/div>\n\t\t\t\t<\/div>\n\t\t\t\t<div class=\"elementor-element elementor-element-f0933db elementor-widget elementor-widget-image\" data-id=\"f0933db\" data-element_type=\"widget\" data-e-type=\"widget\" data-widget_type=\"image.default\">\n\t\t\t\t<div class=\"elementor-widget-container\">\n\t\t\t\t\t\t\t\t\t\t\t\t\t\t\t<img loading=\"lazy\" decoding=\"async\" width=\"1093\" height=\"819\" src=\"https:\/\/adra.be\/wp-content\/uploads\/2023\/05\/17-RDC-5.png\" class=\"attachment-full size-full wp-image-19614\" alt=\"\" srcset=\"https:\/\/adra.be\/wp-content\/uploads\/2023\/05\/17-RDC-5.png 1093w, https:\/\/adra.be\/wp-content\/uploads\/2023\/05\/17-RDC-5-300x225.png 300w, https:\/\/adra.be\/wp-content\/uploads\/2023\/05\/17-RDC-5-1024x767.png 1024w, https:\/\/adra.be\/wp-content\/uploads\/2023\/05\/17-RDC-5-768x575.png 768w, https:\/\/adra.be\/wp-content\/uploads\/2023\/05\/17-RDC-5-16x12.png 16w, https:\/\/adra.be\/wp-content\/uploads\/2023\/05\/17-RDC-5-1000x750.png 1000w\" sizes=\"(max-width: 1093px) 100vw, 1093px\" \/>\t\t\t\t\t\t\t\t\t\t\t\t\t\t\t<\/div>\n\t\t\t\t<\/div>\n\t\t\t\t<div class=\"elementor-element elementor-element-58e080e elementor-widget elementor-widget-image\" data-id=\"58e080e\" data-element_type=\"widget\" data-e-type=\"widget\" data-widget_type=\"image.default\">\n\t\t\t\t<div class=\"elementor-widget-container\">\n\t\t\t\t\t\t\t\t\t\t\t\t\t\t\t<img decoding=\"async\" src=\"https:\/\/adra.be\/wp-content\/uploads\/elementor\/thumbs\/17-RDC-3-1-q6p85ozy9gwqiptfnabpwky5f6rc07x0sn6agxy02a.png\" title=\"17- RDC 3\" alt=\"17- RDC 3\" loading=\"lazy\" \/>\t\t\t\t\t\t\t\t\t\t\t\t\t\t\t<\/div>\n\t\t\t\t<\/div>\n\t\t\t\t\t<\/div>\n\t\t<\/div>\n\t\t\t\t\t<\/div>\n\t\t<\/section>\n\t\t\t\t\t<\/div>\n\t\t<\/div>\n\t\t\t\t\t<\/div>\n\t\t<\/section>\n\t\t\t\t<section class=\"elementor-section elementor-top-section elementor-element elementor-element-401d386 elementor-section-boxed elementor-section-height-default elementor-section-height-default\" data-id=\"401d386\" data-element_type=\"section\" data-e-type=\"section\">\n\t\t\t\t\t\t<div class=\"elementor-container elementor-column-gap-default\">\n\t\t\t\t\t<div class=\"elementor-column elementor-col-100 elementor-top-column elementor-element elementor-element-841c021\" data-id=\"841c021\" data-element_type=\"column\" data-e-type=\"column\">\n\t\t\t<div class=\"elementor-widget-wrap elementor-element-populated\">\n\t\t\t\t\t\t<div class=\"elementor-element elementor-element-c948d41 elementor-widget elementor-widget-spacer\" data-id=\"c948d41\" data-element_type=\"widget\" data-e-type=\"widget\" data-widget_type=\"spacer.default\">\n\t\t\t\t<div class=\"elementor-widget-container\">\n\t\t\t\t\t\t\t<div class=\"elementor-spacer\">\n\t\t\t<div class=\"elementor-spacer-inner\"><\/div>\n\t\t<\/div>\n\t\t\t\t\t\t<\/div>\n\t\t\t\t<\/div>\n\t\t\t\t\t<\/div>\n\t\t<\/div>\n\t\t\t\t\t<\/div>\n\t\t<\/section>\n\t\t\t\t<\/div>\n\t\t","protected":false},"excerpt":{"rendered":"<p>ouverture d&rsquo;une biblioth\u00e8que \u00e0 goma Dans la ville de Goma ( Est de la R\u00e9publique D\u00e9mocratique du Congo ) il n\u2019existait que deux biblioth\u00e8ques pour plus d\u2019un million d\u2019habitants. \u00a0 Suite \u00e0 une demande en Belgique, en partenariat avec la direction de l\u2019\u00e9tablissement, ADRA a soutenu la collecte de pr\u00e8s de 6.000 livres pour cr\u00e9er [&hellip;]<\/p>\n","protected":false},"author":9,"featured_media":13241,"parent":19115,"menu_order":0,"comment_status":"closed","ping_status":"closed","template":"","meta":{"_acf_changed":false,"_eb_attr":"","footnotes":""},"class_list":["post-19607","page","type-page","status-publish","has-post-thumbnail","hentry"],"acf":[],"_links":{"self":[{"href":"https:\/\/adra.be\/fr\/wp-json\/wp\/v2\/pages\/19607","targetHints":{"allow":["GET"]}}],"collection":[{"href":"https:\/\/adra.be\/fr\/wp-json\/wp\/v2\/pages"}],"about":[{"href":"https:\/\/adra.be\/fr\/wp-json\/wp\/v2\/types\/page"}],"author":[{"embeddable":true,"href":"https:\/\/adra.be\/fr\/wp-json\/wp\/v2\/users\/9"}],"replies":[{"embeddable":true,"href":"https:\/\/adra.be\/fr\/wp-json\/wp\/v2\/comments?post=19607"}],"version-history":[{"count":16,"href":"https:\/\/adra.be\/fr\/wp-json\/wp\/v2\/pages\/19607\/revisions"}],"predecessor-version":[{"id":24187,"href":"https:\/\/adra.be\/fr\/wp-json\/wp\/v2\/pages\/19607\/revisions\/24187"}],"up":[{"embeddable":true,"href":"https:\/\/adra.be\/fr\/wp-json\/wp\/v2\/pages\/19115"}],"wp:featuredmedia":[{"embeddable":true,"href":"https:\/\/adra.be\/fr\/wp-json\/wp\/v2\/media\/13241"}],"wp:attachment":[{"href":"https:\/\/adra.be\/fr\/wp-json\/wp\/v2\/media?parent=19607"}],"curies":[{"name":"wp","href":"https:\/\/api.w.org\/{rel}","templated":true}]}}