{"id":25119,"date":"2025-03-14T09:12:16","date_gmt":"2025-03-14T09:12:16","guid":{"rendered":"https:\/\/adra.be\/?page_id=25119"},"modified":"2025-03-26T08:30:33","modified_gmt":"2025-03-26T08:30:33","slug":"fiscalite-dons","status":"publish","type":"page","link":"https:\/\/adra.be\/fr\/votre-impact\/en-belgique\/campagnes-sensibilisation\/fiscalite-dons\/","title":{"rendered":"Fiscalit\u00e9 des dons"},"content":{"rendered":"\t\t<div data-elementor-type=\"wp-page\" data-elementor-id=\"25119\" class=\"elementor elementor-25119\" data-elementor-post-type=\"page\">\n\t\t\t\t\t\t<section class=\"elementor-section elementor-top-section elementor-element elementor-element-8a47952 elementor-section-boxed elementor-section-height-default elementor-section-height-default\" data-id=\"8a47952\" data-element_type=\"section\" data-e-type=\"section\" data-settings=\"{&quot;background_background&quot;:&quot;classic&quot;}\">\n\t\t\t\t\t\t<div class=\"elementor-container elementor-column-gap-default\">\n\t\t\t\t\t<div class=\"elementor-column elementor-col-100 elementor-top-column elementor-element elementor-element-d21336b\" data-id=\"d21336b\" data-element_type=\"column\" data-e-type=\"column\">\n\t\t\t<div class=\"elementor-widget-wrap elementor-element-populated\">\n\t\t\t\t\t\t<div class=\"elementor-element elementor-element-86dda63 elementor-widget elementor-widget-spacer\" data-id=\"86dda63\" data-element_type=\"widget\" data-e-type=\"widget\" data-widget_type=\"spacer.default\">\n\t\t\t\t<div class=\"elementor-widget-container\">\n\t\t\t\t\t\t\t<div class=\"elementor-spacer\">\n\t\t\t<div class=\"elementor-spacer-inner\"><\/div>\n\t\t<\/div>\n\t\t\t\t\t\t<\/div>\n\t\t\t\t<\/div>\n\t\t\t\t<div class=\"elementor-element elementor-element-addf8dc elementor-widget elementor-widget-heading\" data-id=\"addf8dc\" data-element_type=\"widget\" data-e-type=\"widget\" data-widget_type=\"heading.default\">\n\t\t\t\t<div class=\"elementor-widget-container\">\n\t\t\t\t\t<h2 class=\"elementor-heading-title elementor-size-default\">Fiscalit\u00e9 des dons<\/h2>\t\t\t\t<\/div>\n\t\t\t\t<\/div>\n\t\t\t\t<div class=\"elementor-element elementor-element-4492d52 elementor-widget elementor-widget-heading\" data-id=\"4492d52\" data-element_type=\"widget\" data-e-type=\"widget\" data-widget_type=\"heading.default\">\n\t\t\t\t<div class=\"elementor-widget-container\">\n\t\t\t\t\t<h2 class=\"elementor-heading-title elementor-size-default\">Carte Blanche contre la r\u00e9duction de la d\u00e9duction fiscale sur les dons de 45% \u00e0 30%<\/h2>\t\t\t\t<\/div>\n\t\t\t\t<\/div>\n\t\t\t\t<div class=\"elementor-element elementor-element-0fc83d3 elementor-widget elementor-widget-spacer\" data-id=\"0fc83d3\" data-element_type=\"widget\" data-e-type=\"widget\" data-widget_type=\"spacer.default\">\n\t\t\t\t<div class=\"elementor-widget-container\">\n\t\t\t\t\t\t\t<div class=\"elementor-spacer\">\n\t\t\t<div class=\"elementor-spacer-inner\"><\/div>\n\t\t<\/div>\n\t\t\t\t\t\t<\/div>\n\t\t\t\t<\/div>\n\t\t\t\t\t<\/div>\n\t\t<\/div>\n\t\t\t\t\t<\/div>\n\t\t<\/section>\n\t\t\t\t<section class=\"elementor-section elementor-top-section elementor-element elementor-element-7a84dc0 elementor-section-boxed elementor-section-height-default elementor-section-height-default\" data-id=\"7a84dc0\" data-element_type=\"section\" data-e-type=\"section\">\n\t\t\t\t\t\t<div class=\"elementor-container elementor-column-gap-default\">\n\t\t\t\t\t<div class=\"elementor-column elementor-col-100 elementor-top-column elementor-element elementor-element-7b87750\" data-id=\"7b87750\" data-element_type=\"column\" data-e-type=\"column\">\n\t\t\t<div class=\"elementor-widget-wrap elementor-element-populated\">\n\t\t\t\t\t\t<div class=\"elementor-element elementor-element-688fe14 elementor-widget elementor-widget-spacer\" data-id=\"688fe14\" data-element_type=\"widget\" data-e-type=\"widget\" data-widget_type=\"spacer.default\">\n\t\t\t\t<div class=\"elementor-widget-container\">\n\t\t\t\t\t\t\t<div class=\"elementor-spacer\">\n\t\t\t<div class=\"elementor-spacer-inner\"><\/div>\n\t\t<\/div>\n\t\t\t\t\t\t<\/div>\n\t\t\t\t<\/div>\n\t\t\t\t<div class=\"elementor-element elementor-element-789d510 elementor-widget elementor-widget-text-editor\" data-id=\"789d510\" data-element_type=\"widget\" data-e-type=\"widget\" data-widget_type=\"text-editor.default\">\n\t\t\t\t<div class=\"elementor-widget-container\">\n\t\t\t\t\t\t\t\t\t<p><strong>La r\u00e9duction de la diminution d\u2019imp\u00f4t des dons p\u00e9nalisera la g\u00e9n\u00e9rosit\u00e9 des belges et des milliers de b\u00e9n\u00e9ficiaires.<\/strong><\/p>\t\t\t\t\t\t\t\t<\/div>\n\t\t\t\t<\/div>\n\t\t\t\t<div class=\"elementor-element elementor-element-1927b86 elementor-widget elementor-widget-text-editor\" data-id=\"1927b86\" data-element_type=\"widget\" data-e-type=\"widget\" data-widget_type=\"text-editor.default\">\n\t\t\t\t<div class=\"elementor-widget-container\">\n\t\t\t\t\t\t\t\t\t<p>Aujourd\u2019hui, une intention de la coalition gouvernementale \u201cArizona\u201d \u00e9branle une partie essentielle de notre tissu social : la g\u00e9n\u00e9rosit\u00e9 des Belges et les nombreuses associations qui en b\u00e9n\u00e9ficient. \u00c0 la page 40 de l\u2019accord de gouvernement, un changement majeur est annonc\u00e9 : la diminution d\u2019imp\u00f4t accord\u00e9e aux dons devrait passer de 45% \u00e0 30%. Une diminution qui, d\u2019apr\u00e8s les d\u00e9clarations dans le parlement, est d\u00e9j\u00e0 le fruit d\u2019un compromis. Ce compromis menace la vitalit\u00e9 de 2500 associations et fondations qui d\u00e9pendent pour partie de la solidarit\u00e9 des citoyennes et citoyens pour mener leurs actions au service de l\u2019int\u00e9r\u00eat g\u00e9n\u00e9ral.<\/p><p>La Belgique a toujours \u00e9t\u00e9 un mod\u00e8le de g\u00e9n\u00e9rosit\u00e9. La solidarit\u00e9 citoyenne se d\u00e9ploie \u00e0 travers un secteur associatif vaste et vari\u00e9, qui touche \u00e0 une multitude de domaines essentiels. Cela va des organisations comme l\u2019Institut de m\u00e9decine tropicale, qui travaille sur des maladies infectieuses \u00e0 l\u2019\u00e9chelle mondiale, en passant par des acteurs comme la Fondation contre le Cancer qui soutient la recherche scientifique sur le cancer jusqu\u2019\u00e0 d\u2019autres associations comme les Restos du C\u0153ur, la Croix-Rouge, Amnesty International, diverses associations pour la protection de la nature et l\u2019environnement, et de nombreuses ONG \u00e0 une multitude de fondations philanthropiques et associations caritatives de taille plus ou moins importante.<\/p><p>C\u2019est ainsi que l\u2019engagement financier de plus d\u2019un million de m\u00e9nages belges soutient des causes aussi diverses que la protection des animaux, la recherche scientifique sur des maladies, la protection des droits humains, la sant\u00e9, l\u2019inclusion sociale, la solidarit\u00e9 internationale, ou encore l\u2019aide aux plus d\u00e9munis. Ces associations et fondations sont le reflet d\u2019une soci\u00e9t\u00e9 qui choisit de s\u2019unir pour am\u00e9liorer le bien-\u00eatre collectif.<\/p><p>Les chiffres parlent d\u2019eux-m\u00eames : en 2023, les Belges ont fait pour un total de 362 millions d\u2019euros des dons de plus de 40 euro \u00e0 des associations. Une g\u00e9n\u00e9rosit\u00e9 qui a doubl\u00e9 en dix ans. En 2013, les dons repr\u00e9sentaient environ 175 millions d\u2019euros. Cette mesure va toucher directement 1,04 million de m\u00e9nages belges qui donnent en moyenne plus de 350 euros par an \u00e0 2500 associations ou fondations, qui sont soit d\u00e9sign\u00e9es par la loi soit b\u00e9n\u00e9ficiant de l\u2019agr\u00e9ment fiscal. Cet \u00e9lan de g\u00e9n\u00e9rosit\u00e9 a toujours \u00e9t\u00e9 soutenu par des politiques publiques comme la diminution d\u2019imp\u00f4t, qui a par ailleurs permis une mobilisation plus forte pendant la crise du COVID-19, avec un taux de 60%, le gouvernement d\u2019alors souhaitant inciter les citoyennes et citoyens belges \u00e0 contribuer davantage face \u00e0 l\u2019urgence.<\/p><p>Aujourd\u2019hui, cependant, le gouvernement opte pour une r\u00e9duction de cette incitation fiscale, de 45% \u00e0 30%. Ce changement ne va pas rapporter tant que cela au budget de l\u2019Etat. Selon les dires du ministre Jambon \u00e0 la Chambre, l\u2019\u00e9conomie r\u00e9alis\u00e9e repr\u00e9senterait 40,26 millions d\u2019euros par an sur des \u00e9conomies budg\u00e9taires \u00e0 r\u00e9aliser de plusieurs milliards. Une \u00e9conomie de bout de chandelle, donc, pour les budgets publics: elle aura par contre des cons\u00e9quences dramatiques pour plus de 2500 associations et fondations, et surtout les b\u00e9n\u00e9ficiaires de nos actions. Derri\u00e8re chaque don, il y a des vies, des recherches scientifiques essentielles, des projets de pr\u00e9vention et de soin, des combats pour les droits humains, des initiatives d\u2019insertion sociale, des services d\u2019urgence, des soutiens aux personnes \u00e2g\u00e9es, des programmes \u00e9ducatifs, des actions contre la pauvret\u00e9, en faveur de l\u2019environnement, et bien plus encore.<\/p><p>Cette diminution de la r\u00e9duction fiscale ne touche pas seulement les associations de grande taille, mais \u00e9galement des structures plus petites, souvent locales, g\u00e9r\u00e9es par des b\u00e9n\u00e9voles, qui rendent des services de proximit\u00e9 essentiels. Cette mesure menace donc un \u00e9cosyst\u00e8me de solidarit\u00e9 d\u2019une richesse incomparable, o\u00f9 chaque organisation, quelle que soit sa taille, joue un r\u00f4le crucial dans le tissu social du pays.<\/p><p>Le message que cette mesure envoie aux citoyennes et citoyens est profond\u00e9ment inqui\u00e9tant : au lieu de valoriser la g\u00e9n\u00e9rosit\u00e9 et l\u2019engagement, on l\u2019entrave, comme si l\u2019effort collectif et la solidarit\u00e9 \u00e9taient des \u00e9l\u00e9ments secondaires. C\u2019est pourquoi, en tant que secteur associatif unifi\u00e9, nous demandons instamment au gouvernement de revoir cette intention. Derri\u00e8re chaque don se cache une cause importante, qu\u2019il s\u2019agisse de soigner, d\u2019\u00e9duquer, de prot\u00e9ger ou d\u2019aider. Ces actions ne peuvent pas \u00eatre mises en p\u00e9ril sous pr\u00e9texte d\u2019une \u00e9conomie qui, au final, s\u2019av\u00e8re fort minime par rapport aux b\u00e9n\u00e9fices sociaux qu\u2019elle g\u00e9n\u00e8re.<\/p><p>\u00a0<\/p><p><strong>Soutenir la solidarit\u00e9 est un acte essentiel dans un monde incertain. Nous appelons donc \u00e0 un geste constructif : maintenir une diminution d\u2019imp\u00f4t suffisante pour encourager la g\u00e9n\u00e9rosit\u00e9 des m\u00e9nages belges et garantir la p\u00e9rennit\u00e9 des services essentiels fournis par les associations. Ce geste, nous en sommes convaincus, est essentiel et est un pari sur un avenir plus solidaire, inclusif et humain.<\/strong><\/p>\t\t\t\t\t\t\t\t<\/div>\n\t\t\t\t<\/div>\n\t\t\t\t<div class=\"elementor-element elementor-element-3d81b95 elementor-align-center elementor-widget elementor-widget-button\" data-id=\"3d81b95\" data-element_type=\"widget\" data-e-type=\"widget\" data-widget_type=\"button.default\">\n\t\t\t\t<div class=\"elementor-widget-container\">\n\t\t\t\t\t\t\t\t\t<div class=\"elementor-button-wrapper\">\n\t\t\t\t\t<a class=\"elementor-button elementor-button-link elementor-size-sm\" href=\"https:\/\/coalition-impact-coalitie.be\/wp-content\/uploads\/2025\/03\/Steun-soutien_30__publi.pdf\">\n\t\t\t\t\t\t<span class=\"elementor-button-content-wrapper\">\n\t\t\t\t\t\t\t\t\t<span class=\"elementor-button-text\">Liste des 471 signataires<\/span>\n\t\t\t\t\t<\/span>\n\t\t\t\t\t<\/a>\n\t\t\t\t<\/div>\n\t\t\t\t\t\t\t\t<\/div>\n\t\t\t\t<\/div>\n\t\t\t\t<div class=\"elementor-element elementor-element-077e44f elementor-align-center elementor-widget elementor-widget-button\" data-id=\"077e44f\" data-element_type=\"widget\" data-e-type=\"widget\" data-widget_type=\"button.default\">\n\t\t\t\t<div class=\"elementor-widget-container\">\n\t\t\t\t\t\t\t\t\t<div class=\"elementor-button-wrapper\">\n\t\t\t\t\t<a class=\"elementor-button elementor-button-link elementor-size-sm\" href=\"https:\/\/re-ef.be\/actua\/support-generosity\">\n\t\t\t\t\t\t<span class=\"elementor-button-content-wrapper\">\n\t\t\t\t\t\t\t\t\t<span class=\"elementor-button-text\">Plus d'infos sur RE-EF.be<\/span>\n\t\t\t\t\t<\/span>\n\t\t\t\t\t<\/a>\n\t\t\t\t<\/div>\n\t\t\t\t\t\t\t\t<\/div>\n\t\t\t\t<\/div>\n\t\t\t\t\t<\/div>\n\t\t<\/div>\n\t\t\t\t\t<\/div>\n\t\t<\/section>\n\t\t\t\t<\/div>\n\t\t","protected":false},"excerpt":{"rendered":"<p>Fiscalit\u00e9 des dons Carte Blanche contre la r\u00e9duction de la d\u00e9duction fiscale sur les dons de 45% \u00e0 30% La r\u00e9duction de la diminution d\u2019imp\u00f4t des dons p\u00e9nalisera la g\u00e9n\u00e9rosit\u00e9 des belges et des milliers de b\u00e9n\u00e9ficiaires. Aujourd\u2019hui, une intention de la coalition gouvernementale \u201cArizona\u201d \u00e9branle une partie essentielle de notre tissu social : la [&hellip;]<\/p>\n","protected":false},"author":9,"featured_media":13241,"parent":18346,"menu_order":0,"comment_status":"closed","ping_status":"closed","template":"","meta":{"_acf_changed":false,"_eb_attr":"","footnotes":""},"class_list":["post-25119","page","type-page","status-publish","has-post-thumbnail","hentry"],"acf":[],"_links":{"self":[{"href":"https:\/\/adra.be\/fr\/wp-json\/wp\/v2\/pages\/25119","targetHints":{"allow":["GET"]}}],"collection":[{"href":"https:\/\/adra.be\/fr\/wp-json\/wp\/v2\/pages"}],"about":[{"href":"https:\/\/adra.be\/fr\/wp-json\/wp\/v2\/types\/page"}],"author":[{"embeddable":true,"href":"https:\/\/adra.be\/fr\/wp-json\/wp\/v2\/users\/9"}],"replies":[{"embeddable":true,"href":"https:\/\/adra.be\/fr\/wp-json\/wp\/v2\/comments?post=25119"}],"version-history":[{"count":13,"href":"https:\/\/adra.be\/fr\/wp-json\/wp\/v2\/pages\/25119\/revisions"}],"predecessor-version":[{"id":25145,"href":"https:\/\/adra.be\/fr\/wp-json\/wp\/v2\/pages\/25119\/revisions\/25145"}],"up":[{"embeddable":true,"href":"https:\/\/adra.be\/fr\/wp-json\/wp\/v2\/pages\/18346"}],"wp:featuredmedia":[{"embeddable":true,"href":"https:\/\/adra.be\/fr\/wp-json\/wp\/v2\/media\/13241"}],"wp:attachment":[{"href":"https:\/\/adra.be\/fr\/wp-json\/wp\/v2\/media?parent=25119"}],"curies":[{"name":"wp","href":"https:\/\/api.w.org\/{rel}","templated":true}]}}