{"id":19590,"date":"2023-05-19T15:15:16","date_gmt":"2023-05-19T15:15:16","guid":{"rendered":"https:\/\/adra.be\/?page_id=19590"},"modified":"2024-11-13T12:40:45","modified_gmt":"2024-11-13T12:40:45","slug":"burundi","status":"publish","type":"page","link":"https:\/\/adra.be\/nl\/votre-impact\/dans-le-monde\/projets-de-developpement\/dev_2020\/burundi\/","title":{"rendered":"Burundi_2020_lyc\u00e9e Szilvasi"},"content":{"rendered":"<div data-elementor-type=\"wp-page\" data-elementor-id=\"19590\" class=\"elementor elementor-19590\" data-elementor-post-type=\"page\">\n\t\t\t\t\t\t<section class=\"elementor-section elementor-top-section elementor-element elementor-element-2857428e elementor-section-boxed elementor-section-height-default elementor-section-height-default\" data-id=\"2857428e\" data-element_type=\"section\" data-e-type=\"section\" data-settings=\"{&quot;background_background&quot;:&quot;classic&quot;}\">\n\t\t\t\t\t\t<div class=\"elementor-container elementor-column-gap-default\">\n\t\t\t\t\t<div class=\"elementor-column elementor-col-50 elementor-top-column elementor-element elementor-element-6c24377d\" data-id=\"6c24377d\" data-element_type=\"column\" data-e-type=\"column\">\n\t\t\t<div class=\"elementor-widget-wrap elementor-element-populated\">\n\t\t\t\t\t\t<div class=\"elementor-element elementor-element-58920fb elementor-widget elementor-widget-spacer\" data-id=\"58920fb\" data-element_type=\"widget\" data-e-type=\"widget\" data-widget_type=\"spacer.default\">\n\t\t\t\t<div class=\"elementor-widget-container\">\n\t\t\t\t\t\t\t<div class=\"elementor-spacer\">\n\t\t\t<div class=\"elementor-spacer-inner\"><\/div>\n\t\t<\/div>\n\t\t\t\t\t\t<\/div>\n\t\t\t\t<\/div>\n\t\t\t\t<div class=\"elementor-element elementor-element-388a501c elementor-widget elementor-widget-heading\" data-id=\"388a501c\" data-element_type=\"widget\" data-e-type=\"widget\" data-widget_type=\"heading.default\">\n\t\t\t\t<div class=\"elementor-widget-container\">\n\t\t\t\t\t<h2 class=\"elementor-heading-title elementor-size-default\">Verbetering schoolinfrastructuur<\/h2>\t\t\t\t<\/div>\n\t\t\t\t<\/div>\n\t\t\t\t<div class=\"elementor-element elementor-element-ff68fab elementor-widget elementor-widget-heading\" data-id=\"ff68fab\" data-element_type=\"widget\" data-e-type=\"widget\" data-widget_type=\"heading.default\">\n\t\t\t\t<div class=\"elementor-widget-container\">\n\t\t\t\t\t<h2 class=\"elementor-heading-title elementor-size-default\"> van het Szilvasi-lyceum<\/h2>\t\t\t\t<\/div>\n\t\t\t\t<\/div>\n\t\t\t\t<div class=\"elementor-element elementor-element-eb883fa elementor-widget elementor-widget-spacer\" data-id=\"eb883fa\" data-element_type=\"widget\" data-e-type=\"widget\" data-widget_type=\"spacer.default\">\n\t\t\t\t<div class=\"elementor-widget-container\">\n\t\t\t\t\t\t\t<div class=\"elementor-spacer\">\n\t\t\t<div class=\"elementor-spacer-inner\"><\/div>\n\t\t<\/div>\n\t\t\t\t\t\t<\/div>\n\t\t\t\t<\/div>\n\t\t\t\t\t<\/div>\n\t\t<\/div>\n\t\t\t\t<div class=\"elementor-column elementor-col-50 elementor-top-column elementor-element elementor-element-32f9e2e9\" data-id=\"32f9e2e9\" data-element_type=\"column\" data-e-type=\"column\">\n\t\t\t<div class=\"elementor-widget-wrap elementor-element-populated\">\n\t\t\t\t\t\t<div class=\"elementor-element elementor-element-ee94a3f elementor-widget__width-initial elementor-widget elementor-widget-image\" data-id=\"ee94a3f\" data-element_type=\"widget\" data-e-type=\"widget\" data-widget_type=\"image.default\">\n\t\t\t\t<div class=\"elementor-widget-container\">\n\t\t\t\t\t\t\t\t\t\t\t\t\t\t\t<img fetchpriority=\"high\" decoding=\"async\" width=\"800\" height=\"571\" src=\"https:\/\/adra.be\/wp-content\/uploads\/2024\/10\/StickyNoteNL_Burundi.png\" class=\"attachment-large size-large wp-image-19543\" alt=\"\" srcset=\"https:\/\/adra.be\/wp-content\/uploads\/2024\/10\/StickyNoteNL_Burundi.png 1211w, https:\/\/adra.be\/wp-content\/uploads\/2024\/10\/StickyNoteNL_Burundi-300x263.png 300w, https:\/\/adra.be\/wp-content\/uploads\/2024\/10\/StickyNoteNL_Burundi-1024x897.png 1024w, https:\/\/adra.be\/wp-content\/uploads\/2024\/10\/StickyNoteNL_Burundi-768x673.png 768w, https:\/\/adra.be\/wp-content\/uploads\/2024\/10\/StickyNoteNL_Burundi-14x12.png 14w\" sizes=\"(max-width: 800px) 100vw, 800px\" \/>\t\t\t\t\t\t\t\t\t\t\t\t\t\t\t<\/div>\n\t\t\t\t<\/div>\n\t\t\t\t<div class=\"elementor-element elementor-element-db18651 elementor-widget elementor-widget-spacer\" data-id=\"db18651\" data-element_type=\"widget\" data-e-type=\"widget\" data-widget_type=\"spacer.default\">\n\t\t\t\t<div class=\"elementor-widget-container\">\n\t\t\t\t\t\t\t<div class=\"elementor-spacer\">\n\t\t\t<div class=\"elementor-spacer-inner\"><\/div>\n\t\t<\/div>\n\t\t\t\t\t\t<\/div>\n\t\t\t\t<\/div>\n\t\t\t\t\t<\/div>\n\t\t<\/div>\n\t\t\t\t\t<\/div>\n\t\t<\/section>\n\t\t\t\t<section class=\"elementor-section elementor-top-section elementor-element elementor-element-7a84dc0 elementor-section-boxed elementor-section-height-default elementor-section-height-default\" data-id=\"7a84dc0\" data-element_type=\"section\" data-e-type=\"section\">\n\t\t\t\t\t\t<div class=\"elementor-container elementor-column-gap-default\">\n\t\t\t\t\t<div class=\"elementor-column elementor-col-100 elementor-top-column elementor-element elementor-element-7b87750\" data-id=\"7b87750\" data-element_type=\"column\" data-e-type=\"column\">\n\t\t\t<div class=\"elementor-widget-wrap elementor-element-populated\">\n\t\t\t\t\t\t<div class=\"elementor-element elementor-element-9a2e4b0 elementor-widget elementor-widget-spacer\" data-id=\"9a2e4b0\" data-element_type=\"widget\" data-e-type=\"widget\" data-widget_type=\"spacer.default\">\n\t\t\t\t<div class=\"elementor-widget-container\">\n\t\t\t\t\t\t\t<div class=\"elementor-spacer\">\n\t\t\t<div class=\"elementor-spacer-inner\"><\/div>\n\t\t<\/div>\n\t\t\t\t\t\t<\/div>\n\t\t\t\t<\/div>\n\t\t\t\t<div class=\"elementor-element elementor-element-789d510 elementor-widget elementor-widget-text-editor\" data-id=\"789d510\" data-element_type=\"widget\" data-e-type=\"widget\" data-widget_type=\"text-editor.default\">\n\t\t\t\t<div class=\"elementor-widget-container\">\n\t\t\t\t\t\t\t\t\t<p><strong>Wij zijn verheugd u te kunnen meedelen dat de bouw van de Szilvasi Middelbare School bijna voltooid is! De middelbare school, die in het district Kanyosha ligt, kampt al geruime tijd met een gebrek aan lokalen en administratieve ruimte. Sinds vorig jaar steunt ADRA Belgium de bouw van een administratief blok, aangepast aan de behoeften van het onderwijzend en administratief personeel van de school. De bouwwerken liepen vertraging op door Covid-19, maar momenteel wordt de laatste hand gelegd aan het blok.<\/strong><\/p>\t\t\t\t\t\t\t\t<\/div>\n\t\t\t\t<\/div>\n\t\t\t\t\t<\/div>\n\t\t<\/div>\n\t\t\t\t\t<\/div>\n\t\t<\/section>\n\t\t\t\t<section class=\"elementor-section elementor-top-section elementor-element elementor-element-c9d7edf elementor-section-boxed elementor-section-height-default elementor-section-height-default\" data-id=\"c9d7edf\" data-element_type=\"section\" data-e-type=\"section\">\n\t\t\t\t\t\t<div class=\"elementor-container elementor-column-gap-default\">\n\t\t\t\t\t<div class=\"elementor-column elementor-col-50 elementor-top-column elementor-element elementor-element-a821d09\" data-id=\"a821d09\" data-element_type=\"column\" data-e-type=\"column\">\n\t\t\t<div class=\"elementor-widget-wrap elementor-element-populated\">\n\t\t\t\t\t\t<div class=\"elementor-element elementor-element-edfa2fa elementor-widget elementor-widget-text-editor\" data-id=\"edfa2fa\" data-element_type=\"widget\" data-e-type=\"widget\" data-widget_type=\"text-editor.default\">\n\t\t\t\t<div class=\"elementor-widget-container\">\n\t\t\t\t\t\t\t\t\t<p>Na zijn verhuis in 2016 naar het achtergestelde district Kanyosha (Bujumbura), met de bedoeling om een kansarm publiek te bereiken, kampte de Szilvasi Middelbare School met een gebrek aan aangepaste infrastructuur voor leerlingen en schoolpersoneel. Na een verzoek van het Burundese Ministerie van Onderwijs om de infrastructuur aan te passen aan de huidige normen, werd ADRA Belgium gevraagd om deel te nemen aan de bouw van een gebruiksvriendelijk administratief blok, aangepast aan de behoeften van het onderwijzend en administratief personeel van de school.<\/p>\t\t\t\t\t\t\t\t<\/div>\n\t\t\t\t<\/div>\n\t\t\t\t\t<\/div>\n\t\t<\/div>\n\t\t\t\t<div class=\"elementor-column elementor-col-50 elementor-top-column elementor-element elementor-element-e22d6ff\" data-id=\"e22d6ff\" data-element_type=\"column\" data-e-type=\"column\">\n\t\t\t<div class=\"elementor-widget-wrap elementor-element-populated\">\n\t\t\t\t\t\t<div class=\"elementor-element elementor-element-e9e1622 elementor-widget elementor-widget-text-editor\" data-id=\"e9e1622\" data-element_type=\"widget\" data-e-type=\"widget\" data-widget_type=\"text-editor.default\">\n\t\t\t\t<div class=\"elementor-widget-container\">\n\t\t\t\t\t\t\t\t\t<p><span style=\"letter-spacing: 0px;\">Dit gebouw zal, zodra het voltooid is, een nieuwe bestemming geven aan de lokalen die momenteel dienen voor informaticavoorzieningen voor leerlingen. In 2021 heeft ons team in Burundi, ondanks de vertragingen die de pandemie met zich meebracht, aanzienlijke vooruitgang geboekt dankzij onze genereuze donateurs.<\/span><\/p>\t\t\t\t\t\t\t\t<\/div>\n\t\t\t\t<\/div>\n\t\t\t\t<div class=\"elementor-element elementor-element-6c346a2 elementor-widget elementor-widget-image\" data-id=\"6c346a2\" data-element_type=\"widget\" data-e-type=\"widget\" data-widget_type=\"image.default\">\n\t\t\t\t<div class=\"elementor-widget-container\">\n\t\t\t\t\t\t\t\t\t\t\t\t\t\t\t<img decoding=\"async\" src=\"https:\/\/adra.be\/wp-content\/uploads\/elementor\/thumbs\/IMG-20200923-WA0003-q6p2wmqlm42bc9w493zme80x7qswntspt81uarw0k0.jpg\" title=\"IMG-20200923-WA0003\" alt=\"IMG-20200923-WA0003\" loading=\"lazy\" \/>\t\t\t\t\t\t\t\t\t\t\t\t\t\t\t<\/div>\n\t\t\t\t<\/div>\n\t\t\t\t\t<\/div>\n\t\t<\/div>\n\t\t\t\t\t<\/div>\n\t\t<\/section>\n\t\t\t\t<section class=\"elementor-section elementor-top-section elementor-element elementor-element-2aa57e7 elementor-section-boxed elementor-section-height-default elementor-section-height-default\" data-id=\"2aa57e7\" data-element_type=\"section\" data-e-type=\"section\">\n\t\t\t\t\t\t<div class=\"elementor-container elementor-column-gap-default\">\n\t\t\t\t\t<div class=\"elementor-column elementor-col-33 elementor-top-column elementor-element elementor-element-bf2226b\" data-id=\"bf2226b\" data-element_type=\"column\" data-e-type=\"column\">\n\t\t\t<div class=\"elementor-widget-wrap elementor-element-populated\">\n\t\t\t\t\t\t<div class=\"elementor-element elementor-element-a521262 elementor-widget elementor-widget-image\" data-id=\"a521262\" data-element_type=\"widget\" data-e-type=\"widget\" data-widget_type=\"image.default\">\n\t\t\t\t<div class=\"elementor-widget-container\">\n\t\t\t\t\t\t\t\t\t\t\t\t\t\t\t<img decoding=\"async\" width=\"1346\" height=\"1010\" src=\"https:\/\/adra.be\/wp-content\/uploads\/2023\/05\/7-Burundi-2-1.jpg\" class=\"attachment-full size-full wp-image-19533\" alt=\"\" srcset=\"https:\/\/adra.be\/wp-content\/uploads\/2023\/05\/7-Burundi-2-1.jpg 1346w, https:\/\/adra.be\/wp-content\/uploads\/2023\/05\/7-Burundi-2-1-300x225.jpg 300w, https:\/\/adra.be\/wp-content\/uploads\/2023\/05\/7-Burundi-2-1-1024x768.jpg 1024w, https:\/\/adra.be\/wp-content\/uploads\/2023\/05\/7-Burundi-2-1-768x576.jpg 768w, https:\/\/adra.be\/wp-content\/uploads\/2023\/05\/7-Burundi-2-1-16x12.jpg 16w, https:\/\/adra.be\/wp-content\/uploads\/2023\/05\/7-Burundi-2-1-1000x750.jpg 1000w\" sizes=\"(max-width: 1346px) 100vw, 1346px\" \/>\t\t\t\t\t\t\t\t\t\t\t\t\t\t\t<\/div>\n\t\t\t\t<\/div>\n\t\t\t\t<div class=\"elementor-element elementor-element-c91bc1c elementor-widget elementor-widget-image\" data-id=\"c91bc1c\" data-element_type=\"widget\" data-e-type=\"widget\" data-widget_type=\"image.default\">\n\t\t\t\t<div class=\"elementor-widget-container\">\n\t\t\t\t\t\t\t\t\t\t\t\t\t\t\t<img decoding=\"async\" src=\"https:\/\/adra.be\/wp-content\/uploads\/elementor\/thumbs\/7_Burundi4-q6niurphl67t711pfb4vuosz0wwpseqz2gsyhsjk1g.png\" title=\"7_Burundi4\" alt=\"7_Burundi4\" loading=\"lazy\" \/>\t\t\t\t\t\t\t\t\t\t\t\t\t\t\t<\/div>\n\t\t\t\t<\/div>\n\t\t\t\t\t<\/div>\n\t\t<\/div>\n\t\t\t\t<div class=\"elementor-column elementor-col-33 elementor-top-column elementor-element elementor-element-6d6347e\" data-id=\"6d6347e\" data-element_type=\"column\" data-e-type=\"column\">\n\t\t\t<div class=\"elementor-widget-wrap elementor-element-populated\">\n\t\t\t\t\t\t<div class=\"elementor-element elementor-element-521fb15 elementor-widget elementor-widget-image\" data-id=\"521fb15\" data-element_type=\"widget\" data-e-type=\"widget\" data-widget_type=\"image.default\">\n\t\t\t\t<div class=\"elementor-widget-container\">\n\t\t\t\t\t\t\t\t\t\t\t\t\t\t\t<img decoding=\"async\" width=\"462\" height=\"615\" src=\"https:\/\/adra.be\/wp-content\/uploads\/2023\/05\/7-Burundi-3.jpg\" class=\"attachment-large size-large wp-image-19535\" alt=\"\" srcset=\"https:\/\/adra.be\/wp-content\/uploads\/2023\/05\/7-Burundi-3.jpg 462w, https:\/\/adra.be\/wp-content\/uploads\/2023\/05\/7-Burundi-3-225x300.jpg 225w, https:\/\/adra.be\/wp-content\/uploads\/2023\/05\/7-Burundi-3-9x12.jpg 9w\" sizes=\"(max-width: 462px) 100vw, 462px\" \/>\t\t\t\t\t\t\t\t\t\t\t\t\t\t\t<\/div>\n\t\t\t\t<\/div>\n\t\t\t\t\t<\/div>\n\t\t<\/div>\n\t\t\t\t<div class=\"elementor-column elementor-col-33 elementor-top-column elementor-element elementor-element-66d59c8\" data-id=\"66d59c8\" data-element_type=\"column\" data-e-type=\"column\">\n\t\t\t<div class=\"elementor-widget-wrap elementor-element-populated\">\n\t\t\t\t\t\t<div class=\"elementor-element elementor-element-de431ec elementor-widget elementor-widget-image\" data-id=\"de431ec\" data-element_type=\"widget\" data-e-type=\"widget\" data-widget_type=\"image.default\">\n\t\t\t\t<div class=\"elementor-widget-container\">\n\t\t\t\t\t\t\t\t\t\t\t\t\t\t\t<img loading=\"lazy\" decoding=\"async\" width=\"767\" height=\"1024\" src=\"https:\/\/adra.be\/wp-content\/uploads\/2023\/05\/7_Burundi-767x1024.png\" class=\"attachment-large size-large wp-image-19534\" alt=\"\" srcset=\"https:\/\/adra.be\/wp-content\/uploads\/2023\/05\/7_Burundi-767x1024.png 767w, https:\/\/adra.be\/wp-content\/uploads\/2023\/05\/7_Burundi-225x300.png 225w, https:\/\/adra.be\/wp-content\/uploads\/2023\/05\/7_Burundi-768x1025.png 768w, https:\/\/adra.be\/wp-content\/uploads\/2023\/05\/7_Burundi-9x12.png 9w, https:\/\/adra.be\/wp-content\/uploads\/2023\/05\/7_Burundi.png 780w\" sizes=\"(max-width: 767px) 100vw, 767px\" \/>\t\t\t\t\t\t\t\t\t\t\t\t\t\t\t<\/div>\n\t\t\t\t<\/div>\n\t\t\t\t\t<\/div>\n\t\t<\/div>\n\t\t\t\t\t<\/div>\n\t\t<\/section>\n\t\t\t\t<section class=\"elementor-section elementor-top-section elementor-element elementor-element-50337e4 elementor-section-boxed elementor-section-height-default elementor-section-height-default\" data-id=\"50337e4\" data-element_type=\"section\" data-e-type=\"section\">\n\t\t\t\t\t\t<div class=\"elementor-container elementor-column-gap-default\">\n\t\t\t\t\t<div class=\"elementor-column elementor-col-50 elementor-top-column elementor-element elementor-element-00921a0\" data-id=\"00921a0\" data-element_type=\"column\" data-e-type=\"column\">\n\t\t\t<div class=\"elementor-widget-wrap elementor-element-populated\">\n\t\t\t\t\t\t<div class=\"elementor-element elementor-element-f0933db elementor-widget elementor-widget-image\" data-id=\"f0933db\" data-element_type=\"widget\" data-e-type=\"widget\" data-widget_type=\"image.default\">\n\t\t\t\t<div class=\"elementor-widget-container\">\n\t\t\t\t\t\t\t\t\t\t\t\t\t\t\t<img loading=\"lazy\" decoding=\"async\" width=\"2560\" height=\"1707\" src=\"https:\/\/adra.be\/wp-content\/uploads\/2023\/05\/2-Sommaire-scaled.jpg\" class=\"attachment-full size-full wp-image-19536\" alt=\"\" srcset=\"https:\/\/adra.be\/wp-content\/uploads\/2023\/05\/2-Sommaire-scaled.jpg 2560w, https:\/\/adra.be\/wp-content\/uploads\/2023\/05\/2-Sommaire-300x200.jpg 300w, https:\/\/adra.be\/wp-content\/uploads\/2023\/05\/2-Sommaire-1024x683.jpg 1024w, https:\/\/adra.be\/wp-content\/uploads\/2023\/05\/2-Sommaire-768x512.jpg 768w, https:\/\/adra.be\/wp-content\/uploads\/2023\/05\/2-Sommaire-1536x1024.jpg 1536w, https:\/\/adra.be\/wp-content\/uploads\/2023\/05\/2-Sommaire-2048x1365.jpg 2048w, https:\/\/adra.be\/wp-content\/uploads\/2023\/05\/2-Sommaire-18x12.jpg 18w, https:\/\/adra.be\/wp-content\/uploads\/2023\/05\/2-Sommaire-2000x1333.jpg 2000w\" sizes=\"(max-width: 2560px) 100vw, 2560px\" \/>\t\t\t\t\t\t\t\t\t\t\t\t\t\t\t<\/div>\n\t\t\t\t<\/div>\n\t\t\t\t\t<\/div>\n\t\t<\/div>\n\t\t\t\t<div class=\"elementor-column elementor-col-50 elementor-top-column elementor-element elementor-element-623e979\" data-id=\"623e979\" data-element_type=\"column\" data-e-type=\"column\">\n\t\t\t<div class=\"elementor-widget-wrap elementor-element-populated\">\n\t\t\t\t\t\t<div class=\"elementor-element elementor-element-8ccbcba elementor-widget elementor-widget-spacer\" data-id=\"8ccbcba\" data-element_type=\"widget\" data-e-type=\"widget\" data-widget_type=\"spacer.default\">\n\t\t\t\t<div class=\"elementor-widget-container\">\n\t\t\t\t\t\t\t<div class=\"elementor-spacer\">\n\t\t\t<div class=\"elementor-spacer-inner\"><\/div>\n\t\t<\/div>\n\t\t\t\t\t\t<\/div>\n\t\t\t\t<\/div>\n\t\t\t\t<div class=\"elementor-element elementor-element-71eec2c elementor-widget__width-initial elementor-widget elementor-widget-heading\" data-id=\"71eec2c\" data-element_type=\"widget\" data-e-type=\"widget\" data-widget_type=\"heading.default\">\n\t\t\t\t<div class=\"elementor-widget-container\">\n\t\t\t\t\t<h2 class=\"elementor-heading-title elementor-size-default\">Wil je onze innovatieve en milieuvriendelijke ontwikkelingsprojecten steunen?<\/h2>\t\t\t\t<\/div>\n\t\t\t\t<\/div>\n\t\t\t\t<div class=\"elementor-element elementor-element-38af4b6 elementor-widget elementor-widget-spacer\" data-id=\"38af4b6\" data-element_type=\"widget\" data-e-type=\"widget\" data-widget_type=\"spacer.default\">\n\t\t\t\t<div class=\"elementor-widget-container\">\n\t\t\t\t\t\t\t<div class=\"elementor-spacer\">\n\t\t\t<div class=\"elementor-spacer-inner\"><\/div>\n\t\t<\/div>\n\t\t\t\t\t\t<\/div>\n\t\t\t\t<\/div>\n\t\t\t\t<div class=\"elementor-element elementor-element-6f1eb04 elementor-align-center elementor-widget elementor-widget-button\" data-id=\"6f1eb04\" data-element_type=\"widget\" data-e-type=\"widget\" data-widget_type=\"button.default\">\n\t\t\t\t<div class=\"elementor-widget-container\">\n\t\t\t\t\t\t\t\t\t<div class=\"elementor-button-wrapper\">\n\t\t\t\t\t<a class=\"elementor-button elementor-button-link elementor-size-md\" href=\"https:\/\/www.uningoapp.com\/basic_form?org=ADRA&amp;src=Website&amp;lang=nl\" target=\"_blank\">\n\t\t\t\t\t\t<span class=\"elementor-button-content-wrapper\">\n\t\t\t\t\t\t\t\t\t<span class=\"elementor-button-text\">Doe een gift<\/span>\n\t\t\t\t\t<\/span>\n\t\t\t\t\t<\/a>\n\t\t\t\t<\/div>\n\t\t\t\t\t\t\t\t<\/div>\n\t\t\t\t<\/div>\n\t\t\t\t<div class=\"elementor-element elementor-element-32aacb9 elementor-widget elementor-widget-text-editor\" data-id=\"32aacb9\" data-element_type=\"widget\" data-e-type=\"widget\" data-widget_type=\"text-editor.default\">\n\t\t\t\t<div class=\"elementor-widget-container\">\n\t\t\t\t\t\t\t\t\t<p>met <b>ONTWIKKELING<\/b><span style=\"letter-spacing: 0px;\">\u00a0<\/span><span style=\"letter-spacing: 0px;\">als mededeling<\/span><\/p>\t\t\t\t\t\t\t\t<\/div>\n\t\t\t\t<\/div>\n\t\t\t\t\t<\/div>\n\t\t<\/div>\n\t\t\t\t\t<\/div>\n\t\t<\/section>\n\t\t\t\t<\/div>","protected":false},"excerpt":{"rendered":"<p>Renforcement des infrastructures scolaires au lyc\u00e9e Szilvasi Nous avons le plaisir d\u2019annoncer que les travaux de construction du lyc\u00e9e Szilvasi sont presque termin\u00e9s ! Le lyc\u00e9e, qui se situe dans le quartier Kanyosha, est depuis longtemps confront\u00e9 \u00e0 un manque d\u2019espace et de salles de classes. Depuis l\u2019ann\u00e9e derni\u00e8re, ADRA Belgium soutient la construction d\u2019un [&hellip;]<\/p>\n","protected":false},"author":9,"featured_media":13241,"parent":19115,"menu_order":0,"comment_status":"closed","ping_status":"closed","template":"","meta":{"_acf_changed":false,"_eb_attr":"","footnotes":""},"class_list":["post-19590","page","type-page","status-publish","has-post-thumbnail","hentry"],"acf":[],"_links":{"self":[{"href":"https:\/\/adra.be\/nl\/wp-json\/wp\/v2\/pages\/19590","targetHints":{"allow":["GET"]}}],"collection":[{"href":"https:\/\/adra.be\/nl\/wp-json\/wp\/v2\/pages"}],"about":[{"href":"https:\/\/adra.be\/nl\/wp-json\/wp\/v2\/types\/page"}],"author":[{"embeddable":true,"href":"https:\/\/adra.be\/nl\/wp-json\/wp\/v2\/users\/9"}],"replies":[{"embeddable":true,"href":"https:\/\/adra.be\/nl\/wp-json\/wp\/v2\/comments?post=19590"}],"version-history":[{"count":17,"href":"https:\/\/adra.be\/nl\/wp-json\/wp\/v2\/pages\/19590\/revisions"}],"predecessor-version":[{"id":24181,"href":"https:\/\/adra.be\/nl\/wp-json\/wp\/v2\/pages\/19590\/revisions\/24181"}],"up":[{"embeddable":true,"href":"https:\/\/adra.be\/nl\/wp-json\/wp\/v2\/pages\/19115"}],"wp:featuredmedia":[{"embeddable":true,"href":"https:\/\/adra.be\/nl\/wp-json\/wp\/v2\/media\/13241"}],"wp:attachment":[{"href":"https:\/\/adra.be\/nl\/wp-json\/wp\/v2\/media?parent=19590"}],"curies":[{"name":"wp","href":"https:\/\/api.w.org\/{rel}","templated":true}]}}