{"id":19595,"date":"2023-05-19T15:16:27","date_gmt":"2023-05-19T15:16:27","guid":{"rendered":"https:\/\/adra.be\/?page_id=19595"},"modified":"2024-11-13T12:41:16","modified_gmt":"2024-11-13T12:41:16","slug":"mauritanie","status":"publish","type":"page","link":"https:\/\/adra.be\/nl\/votre-impact\/dans-le-monde\/projets-de-developpement\/dev_2020\/mauritanie\/","title":{"rendered":"Mauritanie_2020_houses.1"},"content":{"rendered":"<div data-elementor-type=\"wp-page\" data-elementor-id=\"19595\" class=\"elementor elementor-19595\" data-elementor-post-type=\"page\">\n\t\t\t\t\t\t<section class=\"elementor-section elementor-top-section elementor-element elementor-element-6da4e52 elementor-section-boxed elementor-section-height-default elementor-section-height-default\" data-id=\"6da4e52\" data-element_type=\"section\" data-e-type=\"section\" data-settings=\"{&quot;background_background&quot;:&quot;classic&quot;}\">\n\t\t\t\t\t\t<div class=\"elementor-container elementor-column-gap-default\">\n\t\t\t\t\t<div class=\"elementor-column elementor-col-50 elementor-top-column elementor-element elementor-element-395ff5f\" data-id=\"395ff5f\" data-element_type=\"column\" data-e-type=\"column\">\n\t\t\t<div class=\"elementor-widget-wrap elementor-element-populated\">\n\t\t\t\t\t\t<div class=\"elementor-element elementor-element-10369e7 elementor-widget elementor-widget-spacer\" data-id=\"10369e7\" data-element_type=\"widget\" data-e-type=\"widget\" data-widget_type=\"spacer.default\">\n\t\t\t\t<div class=\"elementor-widget-container\">\n\t\t\t\t\t\t\t<div class=\"elementor-spacer\">\n\t\t\t<div class=\"elementor-spacer-inner\"><\/div>\n\t\t<\/div>\n\t\t\t\t\t\t<\/div>\n\t\t\t\t<\/div>\n\t\t\t\t<div class=\"elementor-element elementor-element-addf8dc elementor-widget elementor-widget-heading\" data-id=\"addf8dc\" data-element_type=\"widget\" data-e-type=\"widget\" data-widget_type=\"heading.default\">\n\t\t\t\t<div class=\"elementor-widget-container\">\n\t\t\t\t\t<h2 class=\"elementor-heading-title elementor-size-default\">Degelijke woningen<\/h2>\t\t\t\t<\/div>\n\t\t\t\t<\/div>\n\t\t\t\t<div class=\"elementor-element elementor-element-4492d52 elementor-widget elementor-widget-heading\" data-id=\"4492d52\" data-element_type=\"widget\" data-e-type=\"widget\" data-widget_type=\"heading.default\">\n\t\t\t\t<div class=\"elementor-widget-container\">\n\t\t\t\t\t<h2 class=\"elementor-heading-title elementor-size-default\">voor slachtoffers van lepra<\/h2>\t\t\t\t<\/div>\n\t\t\t\t<\/div>\n\t\t\t\t<div class=\"elementor-element elementor-element-5d76727 elementor-widget elementor-widget-image\" data-id=\"5d76727\" data-element_type=\"widget\" data-e-type=\"widget\" data-widget_type=\"image.default\">\n\t\t\t\t<div class=\"elementor-widget-container\">\n\t\t\t\t\t\t\t\t\t\t\t\t\t\t\t<img decoding=\"async\" src=\"https:\/\/adra.be\/wp-content\/uploads\/elementor\/thumbs\/11-ADRA_Mauritania_2019-3087-1-q6ozxtct53orhphq17v1frso83v9i7vlttactllpok.png\" title=\"11 - ADRA_Mauritani\u00eb_2019-3087\" alt=\"11 - ADRA_Mauritani\u00eb_2019-3087\" loading=\"lazy\" \/>\t\t\t\t\t\t\t\t\t\t\t\t\t\t\t<\/div>\n\t\t\t\t<\/div>\n\t\t\t\t<div class=\"elementor-element elementor-element-6fb095a elementor-widget elementor-widget-spacer\" data-id=\"6fb095a\" data-element_type=\"widget\" data-e-type=\"widget\" data-widget_type=\"spacer.default\">\n\t\t\t\t<div class=\"elementor-widget-container\">\n\t\t\t\t\t\t\t<div class=\"elementor-spacer\">\n\t\t\t<div class=\"elementor-spacer-inner\"><\/div>\n\t\t<\/div>\n\t\t\t\t\t\t<\/div>\n\t\t\t\t<\/div>\n\t\t\t\t\t<\/div>\n\t\t<\/div>\n\t\t\t\t<div class=\"elementor-column elementor-col-50 elementor-top-column elementor-element elementor-element-321b056\" data-id=\"321b056\" data-element_type=\"column\" data-e-type=\"column\">\n\t\t\t<div class=\"elementor-widget-wrap elementor-element-populated\">\n\t\t\t\t\t\t<div class=\"elementor-element elementor-element-f02f78e elementor-widget elementor-widget-spacer\" data-id=\"f02f78e\" data-element_type=\"widget\" data-e-type=\"widget\" data-widget_type=\"spacer.default\">\n\t\t\t\t<div class=\"elementor-widget-container\">\n\t\t\t\t\t\t\t<div class=\"elementor-spacer\">\n\t\t\t<div class=\"elementor-spacer-inner\"><\/div>\n\t\t<\/div>\n\t\t\t\t\t\t<\/div>\n\t\t\t\t<\/div>\n\t\t\t\t<div class=\"elementor-element elementor-element-0397582 elementor-widget elementor-widget-image\" data-id=\"0397582\" data-element_type=\"widget\" data-e-type=\"widget\" data-widget_type=\"image.default\">\n\t\t\t\t<div class=\"elementor-widget-container\">\n\t\t\t\t\t\t\t\t\t\t\t\t\t\t\t<img decoding=\"async\" src=\"https:\/\/adra.be\/wp-content\/uploads\/2024\/10\/StickyNoteNL_Mauri-1.png\" title=\"2021_StickyNote_Mauri\" alt=\"2021_StickyNote_Mauri\" loading=\"lazy\" \/>\t\t\t\t\t\t\t\t\t\t\t\t\t\t\t<\/div>\n\t\t\t\t<\/div>\n\t\t\t\t<div class=\"elementor-element elementor-element-56094f4 elementor-widget elementor-widget-spacer\" data-id=\"56094f4\" data-element_type=\"widget\" data-e-type=\"widget\" data-widget_type=\"spacer.default\">\n\t\t\t\t<div class=\"elementor-widget-container\">\n\t\t\t\t\t\t\t<div class=\"elementor-spacer\">\n\t\t\t<div class=\"elementor-spacer-inner\"><\/div>\n\t\t<\/div>\n\t\t\t\t\t\t<\/div>\n\t\t\t\t<\/div>\n\t\t\t\t\t<\/div>\n\t\t<\/div>\n\t\t\t\t\t<\/div>\n\t\t<\/section>\n\t\t\t\t<section class=\"elementor-section elementor-top-section elementor-element elementor-element-7a84dc0 elementor-section-boxed elementor-section-height-default elementor-section-height-default\" data-id=\"7a84dc0\" data-element_type=\"section\" data-e-type=\"section\">\n\t\t\t\t\t\t<div class=\"elementor-container elementor-column-gap-default\">\n\t\t\t\t\t<div class=\"elementor-column elementor-col-100 elementor-top-column elementor-element elementor-element-7b87750\" data-id=\"7b87750\" data-element_type=\"column\" data-e-type=\"column\">\n\t\t\t<div class=\"elementor-widget-wrap elementor-element-populated\">\n\t\t\t\t\t\t<div class=\"elementor-element elementor-element-789d510 elementor-widget elementor-widget-text-editor\" data-id=\"789d510\" data-element_type=\"widget\" data-e-type=\"widget\" data-widget_type=\"text-editor.default\">\n\t\t\t\t<div class=\"elementor-widget-container\">\n\t\t\t\t\t\t\t\t\t<p>Sinds 2018 steunt ADRA Belgium het project <strong>\"EL EMEL\" <\/strong>in samenwerking met de lokale vereniging AMSPHL (Mauritaanse Vereniging voor Steun aan Slachtoffers van Lepra) met als doel <strong>degelijke huisvesting <\/strong>cre\u00ebren voor mensen die ziek of verminkt zijn door lepra op basis van plastic <strong>flessen die gerecycleerd worden. <\/strong>De techniek is eenvoudig: gebruik maken van de meest voorkomende grondstoffen in Mauritani\u00eb, namelijk zand en gebruikte plastic flessen, om de muren van de woningen te bouwen. Vervolgens wordt elk huis voorzien van ramen, deuren en sanitaire voorzieningen.<\/p><p><strong>Het project biedt ook heel wat voordelen voor milieu en natuur: verbetering van de leefomgeving van een gemarginaliseerde bevolking, sensibilisering rond milieubeleid, gebruik van goedkope en gerecycleerde grondstoffen, enz.<\/strong><\/p>\t\t\t\t\t\t\t\t<\/div>\n\t\t\t\t<\/div>\n\t\t\t\t\t<\/div>\n\t\t<\/div>\n\t\t\t\t\t<\/div>\n\t\t<\/section>\n\t\t\t\t<section class=\"elementor-section elementor-top-section elementor-element elementor-element-6f147bd elementor-section-boxed elementor-section-height-default elementor-section-height-default\" data-id=\"6f147bd\" data-element_type=\"section\" data-e-type=\"section\">\n\t\t\t\t\t\t<div class=\"elementor-container elementor-column-gap-default\">\n\t\t\t\t\t<div class=\"elementor-column elementor-col-50 elementor-top-column elementor-element elementor-element-4d372e9\" data-id=\"4d372e9\" data-element_type=\"column\" data-e-type=\"column\" data-settings=\"{&quot;background_background&quot;:&quot;classic&quot;}\">\n\t\t\t<div class=\"elementor-widget-wrap elementor-element-populated\">\n\t\t\t\t\t\t<div class=\"elementor-element elementor-element-2b32875 elementor-widget elementor-widget-image\" data-id=\"2b32875\" data-element_type=\"widget\" data-e-type=\"widget\" data-widget_type=\"image.default\">\n\t\t\t\t<div class=\"elementor-widget-container\">\n\t\t\t\t\t\t\t\t\t\t\t\t\t\t\t<img decoding=\"async\" src=\"https:\/\/adra.be\/wp-content\/uploads\/elementor\/thumbs\/9-ADRA_Mauritania_2019-8160-1-q6p7kp9pmo602f8o7l4b8e41ojrr5idx00qnwxsad0.png\" title=\"9- ADRA_Mauritani\u00eb_2019-8160\" alt=\"9- ADRA_Mauritani\u00eb_2019-8160\" loading=\"lazy\" \/>\t\t\t\t\t\t\t\t\t\t\t\t\t\t\t<\/div>\n\t\t\t\t<\/div>\n\t\t\t\t<div class=\"elementor-element elementor-element-51ac788 elementor-widget elementor-widget-spacer\" data-id=\"51ac788\" data-element_type=\"widget\" data-e-type=\"widget\" data-widget_type=\"spacer.default\">\n\t\t\t\t<div class=\"elementor-widget-container\">\n\t\t\t\t\t\t\t<div class=\"elementor-spacer\">\n\t\t\t<div class=\"elementor-spacer-inner\"><\/div>\n\t\t<\/div>\n\t\t\t\t\t\t<\/div>\n\t\t\t\t<\/div>\n\t\t\t\t\t<\/div>\n\t\t<\/div>\n\t\t\t\t<div class=\"elementor-column elementor-col-50 elementor-top-column elementor-element elementor-element-3b90653\" data-id=\"3b90653\" data-element_type=\"column\" data-e-type=\"column\">\n\t\t\t<div class=\"elementor-widget-wrap elementor-element-populated\">\n\t\t\t\t\t\t<div class=\"elementor-element elementor-element-4d6d7cc elementor-widget__width-initial elementor-widget elementor-widget-image\" data-id=\"4d6d7cc\" data-element_type=\"widget\" data-e-type=\"widget\" data-widget_type=\"image.default\">\n\t\t\t\t<div class=\"elementor-widget-container\">\n\t\t\t\t\t\t\t\t\t\t\t\t\t\t\t<img decoding=\"async\" src=\"https:\/\/adra.be\/wp-content\/uploads\/elementor\/thumbs\/10-ADRA_Mauritania_2019-7819-2-q6p7k1rqvt9pwupy5l85amvir5aqjwee23byifg4vg.jpg\" title=\"10- ADRA_Mauritani\u00eb_2019-7819\" alt=\"10- ADRA_Mauritani\u00eb_2019-7819\" loading=\"lazy\" \/>\t\t\t\t\t\t\t\t\t\t\t\t\t\t\t<\/div>\n\t\t\t\t<\/div>\n\t\t\t\t<div class=\"elementor-element elementor-element-6547c38 elementor-widget elementor-widget-spacer\" data-id=\"6547c38\" data-element_type=\"widget\" data-e-type=\"widget\" data-widget_type=\"spacer.default\">\n\t\t\t\t<div class=\"elementor-widget-container\">\n\t\t\t\t\t\t\t<div class=\"elementor-spacer\">\n\t\t\t<div class=\"elementor-spacer-inner\"><\/div>\n\t\t<\/div>\n\t\t\t\t\t\t<\/div>\n\t\t\t\t<\/div>\n\t\t\t\t\t<\/div>\n\t\t<\/div>\n\t\t\t\t\t<\/div>\n\t\t<\/section>\n\t\t\t\t<section class=\"elementor-section elementor-top-section elementor-element elementor-element-37dc903 elementor-section-boxed elementor-section-height-default elementor-section-height-default\" data-id=\"37dc903\" data-element_type=\"section\" data-e-type=\"section\">\n\t\t\t\t\t\t<div class=\"elementor-container elementor-column-gap-default\">\n\t\t\t\t\t<div class=\"elementor-column elementor-col-100 elementor-top-column elementor-element elementor-element-3cc1a65\" data-id=\"3cc1a65\" data-element_type=\"column\" data-e-type=\"column\">\n\t\t\t<div class=\"elementor-widget-wrap elementor-element-populated\">\n\t\t\t\t\t\t<div class=\"elementor-element elementor-element-f7cd54d elementor-widget__width-initial adra-border-radius elementor-widget-mobile__width-initial elementor-widget elementor-widget-heading\" data-id=\"f7cd54d\" data-element_type=\"widget\" data-e-type=\"widget\" data-widget_type=\"heading.default\">\n\t\t\t\t<div class=\"elementor-widget-container\">\n\t\t\t\t\t<h3 class=\"elementor-heading-title elementor-size-default\">2020, onderwijs als centraal thema in onze acties: bouw multifunctioneel leercentrum<\/h3>\t\t\t\t<\/div>\n\t\t\t\t<\/div>\n\t\t\t\t<div class=\"elementor-element elementor-element-f982cd2 elementor-widget elementor-widget-spacer\" data-id=\"f982cd2\" data-element_type=\"widget\" data-e-type=\"widget\" data-widget_type=\"spacer.default\">\n\t\t\t\t<div class=\"elementor-widget-container\">\n\t\t\t\t\t\t\t<div class=\"elementor-spacer\">\n\t\t\t<div class=\"elementor-spacer-inner\"><\/div>\n\t\t<\/div>\n\t\t\t\t\t\t<\/div>\n\t\t\t\t<\/div>\n\t\t\t\t\t<\/div>\n\t\t<\/div>\n\t\t\t\t\t<\/div>\n\t\t<\/section>\n\t\t\t\t<section class=\"elementor-section elementor-top-section elementor-element elementor-element-5a086a1 elementor-section-boxed elementor-section-height-default elementor-section-height-default\" data-id=\"5a086a1\" data-element_type=\"section\" data-e-type=\"section\">\n\t\t\t\t\t\t<div class=\"elementor-container elementor-column-gap-default\">\n\t\t\t\t\t<div class=\"elementor-column elementor-col-33 elementor-top-column elementor-element elementor-element-73e4026\" data-id=\"73e4026\" data-element_type=\"column\" data-e-type=\"column\">\n\t\t\t<div class=\"elementor-widget-wrap elementor-element-populated\">\n\t\t\t\t\t\t<div class=\"elementor-element elementor-element-73ff8a1 elementor-widget elementor-widget-text-editor\" data-id=\"73ff8a1\" data-element_type=\"widget\" data-e-type=\"widget\" data-widget_type=\"text-editor.default\">\n\t\t\t\t<div class=\"elementor-widget-container\">\n\t\t\t\t\t\t\t\t\t<p>In 2020 nam ADRA Belgium deel aan de bouw van een multifunctioneel leercentrum voor werkloze jongeren in de gemeente El Mina, gelegen in Nouakchott (hoofdstad), in samenwerking met verschillende betrokkenen op het terrein.\u00a0<\/p><p>De armoede in Mauritani\u00eb houdt vaak verband met het gebrek aan toegang tot kwaliteitsvol onderwijs. Een tekort aan werkmiddelen, overvolle klassen en onderbetaalde leerkrachten leiden ertoe dat veel jongeren de school verlaten nog voordat ze in een van de twee landstalen (Frans of Arabisch) kunnen lezen en schrijven.<\/p>\t\t\t\t\t\t\t\t<\/div>\n\t\t\t\t<\/div>\n\t\t\t\t\t<\/div>\n\t\t<\/div>\n\t\t\t\t<div class=\"elementor-column elementor-col-33 elementor-top-column elementor-element elementor-element-7036cb3\" data-id=\"7036cb3\" data-element_type=\"column\" data-e-type=\"column\">\n\t\t\t<div class=\"elementor-widget-wrap elementor-element-populated\">\n\t\t\t\t\t\t<div class=\"elementor-element elementor-element-33fbf41 elementor-widget elementor-widget-text-editor\" data-id=\"33fbf41\" data-element_type=\"widget\" data-e-type=\"widget\" data-widget_type=\"text-editor.default\">\n\t\t\t\t<div class=\"elementor-widget-container\">\n\t\t\t\t\t\t\t\t\t<p>Dit gebrek aan kennis, in combinatie met andere tekortkomingen in de opleiding, belemmert de zoektocht naar werk.<\/p><p>Eenmaal voltooid zal het centrum zich in het bijzonder richten op deze jongeren om hen op te leiden in de twee landstalen, in het Engels en in computervaardigheden, waardoor hun kansen op de arbeidsmarkt sterk zullen verbeteren. Naast het educatieve aspect biedt het centrum ook een EHBO-kliniek, een boekhandel en een cafetaria, en draagt het bij aan de verbetering van de gezondheid en de economische omstandigheden van een sterk gemarginaliseerde bevolking.<\/p>\t\t\t\t\t\t\t\t<\/div>\n\t\t\t\t<\/div>\n\t\t\t\t\t<\/div>\n\t\t<\/div>\n\t\t\t\t<div class=\"elementor-column elementor-col-33 elementor-top-column elementor-element elementor-element-15fc808\" data-id=\"15fc808\" data-element_type=\"column\" data-e-type=\"column\">\n\t\t\t<div class=\"elementor-widget-wrap elementor-element-populated\">\n\t\t\t\t\t\t<div class=\"elementor-element elementor-element-15d8280 elementor-widget elementor-widget-text-editor\" data-id=\"15d8280\" data-element_type=\"widget\" data-e-type=\"widget\" data-widget_type=\"text-editor.default\">\n\t\t\t\t<div class=\"elementor-widget-container\">\n\t\t\t\t\t\t\t\t\t<p>Het leercentrum werd gebouwd met <strong>dezelfde techniek van herbruikbare plastic flessen <\/strong>, en zal ook voorzien worden van zonnepanelen en een waterfiltratiesysteem. Dit centrum heeft tot doel de <strong>duurzame ontwikkeling te ondersteunen en te bevorderen <\/strong>(educatief, economisch, ecologisch, enz.) van de hele gemeenschap en is bedoeld als een <strong>ontmoetingsplaats met opportuniteiten voor alle inwoners van El Mina.<\/strong><\/p>\t\t\t\t\t\t\t\t<\/div>\n\t\t\t\t<\/div>\n\t\t\t\t\t<\/div>\n\t\t<\/div>\n\t\t\t\t\t<\/div>\n\t\t<\/section>\n\t\t\t\t<section class=\"elementor-section elementor-top-section elementor-element elementor-element-2dcb27f elementor-section-boxed elementor-section-height-default elementor-section-height-default\" data-id=\"2dcb27f\" data-element_type=\"section\" data-e-type=\"section\">\n\t\t\t\t\t\t<div class=\"elementor-container elementor-column-gap-default\">\n\t\t\t\t\t<div class=\"elementor-column elementor-col-100 elementor-top-column elementor-element elementor-element-b690f47\" data-id=\"b690f47\" data-element_type=\"column\" data-e-type=\"column\">\n\t\t\t<div class=\"elementor-widget-wrap elementor-element-populated\">\n\t\t\t\t\t\t<div class=\"elementor-element elementor-element-3044e9c elementor-widget__width-initial adra-border-radius elementor-widget-mobile__width-initial elementor-widget elementor-widget-heading\" data-id=\"3044e9c\" data-element_type=\"widget\" data-e-type=\"widget\" data-widget_type=\"heading.default\">\n\t\t\t\t<div class=\"elementor-widget-container\">\n\t\t\t\t\t<h3 class=\"elementor-heading-title elementor-size-default\">Maak kennis met Fatimatou<\/h3>\t\t\t\t<\/div>\n\t\t\t\t<\/div>\n\t\t\t\t<div class=\"elementor-element elementor-element-666d979 elementor-widget elementor-widget-spacer\" data-id=\"666d979\" data-element_type=\"widget\" data-e-type=\"widget\" data-widget_type=\"spacer.default\">\n\t\t\t\t<div class=\"elementor-widget-container\">\n\t\t\t\t\t\t\t<div class=\"elementor-spacer\">\n\t\t\t<div class=\"elementor-spacer-inner\"><\/div>\n\t\t<\/div>\n\t\t\t\t\t\t<\/div>\n\t\t\t\t<\/div>\n\t\t\t\t\t<\/div>\n\t\t<\/div>\n\t\t\t\t\t<\/div>\n\t\t<\/section>\n\t\t\t\t<section class=\"elementor-section elementor-top-section elementor-element elementor-element-35b78f45 elementor-section-boxed elementor-section-height-default elementor-section-height-default\" data-id=\"35b78f45\" data-element_type=\"section\" data-e-type=\"section\" data-settings=\"{&quot;background_background&quot;:&quot;classic&quot;}\">\n\t\t\t\t\t\t<div class=\"elementor-container elementor-column-gap-default\">\n\t\t\t\t\t<div class=\"elementor-column elementor-col-100 elementor-top-column elementor-element elementor-element-2f0d125f\" data-id=\"2f0d125f\" data-element_type=\"column\" data-e-type=\"column\">\n\t\t\t<div class=\"elementor-widget-wrap elementor-element-populated\">\n\t\t\t\t\t\t<div class=\"elementor-element elementor-element-fdde2ed elementor-widget elementor-widget-spacer\" data-id=\"fdde2ed\" data-element_type=\"widget\" data-e-type=\"widget\" data-widget_type=\"spacer.default\">\n\t\t\t\t<div class=\"elementor-widget-container\">\n\t\t\t\t\t\t\t<div class=\"elementor-spacer\">\n\t\t\t<div class=\"elementor-spacer-inner\"><\/div>\n\t\t<\/div>\n\t\t\t\t\t\t<\/div>\n\t\t\t\t<\/div>\n\t\t\t\t<div class=\"elementor-element elementor-element-54633e34 elementor-widget__width-initial elementor-widget elementor-widget-testimonial\" data-id=\"54633e34\" data-element_type=\"widget\" data-e-type=\"widget\" data-widget_type=\"testimonial.default\">\n\t\t\t\t<div class=\"elementor-widget-container\">\n\t\t\t\t\t\t\t<div class=\"elementor-testimonial-wrapper\">\n\t\t\t\t\t\t\t<div class=\"elementor-testimonial-content\"><i> \"Om de eindjes aan elkaar te knopen, verkopen wij, de vrouwen in de co\u00f6peratie, mulafa\u2019s(2) op belangrijke evenementen, want we weten zeker dat ze zullen verkopen. Ik ben ADRA dankbaar omdat zij ons voorzien hebben van een solide en duurzaam gebouw dat op een drukke weg gevestigd is. Mijn droom is dat we op een dag een schrijf- en rekenprogramma zullen hebben voor vrouwen in de co\u00f6peratie die niet kunnen lezen of schrijven.\"<\/i><\/div>\n\t\t\t\n\t\t\t\t\t\t<div class=\"elementor-testimonial-meta elementor-has-image elementor-testimonial-image-position-aside\">\n\t\t\t\t<div class=\"elementor-testimonial-meta-inner\">\n\t\t\t\t\t\t\t\t\t\t\t<div class=\"elementor-testimonial-image\">\n\t\t\t\t\t\t\t<img fetchpriority=\"high\" decoding=\"async\" width=\"1972\" height=\"1315\" src=\"https:\/\/adra.be\/wp-content\/uploads\/2023\/05\/10-Mauritania-Fatimatou-IMG_3884-002.png\" class=\"attachment-full size-full wp-image-19599\" alt=\"\" srcset=\"https:\/\/adra.be\/wp-content\/uploads\/2023\/05\/10-Mauritania-Fatimatou-IMG_3884-002.png 1972w, https:\/\/adra.be\/wp-content\/uploads\/2023\/05\/10-Mauritania-Fatimatou-IMG_3884-002-300x200.png 300w, https:\/\/adra.be\/wp-content\/uploads\/2023\/05\/10-Mauritania-Fatimatou-IMG_3884-002-1024x683.png 1024w, https:\/\/adra.be\/wp-content\/uploads\/2023\/05\/10-Mauritania-Fatimatou-IMG_3884-002-768x512.png 768w, https:\/\/adra.be\/wp-content\/uploads\/2023\/05\/10-Mauritania-Fatimatou-IMG_3884-002-1536x1024.png 1536w, https:\/\/adra.be\/wp-content\/uploads\/2023\/05\/10-Mauritania-Fatimatou-IMG_3884-002-18x12.png 18w\" sizes=\"(max-width: 1972px) 100vw, 1972px\" \/>\t\t\t\t\t\t<\/div>\n\t\t\t\t\t\n\t\t\t\t\t\t\t\t\t\t<div class=\"elementor-testimonial-details\">\n\t\t\t\t\t\t\t\t\t\t\t\t\t\t<div class=\"elementor-testimonial-name\">Fatimatou<\/div>\n\t\t\t\t\t\t\t\t\t\t\t\t\t\t\t\t\t\t\t\t\t\t<div class=\"elementor-testimonial-job\">70 jaar<\/div>\n\t\t\t\t\t\t\t\t\t\t\t\t\t<\/div>\n\t\t\t\t\t\t\t\t\t<\/div>\n\t\t\t<\/div>\n\t\t\t\t\t<\/div>\n\t\t\t\t\t\t<\/div>\n\t\t\t\t<\/div>\n\t\t\t\t<div class=\"elementor-element elementor-element-6280a04 elementor-widget elementor-widget-spacer\" data-id=\"6280a04\" data-element_type=\"widget\" data-e-type=\"widget\" data-widget_type=\"spacer.default\">\n\t\t\t\t<div class=\"elementor-widget-container\">\n\t\t\t\t\t\t\t<div class=\"elementor-spacer\">\n\t\t\t<div class=\"elementor-spacer-inner\"><\/div>\n\t\t<\/div>\n\t\t\t\t\t\t<\/div>\n\t\t\t\t<\/div>\n\t\t\t\t\t<\/div>\n\t\t<\/div>\n\t\t\t\t\t<\/div>\n\t\t<\/section>\n\t\t\t\t<\/div>","protected":false},"excerpt":{"rendered":"<p>des logements d\u00e9cents pour des personnes touch\u00e9es par la l\u00e8pre Depuis 2018, ADRA soutient le projet \u00ab EL EMEL \u00bb en collaboration avec l\u2019association locale AMSPHL (Association Mauritanienne de Soutien aux Personnes Handicap\u00e9es par la L\u00e8pre), visant \u00e0 cr\u00e9er des habitations salubres pour les personnes malades ou mutil\u00e9es par la l\u00e8pre en recyclant des bouteilles [&hellip;]<\/p>\n","protected":false},"author":9,"featured_media":13241,"parent":19115,"menu_order":0,"comment_status":"closed","ping_status":"closed","template":"","meta":{"_acf_changed":false,"_eb_attr":"","footnotes":""},"class_list":["post-19595","page","type-page","status-publish","has-post-thumbnail","hentry"],"acf":[],"_links":{"self":[{"href":"https:\/\/adra.be\/nl\/wp-json\/wp\/v2\/pages\/19595","targetHints":{"allow":["GET"]}}],"collection":[{"href":"https:\/\/adra.be\/nl\/wp-json\/wp\/v2\/pages"}],"about":[{"href":"https:\/\/adra.be\/nl\/wp-json\/wp\/v2\/types\/page"}],"author":[{"embeddable":true,"href":"https:\/\/adra.be\/nl\/wp-json\/wp\/v2\/users\/9"}],"replies":[{"embeddable":true,"href":"https:\/\/adra.be\/nl\/wp-json\/wp\/v2\/comments?post=19595"}],"version-history":[{"count":18,"href":"https:\/\/adra.be\/nl\/wp-json\/wp\/v2\/pages\/19595\/revisions"}],"predecessor-version":[{"id":24184,"href":"https:\/\/adra.be\/nl\/wp-json\/wp\/v2\/pages\/19595\/revisions\/24184"}],"up":[{"embeddable":true,"href":"https:\/\/adra.be\/nl\/wp-json\/wp\/v2\/pages\/19115"}],"wp:featuredmedia":[{"embeddable":true,"href":"https:\/\/adra.be\/nl\/wp-json\/wp\/v2\/media\/13241"}],"wp:attachment":[{"href":"https:\/\/adra.be\/nl\/wp-json\/wp\/v2\/media?parent=19595"}],"curies":[{"name":"wp","href":"https:\/\/api.w.org\/{rel}","templated":true}]}}