{"id":19650,"date":"2023-05-29T05:17:45","date_gmt":"2023-05-29T05:17:45","guid":{"rendered":"https:\/\/adra.be\/?page_id=19650"},"modified":"2024-11-13T12:35:22","modified_gmt":"2024-11-13T12:35:22","slug":"mauritanie","status":"publish","type":"page","link":"https:\/\/adra.be\/nl\/votre-impact\/dans-le-monde\/projets-de-developpement\/dev_2019\/mauritanie\/","title":{"rendered":"Mauritanie_2019_houses.2"},"content":{"rendered":"<div data-elementor-type=\"wp-page\" data-elementor-id=\"19650\" class=\"elementor elementor-19650\" data-elementor-post-type=\"page\">\n\t\t\t\t\t\t<section class=\"elementor-section elementor-top-section elementor-element elementor-element-6da4e52 elementor-section-boxed elementor-section-height-default elementor-section-height-default\" data-id=\"6da4e52\" data-element_type=\"section\" data-e-type=\"section\" data-settings=\"{&quot;background_background&quot;:&quot;classic&quot;}\">\n\t\t\t\t\t\t<div class=\"elementor-container elementor-column-gap-default\">\n\t\t\t\t\t<div class=\"elementor-column elementor-col-50 elementor-top-column elementor-element elementor-element-395ff5f\" data-id=\"395ff5f\" data-element_type=\"column\" data-e-type=\"column\">\n\t\t\t<div class=\"elementor-widget-wrap elementor-element-populated\">\n\t\t\t\t\t\t<div class=\"elementor-element elementor-element-10369e7 elementor-widget elementor-widget-spacer\" data-id=\"10369e7\" data-element_type=\"widget\" data-e-type=\"widget\" data-widget_type=\"spacer.default\">\n\t\t\t\t<div class=\"elementor-widget-container\">\n\t\t\t\t\t\t\t<div class=\"elementor-spacer\">\n\t\t\t<div class=\"elementor-spacer-inner\"><\/div>\n\t\t<\/div>\n\t\t\t\t\t\t<\/div>\n\t\t\t\t<\/div>\n\t\t\t\t<div class=\"elementor-element elementor-element-addf8dc elementor-widget elementor-widget-heading\" data-id=\"addf8dc\" data-element_type=\"widget\" data-e-type=\"widget\" data-widget_type=\"heading.default\">\n\t\t\t\t<div class=\"elementor-widget-container\">\n\t\t\t\t\t<h2 class=\"elementor-heading-title elementor-size-default\">Degelijke woningen<\/h2>\t\t\t\t<\/div>\n\t\t\t\t<\/div>\n\t\t\t\t<div class=\"elementor-element elementor-element-4492d52 elementor-widget elementor-widget-heading\" data-id=\"4492d52\" data-element_type=\"widget\" data-e-type=\"widget\" data-widget_type=\"heading.default\">\n\t\t\t\t<div class=\"elementor-widget-container\">\n\t\t\t\t\t<h2 class=\"elementor-heading-title elementor-size-default\">voor slachtoffers van lepra<\/h2>\t\t\t\t<\/div>\n\t\t\t\t<\/div>\n\t\t\t\t<div class=\"elementor-element elementor-element-5d76727 elementor-widget elementor-widget-image\" data-id=\"5d76727\" data-element_type=\"widget\" data-e-type=\"widget\" data-widget_type=\"image.default\">\n\t\t\t\t<div class=\"elementor-widget-container\">\n\t\t\t\t\t\t\t\t\t\t\t\t\t\t\t<img decoding=\"async\" src=\"https:\/\/adra.be\/wp-content\/uploads\/elementor\/thumbs\/11-ADRA_Mauritania_2019-3087-1-q6ozxtct53orhphq17v1frso83v9i7vlttactllpok.png\" title=\"11 - ADRA_Mauritani\u00eb_2019-3087\" alt=\"11 - ADRA_Mauritani\u00eb_2019-3087\" loading=\"lazy\" \/>\t\t\t\t\t\t\t\t\t\t\t\t\t\t\t<\/div>\n\t\t\t\t<\/div>\n\t\t\t\t<div class=\"elementor-element elementor-element-6fb095a elementor-widget elementor-widget-spacer\" data-id=\"6fb095a\" data-element_type=\"widget\" data-e-type=\"widget\" data-widget_type=\"spacer.default\">\n\t\t\t\t<div class=\"elementor-widget-container\">\n\t\t\t\t\t\t\t<div class=\"elementor-spacer\">\n\t\t\t<div class=\"elementor-spacer-inner\"><\/div>\n\t\t<\/div>\n\t\t\t\t\t\t<\/div>\n\t\t\t\t<\/div>\n\t\t\t\t\t<\/div>\n\t\t<\/div>\n\t\t\t\t<div class=\"elementor-column elementor-col-50 elementor-top-column elementor-element elementor-element-321b056\" data-id=\"321b056\" data-element_type=\"column\" data-e-type=\"column\">\n\t\t\t<div class=\"elementor-widget-wrap elementor-element-populated\">\n\t\t\t\t\t\t<div class=\"elementor-element elementor-element-f02f78e elementor-widget elementor-widget-spacer\" data-id=\"f02f78e\" data-element_type=\"widget\" data-e-type=\"widget\" data-widget_type=\"spacer.default\">\n\t\t\t\t<div class=\"elementor-widget-container\">\n\t\t\t\t\t\t\t<div class=\"elementor-spacer\">\n\t\t\t<div class=\"elementor-spacer-inner\"><\/div>\n\t\t<\/div>\n\t\t\t\t\t\t<\/div>\n\t\t\t\t<\/div>\n\t\t\t\t<div class=\"elementor-element elementor-element-0397582 elementor-widget elementor-widget-image\" data-id=\"0397582\" data-element_type=\"widget\" data-e-type=\"widget\" data-widget_type=\"image.default\">\n\t\t\t\t<div class=\"elementor-widget-container\">\n\t\t\t\t\t\t\t\t\t\t\t\t\t\t\t<img fetchpriority=\"high\" decoding=\"async\" width=\"768\" height=\"807\" src=\"https:\/\/adra.be\/wp-content\/uploads\/2024\/10\/StickyNoteNL_Mauri.png\" class=\"attachment-medium_large size-medium_large wp-image-19653\" alt=\"\" srcset=\"https:\/\/adra.be\/wp-content\/uploads\/2024\/10\/StickyNoteNL_Mauri.png 1338w, https:\/\/adra.be\/wp-content\/uploads\/2024\/10\/StickyNoteNL_Mauri-289x300.png 289w, https:\/\/adra.be\/wp-content\/uploads\/2024\/10\/StickyNoteNL_Mauri-987x1024.png 987w, https:\/\/adra.be\/wp-content\/uploads\/2024\/10\/StickyNoteNL_Mauri-768x797.png 768w, https:\/\/adra.be\/wp-content\/uploads\/2024\/10\/StickyNoteNL_Mauri-12x12.png 12w\" sizes=\"(max-width: 768px) 100vw, 768px\" \/>\t\t\t\t\t\t\t\t\t\t\t\t\t\t\t<\/div>\n\t\t\t\t<\/div>\n\t\t\t\t<div class=\"elementor-element elementor-element-56094f4 elementor-widget elementor-widget-spacer\" data-id=\"56094f4\" data-element_type=\"widget\" data-e-type=\"widget\" data-widget_type=\"spacer.default\">\n\t\t\t\t<div class=\"elementor-widget-container\">\n\t\t\t\t\t\t\t<div class=\"elementor-spacer\">\n\t\t\t<div class=\"elementor-spacer-inner\"><\/div>\n\t\t<\/div>\n\t\t\t\t\t\t<\/div>\n\t\t\t\t<\/div>\n\t\t\t\t\t<\/div>\n\t\t<\/div>\n\t\t\t\t\t<\/div>\n\t\t<\/section>\n\t\t\t\t<section class=\"elementor-section elementor-top-section elementor-element elementor-element-7a84dc0 elementor-section-boxed elementor-section-height-default elementor-section-height-default\" data-id=\"7a84dc0\" data-element_type=\"section\" data-e-type=\"section\">\n\t\t\t\t\t\t<div class=\"elementor-container elementor-column-gap-default\">\n\t\t\t\t\t<div class=\"elementor-column elementor-col-100 elementor-top-column elementor-element elementor-element-7b87750\" data-id=\"7b87750\" data-element_type=\"column\" data-e-type=\"column\">\n\t\t\t<div class=\"elementor-widget-wrap elementor-element-populated\">\n\t\t\t\t\t\t<div class=\"elementor-element elementor-element-789d510 elementor-widget elementor-widget-text-editor\" data-id=\"789d510\" data-element_type=\"widget\" data-e-type=\"widget\" data-widget_type=\"text-editor.default\">\n\t\t\t\t<div class=\"elementor-widget-container\">\n\t\t\t\t\t\t\t\t\t<p>Sinds 2018 steunt ADRA Belgium het project <strong>\"EL EMEL\" <\/strong>in samenwerking met de lokale vereniging AMSPHL (Mauritaanse Vereniging voor Steun aan Slachtoffers van Lepra) met als doel <strong>degelijke huisvesting <\/strong>cre\u00ebren voor mensen die ziek of verminkt zijn door lepra op basis van plastic <strong>flessen die gerecycleerd worden. <\/strong>De techniek is eenvoudig: gebruik maken van de meest voorkomende grondstoffen in Mauritani\u00eb, namelijk zand en gebruikte plastic flessen, om de muren van de woningen te bouwen. Vervolgens wordt elk huis voorzien van ramen, deuren en sanitaire voorzieningen.<\/p><p><strong>Het project biedt ook heel wat voordelen voor milieu en natuur: verbetering van de leefomgeving van een gemarginaliseerde bevolking, sensibilisering rond milieubeleid, gebruik van goedkope en gerecycleerde grondstoffen, enz.<\/strong><\/p>\t\t\t\t\t\t\t\t<\/div>\n\t\t\t\t<\/div>\n\t\t\t\t\t<\/div>\n\t\t<\/div>\n\t\t\t\t\t<\/div>\n\t\t<\/section>\n\t\t\t\t<section class=\"elementor-section elementor-top-section elementor-element elementor-element-6f147bd elementor-section-boxed elementor-section-height-default elementor-section-height-default\" data-id=\"6f147bd\" data-element_type=\"section\" data-e-type=\"section\">\n\t\t\t\t\t\t<div class=\"elementor-container elementor-column-gap-default\">\n\t\t\t\t\t<div class=\"elementor-column elementor-col-50 elementor-top-column elementor-element elementor-element-4d372e9\" data-id=\"4d372e9\" data-element_type=\"column\" data-e-type=\"column\" data-settings=\"{&quot;background_background&quot;:&quot;classic&quot;}\">\n\t\t\t<div class=\"elementor-widget-wrap elementor-element-populated\">\n\t\t\t\t\t\t<div class=\"elementor-element elementor-element-2b32875 elementor-widget elementor-widget-image\" data-id=\"2b32875\" data-element_type=\"widget\" data-e-type=\"widget\" data-widget_type=\"image.default\">\n\t\t\t\t<div class=\"elementor-widget-container\">\n\t\t\t\t\t\t\t\t\t\t\t\t\t\t\t<img decoding=\"async\" src=\"https:\/\/adra.be\/wp-content\/uploads\/elementor\/thumbs\/9-ADRA_Mauritania_2019-8160-1-q6p7kp9pmo602f8o7l4b8e41ojrr5idx00qnwxsad0.png\" title=\"9- ADRA_Mauritani\u00eb_2019-8160\" alt=\"9- ADRA_Mauritani\u00eb_2019-8160\" loading=\"lazy\" \/>\t\t\t\t\t\t\t\t\t\t\t\t\t\t\t<\/div>\n\t\t\t\t<\/div>\n\t\t\t\t\t<\/div>\n\t\t<\/div>\n\t\t\t\t<div class=\"elementor-column elementor-col-50 elementor-top-column elementor-element elementor-element-3b90653\" data-id=\"3b90653\" data-element_type=\"column\" data-e-type=\"column\">\n\t\t\t<div class=\"elementor-widget-wrap elementor-element-populated\">\n\t\t\t\t\t\t<div class=\"elementor-element elementor-element-4d6d7cc elementor-widget__width-initial elementor-widget elementor-widget-image\" data-id=\"4d6d7cc\" data-element_type=\"widget\" data-e-type=\"widget\" data-widget_type=\"image.default\">\n\t\t\t\t<div class=\"elementor-widget-container\">\n\t\t\t\t\t\t\t\t\t\t\t\t\t\t\t<img decoding=\"async\" src=\"https:\/\/adra.be\/wp-content\/uploads\/elementor\/thumbs\/10-ADRA_Mauritania_2019-7819-2-q6p7k1rqvt9pwupy5l85amvir5aqjwee23byifg4vg.jpg\" title=\"10- ADRA_Mauritani\u00eb_2019-7819\" alt=\"10- ADRA_Mauritani\u00eb_2019-7819\" loading=\"lazy\" \/>\t\t\t\t\t\t\t\t\t\t\t\t\t\t\t<\/div>\n\t\t\t\t<\/div>\n\t\t\t\t\t<\/div>\n\t\t<\/div>\n\t\t\t\t\t<\/div>\n\t\t<\/section>\n\t\t\t\t<section class=\"elementor-section elementor-top-section elementor-element elementor-element-5a086a1 elementor-section-boxed elementor-section-height-default elementor-section-height-default\" data-id=\"5a086a1\" data-element_type=\"section\" data-e-type=\"section\" data-settings=\"{&quot;background_background&quot;:&quot;classic&quot;}\">\n\t\t\t\t\t\t<div class=\"elementor-container elementor-column-gap-default\">\n\t\t\t\t\t<div class=\"elementor-column elementor-col-33 elementor-top-column elementor-element elementor-element-73e4026\" data-id=\"73e4026\" data-element_type=\"column\" data-e-type=\"column\">\n\t\t\t<div class=\"elementor-widget-wrap elementor-element-populated\">\n\t\t\t\t\t\t<div class=\"elementor-element elementor-element-73ff8a1 elementor-widget elementor-widget-text-editor\" data-id=\"73ff8a1\" data-element_type=\"widget\" data-e-type=\"widget\" data-widget_type=\"text-editor.default\">\n\t\t\t\t<div class=\"elementor-widget-container\">\n\t\t\t\t\t\t\t\t\t<p>Naast de technische voordelen kunnen we dankzij dit project ook 12 zieke of verminkte gezinnen een degelijk onderdak bieden, 10 metselaars binnen de gemeenschap opleiden, 8 000 plastic flessen per huis recycleren, 600 mensen in de lokale gemeenschap bewustmaken om plastic afval te recycleren.<\/p>\t\t\t\t\t\t\t\t<\/div>\n\t\t\t\t<\/div>\n\t\t\t\t\t<\/div>\n\t\t<\/div>\n\t\t\t\t<div class=\"elementor-column elementor-col-33 elementor-top-column elementor-element elementor-element-7036cb3\" data-id=\"7036cb3\" data-element_type=\"column\" data-e-type=\"column\">\n\t\t\t<div class=\"elementor-widget-wrap elementor-element-populated\">\n\t\t\t\t\t\t<div class=\"elementor-element elementor-element-33fbf41 elementor-widget elementor-widget-text-editor\" data-id=\"33fbf41\" data-element_type=\"widget\" data-e-type=\"widget\" data-widget_type=\"text-editor.default\">\n\t\t\t\t<div class=\"elementor-widget-container\">\n\t\t\t\t\t\t\t\t\t<p>De inzamelingen en bewustmakingsacties zullen bovendien in meerdere scholen, ambassades en diensten van de hoofdstad van Mauritani\u00eb tegelijk gebeuren.<\/p>\t\t\t\t\t\t\t\t<\/div>\n\t\t\t\t<\/div>\n\t\t\t\t\t<\/div>\n\t\t<\/div>\n\t\t\t\t<div class=\"elementor-column elementor-col-33 elementor-top-column elementor-element elementor-element-15fc808\" data-id=\"15fc808\" data-element_type=\"column\" data-e-type=\"column\">\n\t\t\t<div class=\"elementor-widget-wrap elementor-element-populated\">\n\t\t\t\t\t\t<div class=\"elementor-element elementor-element-15d8280 elementor-widget elementor-widget-text-editor\" data-id=\"15d8280\" data-element_type=\"widget\" data-e-type=\"widget\" data-widget_type=\"text-editor.default\">\n\t\t\t\t<div class=\"elementor-widget-container\">\n\t\t\t\t\t\t\t\t\t<p>Eenmaal de metselaars de techniek onder de knie hebben, kunnen ze helpen en de leden van de gemeenschap opleiden om hun eigen huis te bouwen.<\/p>\t\t\t\t\t\t\t\t<\/div>\n\t\t\t\t<\/div>\n\t\t\t\t\t<\/div>\n\t\t<\/div>\n\t\t\t\t\t<\/div>\n\t\t<\/section>\n\t\t\t\t<section class=\"elementor-section elementor-top-section elementor-element elementor-element-f8a68f6 elementor-section-boxed elementor-section-height-default elementor-section-height-default\" data-id=\"f8a68f6\" data-element_type=\"section\" data-e-type=\"section\">\n\t\t\t\t\t\t<div class=\"elementor-container elementor-column-gap-default\">\n\t\t\t\t\t<div class=\"elementor-column elementor-col-33 elementor-top-column elementor-element elementor-element-d2cd6fc\" data-id=\"d2cd6fc\" data-element_type=\"column\" data-e-type=\"column\">\n\t\t\t<div class=\"elementor-widget-wrap elementor-element-populated\">\n\t\t\t\t\t\t<div class=\"elementor-element elementor-element-db56026 elementor-widget elementor-widget-image\" data-id=\"db56026\" data-element_type=\"widget\" data-e-type=\"widget\" data-widget_type=\"image.default\">\n\t\t\t\t<div class=\"elementor-widget-container\">\n\t\t\t\t\t\t\t\t\t\t\t\t\t\t\t<img decoding=\"async\" width=\"2560\" height=\"1707\" src=\"https:\/\/adra.be\/wp-content\/uploads\/2023\/05\/MG_0503-2-scaled.jpg\" class=\"attachment-full size-full wp-image-19660\" alt=\"\" srcset=\"https:\/\/adra.be\/wp-content\/uploads\/2023\/05\/MG_0503-2-scaled.jpg 2560w, https:\/\/adra.be\/wp-content\/uploads\/2023\/05\/MG_0503-2-300x200.jpg 300w, https:\/\/adra.be\/wp-content\/uploads\/2023\/05\/MG_0503-2-1024x683.jpg 1024w, https:\/\/adra.be\/wp-content\/uploads\/2023\/05\/MG_0503-2-768x512.jpg 768w, https:\/\/adra.be\/wp-content\/uploads\/2023\/05\/MG_0503-2-1536x1024.jpg 1536w, https:\/\/adra.be\/wp-content\/uploads\/2023\/05\/MG_0503-2-2048x1365.jpg 2048w, https:\/\/adra.be\/wp-content\/uploads\/2023\/05\/MG_0503-2-18x12.jpg 18w, https:\/\/adra.be\/wp-content\/uploads\/2023\/05\/MG_0503-2-2000x1333.jpg 2000w\" sizes=\"(max-width: 2560px) 100vw, 2560px\" \/>\t\t\t\t\t\t\t\t\t\t\t\t\t\t\t<\/div>\n\t\t\t\t<\/div>\n\t\t\t\t\t<\/div>\n\t\t<\/div>\n\t\t\t\t<div class=\"elementor-column elementor-col-33 elementor-top-column elementor-element elementor-element-f92d9e9\" data-id=\"f92d9e9\" data-element_type=\"column\" data-e-type=\"column\">\n\t\t\t<div class=\"elementor-widget-wrap elementor-element-populated\">\n\t\t\t\t\t\t<div class=\"elementor-element elementor-element-6f848de elementor-widget elementor-widget-image\" data-id=\"6f848de\" data-element_type=\"widget\" data-e-type=\"widget\" data-widget_type=\"image.default\">\n\t\t\t\t<div class=\"elementor-widget-container\">\n\t\t\t\t\t\t\t\t\t\t\t\t\t\t\t<img decoding=\"async\" src=\"https:\/\/adra.be\/wp-content\/uploads\/elementor\/thumbs\/IMG-20190208-WA0037-q75yejymqqddjdahxnjs8mxmitmxk5tvu9hmia6v8g.jpg\" title=\"IMG-20190208-WA0037\" alt=\"IMG-20190208-WA0037\" loading=\"lazy\" \/>\t\t\t\t\t\t\t\t\t\t\t\t\t\t\t<\/div>\n\t\t\t\t<\/div>\n\t\t\t\t\t<\/div>\n\t\t<\/div>\n\t\t\t\t<div class=\"elementor-column elementor-col-33 elementor-top-column elementor-element elementor-element-605d9d8\" data-id=\"605d9d8\" data-element_type=\"column\" data-e-type=\"column\">\n\t\t\t<div class=\"elementor-widget-wrap elementor-element-populated\">\n\t\t\t\t\t\t<div class=\"elementor-element elementor-element-0274e22 elementor-widget elementor-widget-image\" data-id=\"0274e22\" data-element_type=\"widget\" data-e-type=\"widget\" data-widget_type=\"image.default\">\n\t\t\t\t<div class=\"elementor-widget-container\">\n\t\t\t\t\t\t\t\t\t\t\t\t\t\t\t<img decoding=\"async\" width=\"800\" height=\"534\" src=\"https:\/\/adra.be\/wp-content\/uploads\/2023\/05\/ADRA_Mauritania_2019-3680-1024x683.jpg\" class=\"attachment-large size-large wp-image-19662\" alt=\"\" srcset=\"https:\/\/adra.be\/wp-content\/uploads\/2023\/05\/ADRA_Mauritania_2019-3680-1024x683.jpg 1024w, https:\/\/adra.be\/wp-content\/uploads\/2023\/05\/ADRA_Mauritania_2019-3680-300x200.jpg 300w, https:\/\/adra.be\/wp-content\/uploads\/2023\/05\/ADRA_Mauritania_2019-3680-768x512.jpg 768w, https:\/\/adra.be\/wp-content\/uploads\/2023\/05\/ADRA_Mauritania_2019-3680-1536x1024.jpg 1536w, https:\/\/adra.be\/wp-content\/uploads\/2023\/05\/ADRA_Mauritania_2019-3680-2048x1365.jpg 2048w, https:\/\/adra.be\/wp-content\/uploads\/2023\/05\/ADRA_Mauritania_2019-3680-18x12.jpg 18w, https:\/\/adra.be\/wp-content\/uploads\/2023\/05\/ADRA_Mauritania_2019-3680-2000x1333.jpg 2000w\" sizes=\"(max-width: 800px) 100vw, 800px\" \/>\t\t\t\t\t\t\t\t\t\t\t\t\t\t\t<\/div>\n\t\t\t\t<\/div>\n\t\t\t\t\t<\/div>\n\t\t<\/div>\n\t\t\t\t\t<\/div>\n\t\t<\/section>\n\t\t\t\t<section class=\"elementor-section elementor-top-section elementor-element elementor-element-37dc903 elementor-section-boxed elementor-section-height-default elementor-section-height-default\" data-id=\"37dc903\" data-element_type=\"section\" data-e-type=\"section\">\n\t\t\t\t\t\t<div class=\"elementor-container elementor-column-gap-default\">\n\t\t\t\t\t<div class=\"elementor-column elementor-col-100 elementor-top-column elementor-element elementor-element-3cc1a65\" data-id=\"3cc1a65\" data-element_type=\"column\" data-e-type=\"column\">\n\t\t\t<div class=\"elementor-widget-wrap elementor-element-populated\">\n\t\t\t\t\t\t<div class=\"elementor-element elementor-element-86a0d4b elementor-widget elementor-widget-spacer\" data-id=\"86a0d4b\" data-element_type=\"widget\" data-e-type=\"widget\" data-widget_type=\"spacer.default\">\n\t\t\t\t<div class=\"elementor-widget-container\">\n\t\t\t\t\t\t\t<div class=\"elementor-spacer\">\n\t\t\t<div class=\"elementor-spacer-inner\"><\/div>\n\t\t<\/div>\n\t\t\t\t\t\t<\/div>\n\t\t\t\t<\/div>\n\t\t\t\t<div class=\"elementor-element elementor-element-f7cd54d elementor-widget__width-initial adra-border-radius elementor-widget-mobile__width-initial elementor-widget elementor-widget-heading\" data-id=\"f7cd54d\" data-element_type=\"widget\" data-e-type=\"widget\" data-widget_type=\"heading.default\">\n\t\t\t\t<div class=\"elementor-widget-container\">\n\t\t\t\t\t<h3 class=\"elementor-heading-title elementor-size-default\">Maak kennis met No\u00e9mie<\/h3>\t\t\t\t<\/div>\n\t\t\t\t<\/div>\n\t\t\t\t<div class=\"elementor-element elementor-element-f888fe9 elementor-widget elementor-widget-spacer\" data-id=\"f888fe9\" data-element_type=\"widget\" data-e-type=\"widget\" data-widget_type=\"spacer.default\">\n\t\t\t\t<div class=\"elementor-widget-container\">\n\t\t\t\t\t\t\t<div class=\"elementor-spacer\">\n\t\t\t<div class=\"elementor-spacer-inner\"><\/div>\n\t\t<\/div>\n\t\t\t\t\t\t<\/div>\n\t\t\t\t<\/div>\n\t\t\t\t\t<\/div>\n\t\t<\/div>\n\t\t\t\t\t<\/div>\n\t\t<\/section>\n\t\t\t\t<section class=\"elementor-section elementor-top-section elementor-element elementor-element-663e50a9 elementor-section-boxed elementor-section-height-default elementor-section-height-default\" data-id=\"663e50a9\" data-element_type=\"section\" data-e-type=\"section\" data-settings=\"{&quot;background_background&quot;:&quot;classic&quot;}\">\n\t\t\t\t\t\t<div class=\"elementor-container elementor-column-gap-default\">\n\t\t\t\t\t<div class=\"elementor-column elementor-col-100 elementor-top-column elementor-element elementor-element-3d1def87\" data-id=\"3d1def87\" data-element_type=\"column\" data-e-type=\"column\">\n\t\t\t<div class=\"elementor-widget-wrap elementor-element-populated\">\n\t\t\t\t\t\t<div class=\"elementor-element elementor-element-09b04e4 elementor-widget elementor-widget-spacer\" data-id=\"09b04e4\" data-element_type=\"widget\" data-e-type=\"widget\" data-widget_type=\"spacer.default\">\n\t\t\t\t<div class=\"elementor-widget-container\">\n\t\t\t\t\t\t\t<div class=\"elementor-spacer\">\n\t\t\t<div class=\"elementor-spacer-inner\"><\/div>\n\t\t<\/div>\n\t\t\t\t\t\t<\/div>\n\t\t\t\t<\/div>\n\t\t\t\t<div class=\"elementor-element elementor-element-15264067 elementor-widget__width-initial elementor-widget elementor-widget-testimonial\" data-id=\"15264067\" data-element_type=\"widget\" data-e-type=\"widget\" data-widget_type=\"testimonial.default\">\n\t\t\t\t<div class=\"elementor-widget-container\">\n\t\t\t\t\t\t\t<div class=\"elementor-testimonial-wrapper\">\n\t\t\t\t\t\t\t<div class=\"elementor-testimonial-content\">\" <i>Tijdens mijn verblijf in 2018 kreeg ik de kans om de 3 huizen te bezoeken die gebouwd werden met behulp van de financi\u00eble hulp van ADRA Belgium. Ik heb de gezinnen ontmoet die er leven en het was geweldig om hen te zien lachen en om te zien dat ze zo gelukkig en enthousiast waren!<\/i><i>\nIk heb geleerd dat je weinig nodig hebt om gelukkig kan zijn\u2026 ze hebben niet veel, maar ze geven je ALLES. <\/i><br><i>Het is ongelooflijk als je je bedenkt dat je kunt leven met een pak minder dan wat we hier hebben...\"<\/i><\/div>\n\t\t\t\n\t\t\t\t\t\t<div class=\"elementor-testimonial-meta elementor-has-image elementor-testimonial-image-position-aside\">\n\t\t\t\t<div class=\"elementor-testimonial-meta-inner\">\n\t\t\t\t\t\t\t\t\t\t\t<div class=\"elementor-testimonial-image\">\n\t\t\t\t\t\t\t<img loading=\"lazy\" decoding=\"async\" width=\"960\" height=\"1280\" src=\"https:\/\/adra.be\/wp-content\/uploads\/2023\/05\/IMG_4445.jpg\" class=\"attachment-full size-full wp-image-19655\" alt=\"\" srcset=\"https:\/\/adra.be\/wp-content\/uploads\/2023\/05\/IMG_4445.jpg 960w, https:\/\/adra.be\/wp-content\/uploads\/2023\/05\/IMG_4445-225x300.jpg 225w, https:\/\/adra.be\/wp-content\/uploads\/2023\/05\/IMG_4445-768x1024.jpg 768w, https:\/\/adra.be\/wp-content\/uploads\/2023\/05\/IMG_4445-9x12.jpg 9w\" sizes=\"(max-width: 960px) 100vw, 960px\" \/>\t\t\t\t\t\t<\/div>\n\t\t\t\t\t\n\t\t\t\t\t\t\t\t\t\t<div class=\"elementor-testimonial-details\">\n\t\t\t\t\t\t\t\t\t\t\t\t\t\t<div class=\"elementor-testimonial-name\">No\u00e9mie<\/div>\n\t\t\t\t\t\t\t\t\t\t\t\t\t\t\t\t\t\t\t\t\t\t<div class=\"elementor-testimonial-job\">Vrijwilliger ADRA<\/div>\n\t\t\t\t\t\t\t\t\t\t\t\t\t<\/div>\n\t\t\t\t\t\t\t\t\t<\/div>\n\t\t\t<\/div>\n\t\t\t\t\t<\/div>\n\t\t\t\t\t\t<\/div>\n\t\t\t\t<\/div>\n\t\t\t\t\t<\/div>\n\t\t<\/div>\n\t\t\t\t\t<\/div>\n\t\t<\/section>\n\t\t\t\t<\/div>","protected":false},"excerpt":{"rendered":"<p>des logements d\u00e9cents pour des personnes touch\u00e9es par la l\u00e8pre Depuis 2018, ADRA soutient le projet \u00ab EL EMEL \u00bb en collaboration avec l\u2019association locale AMSPHL (Association Mauritanienne de Soutien aux Personnes Handicap\u00e9es par la L\u00e8pre), visant \u00e0 cr\u00e9er des habitations salubres pour les personnes malades ou mutil\u00e9es par la l\u00e8pre en recyclant des bouteilles [&hellip;]<\/p>\n","protected":false},"author":9,"featured_media":13241,"parent":19131,"menu_order":0,"comment_status":"closed","ping_status":"closed","template":"","meta":{"_acf_changed":false,"_eb_attr":"","footnotes":""},"class_list":["post-19650","page","type-page","status-publish","has-post-thumbnail","hentry"],"acf":[],"_links":{"self":[{"href":"https:\/\/adra.be\/nl\/wp-json\/wp\/v2\/pages\/19650","targetHints":{"allow":["GET"]}}],"collection":[{"href":"https:\/\/adra.be\/nl\/wp-json\/wp\/v2\/pages"}],"about":[{"href":"https:\/\/adra.be\/nl\/wp-json\/wp\/v2\/types\/page"}],"author":[{"embeddable":true,"href":"https:\/\/adra.be\/nl\/wp-json\/wp\/v2\/users\/9"}],"replies":[{"embeddable":true,"href":"https:\/\/adra.be\/nl\/wp-json\/wp\/v2\/comments?post=19650"}],"version-history":[{"count":20,"href":"https:\/\/adra.be\/nl\/wp-json\/wp\/v2\/pages\/19650\/revisions"}],"predecessor-version":[{"id":24172,"href":"https:\/\/adra.be\/nl\/wp-json\/wp\/v2\/pages\/19650\/revisions\/24172"}],"up":[{"embeddable":true,"href":"https:\/\/adra.be\/nl\/wp-json\/wp\/v2\/pages\/19131"}],"wp:featuredmedia":[{"embeddable":true,"href":"https:\/\/adra.be\/nl\/wp-json\/wp\/v2\/media\/13241"}],"wp:attachment":[{"href":"https:\/\/adra.be\/nl\/wp-json\/wp\/v2\/media?parent=19650"}],"curies":[{"name":"wp","href":"https:\/\/api.w.org\/{rel}","templated":true}]}}