{"id":21758,"date":"2023-10-10T11:07:15","date_gmt":"2023-10-10T11:07:15","guid":{"rendered":"https:\/\/adra.be\/?page_id=21758"},"modified":"2024-11-28T14:59:40","modified_gmt":"2024-11-28T14:59:40","slug":"evenements","status":"publish","type":"page","link":"https:\/\/adra.be\/nl\/rejoignez-nous\/evenements\/","title":{"rendered":"Evenementen"},"content":{"rendered":"\t\t<div data-elementor-type=\"wp-page\" data-elementor-id=\"21758\" class=\"elementor elementor-21758\" data-elementor-post-type=\"page\">\n\t\t\t\t\t\t<section class=\"elementor-section elementor-top-section elementor-element elementor-element-fbdcdc7 elementor-section-boxed elementor-section-height-default elementor-section-height-default\" data-id=\"fbdcdc7\" data-element_type=\"section\" data-e-type=\"section\" data-settings=\"{&quot;background_background&quot;:&quot;classic&quot;}\">\n\t\t\t\t\t\t<div class=\"elementor-container elementor-column-gap-default\">\n\t\t\t\t\t<div class=\"elementor-column elementor-col-100 elementor-top-column elementor-element elementor-element-122a560\" data-id=\"122a560\" data-element_type=\"column\" data-e-type=\"column\">\n\t\t\t<div class=\"elementor-widget-wrap elementor-element-populated\">\n\t\t\t\t\t\t<div class=\"elementor-element elementor-element-098120f elementor-widget elementor-widget-spacer\" data-id=\"098120f\" data-element_type=\"widget\" data-e-type=\"widget\" data-widget_type=\"spacer.default\">\n\t\t\t\t<div class=\"elementor-widget-container\">\n\t\t\t\t\t\t\t<div class=\"elementor-spacer\">\n\t\t\t<div class=\"elementor-spacer-inner\"><\/div>\n\t\t<\/div>\n\t\t\t\t\t\t<\/div>\n\t\t\t\t<\/div>\n\t\t\t\t<div class=\"elementor-element elementor-element-d0887f8 elementor-widget elementor-widget-heading\" data-id=\"d0887f8\" data-element_type=\"widget\" data-e-type=\"widget\" data-widget_type=\"heading.default\">\n\t\t\t\t<div class=\"elementor-widget-container\">\n\t\t\t\t\t<h2 class=\"elementor-heading-title elementor-size-default\">Agenda des \u00e9v\u00e9nements<\/h2>\t\t\t\t<\/div>\n\t\t\t\t<\/div>\n\t\t\t\t<div class=\"elementor-element elementor-element-d2b0c2e elementor-widget elementor-widget-spacer\" data-id=\"d2b0c2e\" data-element_type=\"widget\" data-e-type=\"widget\" data-widget_type=\"spacer.default\">\n\t\t\t\t<div class=\"elementor-widget-container\">\n\t\t\t\t\t\t\t<div class=\"elementor-spacer\">\n\t\t\t<div class=\"elementor-spacer-inner\"><\/div>\n\t\t<\/div>\n\t\t\t\t\t\t<\/div>\n\t\t\t\t<\/div>\n\t\t\t\t\t<\/div>\n\t\t<\/div>\n\t\t\t\t\t<\/div>\n\t\t<\/section>\n\t\t\t\t<section class=\"elementor-section elementor-top-section elementor-element elementor-element-38d624c elementor-section-boxed elementor-section-height-default elementor-section-height-default\" data-id=\"38d624c\" data-element_type=\"section\" data-e-type=\"section\">\n\t\t\t\t\t\t<div class=\"elementor-container elementor-column-gap-default\">\n\t\t\t\t\t<div class=\"elementor-column elementor-col-100 elementor-top-column elementor-element elementor-element-92871ed\" data-id=\"92871ed\" data-element_type=\"column\" data-e-type=\"column\">\n\t\t\t<div class=\"elementor-widget-wrap elementor-element-populated\">\n\t\t\t\t\t\t<div class=\"elementor-element elementor-element-978b561 ee-calendar-event-title--wrap ee-calendar-skin--default ee-calendar-arrows-position--sides elementor-widget elementor-widget-ee-calendar\" data-id=\"978b561\" data-element_type=\"widget\" data-e-type=\"widget\" data-settings=\"{&quot;constrain_start&quot;:&quot;2023-10&quot;,&quot;day_monday&quot;:&quot;Lun&quot;,&quot;day_tuesday&quot;:&quot;Mar&quot;,&quot;day_wednesday&quot;:&quot;Mer&quot;,&quot;day_thursday&quot;:&quot;Jeu&quot;,&quot;day_friday&quot;:&quot;Ven&quot;,&quot;day_saturday&quot;:&quot;Sam&quot;,&quot;day_sunday&quot;:&quot;Dim&quot;,&quot;month_january&quot;:&quot;Janvier&quot;,&quot;month_february&quot;:&quot;F\\u00e9vrier&quot;,&quot;month_march&quot;:&quot;Mars&quot;,&quot;month_april&quot;:&quot;Avril&quot;,&quot;month_may&quot;:&quot;Mai&quot;,&quot;month_june&quot;:&quot;Juin&quot;,&quot;month_july&quot;:&quot;Juillet&quot;,&quot;month_august&quot;:&quot;Ao\\u00fbt&quot;,&quot;month_september&quot;:&quot;Septembre&quot;,&quot;month_october&quot;:&quot;Octobre&quot;,&quot;month_november&quot;:&quot;Novembre&quot;,&quot;month_december&quot;:&quot;D\\u00e9cembre&quot;,&quot;first_day&quot;:&quot;1&quot;,&quot;default_current_month&quot;:&quot;yes&quot;,&quot;show_adjacent_months&quot;:&quot;yes&quot;}\" data-widget_type=\"ee-calendar.default\">\n\t\t\t\t<div class=\"elementor-widget-container\">\n\t\t\t\t\t\t\t<div class=\"ee-calendar\">\n\t\t\t<div class=\"ee-calendar-event\" data-archive=\"\" data-target=\"_self\" data-rel=\"\" data-link=\"https:\/\/quinzainesolidarite.bruxelles.be\/activites\/un-week-end-de-spectacles-et-animations-sous-le-chapiteau-de-la-cie-des-nouveaux-disparus\" data-start=\"2023-10-14\" data-end=\"2023-10-14\" data-before=\"\" data-after=\"\">Quinzaine de la Solidarit\u00e9 Internationale 2023<\/div><div class=\"ee-calendar-event\" data-archive=\"\" data-target=\"_self\" data-rel=\"\" data-link=\"https:\/\/adra.be\/votre-impact\/campagnes-sensibilisation\/givingdecember\/\" data-start=\"2024-12-01\" data-end=\"2024-12-01\" data-before=\"\" data-after=\"\">#GivingDecember (d\u00e9but)<\/div><div class=\"ee-calendar-event\" data-archive=\"\" data-target=\"_self\" data-rel=\"\" data-link=\"\" data-start=\"2025-01-01\" data-end=\"2025-01-01\" data-before=\"\" data-after=\"\">#GivingDecember (fin)<\/div><div class=\"ee-calendar-event\" data-archive=\"\" data-target=\"_self\" data-rel=\"\" data-link=\"https:\/\/quinzainesolidarite.bruxelles.be\/activites\/adra-social-foodtruck\" data-start=\"2026-04-21 10:32\" data-end=\"2024-10-12\" data-before=\"\" data-after=\"\">Quinzaine de la Solidarit\u00e9 Internationale 2024<\/div><div class=\"ee-calendar-event\" data-archive=\"\" data-target=\"_self\" data-rel=\"\" data-link=\"\" data-start=\"2024-12-03\" data-end=\"2024-12-03\" data-before=\"\" data-after=\"\">Giving Tuesday 2024<\/div><div class=\"ee-calendar-event\" data-archive=\"\" data-target=\"_self\" data-rel=\"\" data-link=\"\" data-start=\"2024-08-15\" data-end=\"2024-08-16\" data-before=\"\" data-after=\"\">Festival Th\u00e9\u00e2tre Nomade 2024<\/div><div class=\"ee-calendar-event\" data-archive=\"\" data-target=\"_self\" data-rel=\"\" data-link=\"\" data-start=\"2024-08-18\" data-end=\"2024-08-18\" data-before=\"\" data-after=\"\">Festival Th\u00e9\u00e2tre Nomade 2024<\/div><div class=\"ee-calendar-event\" data-archive=\"\" data-target=\"_self\" data-rel=\"\" data-link=\"\" data-start=\"2024-10-09\" data-end=\"2024-10-09\" data-before=\"\" data-after=\"\">Quinzaine de la Solidarit\u00e9 Internationale 2024<\/div><div class=\"ee-calendar-event\" data-archive=\"\" data-target=\"_self\" data-rel=\"\" data-link=\"\" data-start=\"2024-12-10\" data-end=\"2024-12-10\" data-before=\"\" data-after=\"\">Amnesty International & ADRA: journ\u00e9e internationale des droits humains<\/div><\/div>\t\t\t\t<\/div>\n\t\t\t\t<\/div>\n\t\t\t\t<div class=\"elementor-element elementor-element-a6e9af9 elementor-widget elementor-widget-spacer\" data-id=\"a6e9af9\" data-element_type=\"widget\" data-e-type=\"widget\" data-widget_type=\"spacer.default\">\n\t\t\t\t<div class=\"elementor-widget-container\">\n\t\t\t\t\t\t\t<div class=\"elementor-spacer\">\n\t\t\t<div class=\"elementor-spacer-inner\"><\/div>\n\t\t<\/div>\n\t\t\t\t\t\t<\/div>\n\t\t\t\t<\/div>\n\t\t\t\t\t<\/div>\n\t\t<\/div>\n\t\t\t\t\t<\/div>\n\t\t<\/section>\n\t\t\t\t<section class=\"elementor-section elementor-top-section elementor-element elementor-element-5b72bd7 elementor-section-boxed elementor-section-height-default elementor-section-height-default\" data-id=\"5b72bd7\" data-element_type=\"section\" data-e-type=\"section\" data-settings=\"{&quot;background_background&quot;:&quot;classic&quot;}\">\n\t\t\t\t\t\t<div class=\"elementor-container elementor-column-gap-default\">\n\t\t\t\t\t<div class=\"elementor-column elementor-col-100 elementor-top-column elementor-element elementor-element-6b850e2\" data-id=\"6b850e2\" data-element_type=\"column\" data-e-type=\"column\">\n\t\t\t<div class=\"elementor-widget-wrap elementor-element-populated\">\n\t\t\t\t\t\t<div class=\"elementor-element elementor-element-99a8275 elementor-widget elementor-widget-spacer\" data-id=\"99a8275\" data-element_type=\"widget\" data-e-type=\"widget\" data-widget_type=\"spacer.default\">\n\t\t\t\t<div class=\"elementor-widget-container\">\n\t\t\t\t\t\t\t<div class=\"elementor-spacer\">\n\t\t\t<div class=\"elementor-spacer-inner\"><\/div>\n\t\t<\/div>\n\t\t\t\t\t\t<\/div>\n\t\t\t\t<\/div>\n\t\t\t\t<div class=\"elementor-element elementor-element-83b7fee authenia-angled elementor-widget elementor-widget-heading\" data-id=\"83b7fee\" data-element_type=\"widget\" data-e-type=\"widget\" data-widget_type=\"heading.default\">\n\t\t\t\t<div class=\"elementor-widget-container\">\n\t\t\t\t\t<h2 class=\"elementor-heading-title elementor-size-default\">Restez au courant !<\/h2>\t\t\t\t<\/div>\n\t\t\t\t<\/div>\n\t\t\t\t<div class=\"elementor-element elementor-element-081a2e2 elementor-widget elementor-widget-text-editor\" data-id=\"081a2e2\" data-element_type=\"widget\" data-e-type=\"widget\" data-widget_type=\"text-editor.default\">\n\t\t\t\t<div class=\"elementor-widget-container\">\n\t\t\t\t\t\t\t\t\t<p>Inscrivez-vous \u00e0 la newsletter d&rsquo;ADRA pour recevoir des mises \u00e0 jour sur nos op\u00e9rations d&rsquo;urgence en cours, les opportunit\u00e9s d&rsquo;engagement, et bien plus encore.<\/p>\t\t\t\t\t\t\t\t<\/div>\n\t\t\t\t<\/div>\n\t\t\t\t\t<\/div>\n\t\t<\/div>\n\t\t\t\t\t<\/div>\n\t\t<\/section>\n\t\t\t\t<section class=\"elementor-section elementor-top-section elementor-element elementor-element-22144da elementor-section-boxed elementor-section-height-default elementor-section-height-default\" data-id=\"22144da\" data-element_type=\"section\" data-e-type=\"section\" data-settings=\"{&quot;background_background&quot;:&quot;classic&quot;}\">\n\t\t\t\t\t\t<div class=\"elementor-container elementor-column-gap-default\">\n\t\t\t\t\t<div class=\"elementor-column elementor-col-33 elementor-top-column elementor-element elementor-element-65326aa\" data-id=\"65326aa\" data-element_type=\"column\" data-e-type=\"column\">\n\t\t\t<div class=\"elementor-widget-wrap\">\n\t\t\t\t\t\t\t<\/div>\n\t\t<\/div>\n\t\t\t\t<div class=\"elementor-column elementor-col-33 elementor-top-column elementor-element elementor-element-b44571e\" data-id=\"b44571e\" data-element_type=\"column\" data-e-type=\"column\">\n\t\t\t<div class=\"elementor-widget-wrap elementor-element-populated\">\n\t\t\t\t\t\t<div class=\"elementor-element elementor-element-ed5bf07 elementor-button-align-center elementor-widget elementor-widget-form\" data-id=\"ed5bf07\" data-element_type=\"widget\" data-e-type=\"widget\" data-settings=\"{&quot;step_next_label&quot;:&quot;Next&quot;,&quot;step_previous_label&quot;:&quot;Previous&quot;,&quot;step_type&quot;:&quot;number_text&quot;,&quot;step_icon_shape&quot;:&quot;circle&quot;}\" data-widget_type=\"form.default\">\n\t\t\t\t<div class=\"elementor-widget-container\">\n\t\t\t\t\t\t\t<form class=\"elementor-form\" method=\"post\" name=\"Footer Signup\" aria-label=\"Footer Signup\">\n\t\t\t<input type=\"hidden\" name=\"post_id\" value=\"21758\"\/>\n\t\t\t<input type=\"hidden\" name=\"form_id\" value=\"ed5bf07\"\/>\n\t\t\t<input type=\"hidden\" name=\"referer_title\" value=\"Agenda des \u00e9v\u00e9nements | ADRA Belgium (fr)\" \/>\n\n\t\t\t\t\t\t\t<input type=\"hidden\" name=\"queried_id\" value=\"21758\"\/>\n\t\t\t\n\t\t\t<div class=\"elementor-form-fields-wrapper elementor-labels-\">\n\t\t\t\t\t\t\t\t<div class=\"elementor-field-type-text elementor-field-group elementor-column elementor-field-group-name elementor-col-100\">\n\t\t\t\t\t\t\t\t\t\t\t\t<label for=\"form-field-name\" class=\"elementor-field-label elementor-screen-only\">\n\t\t\t\t\t\t\t\tFirst name\t\t\t\t\t\t\t<\/label>\n\t\t\t\t\t\t\t\t\t\t\t\t\t\t<input size=\"1\" type=\"text\" name=\"form_fields[name]\" id=\"form-field-name\" class=\"elementor-field elementor-size-sm  elementor-field-textual\" placeholder=\"Pr\u00e9nom\">\n\t\t\t\t\t\t\t\t\t\t\t<\/div>\n\t\t\t\t\t\t\t\t<div class=\"elementor-field-type-text elementor-field-group elementor-column elementor-field-group-field_1 elementor-col-100\">\n\t\t\t\t\t\t\t\t\t\t\t\t<label for=\"form-field-field_1\" class=\"elementor-field-label elementor-screen-only\">\n\t\t\t\t\t\t\t\tLast name\t\t\t\t\t\t\t<\/label>\n\t\t\t\t\t\t\t\t\t\t\t\t\t\t<input size=\"1\" type=\"text\" name=\"form_fields[field_1]\" id=\"form-field-field_1\" class=\"elementor-field elementor-size-sm  elementor-field-textual\" placeholder=\"Nom\">\n\t\t\t\t\t\t\t\t\t\t\t<\/div>\n\t\t\t\t\t\t\t\t<div class=\"elementor-field-type-email elementor-field-group elementor-column elementor-field-group-email elementor-col-100 elementor-field-required\">\n\t\t\t\t\t\t\t\t\t\t\t\t<label for=\"form-field-email\" class=\"elementor-field-label elementor-screen-only\">\n\t\t\t\t\t\t\t\tE-mail\t\t\t\t\t\t\t<\/label>\n\t\t\t\t\t\t\t\t\t\t\t\t\t\t<input size=\"1\" type=\"email\" name=\"form_fields[email]\" id=\"form-field-email\" class=\"elementor-field elementor-size-sm  elementor-field-textual\" placeholder=\"E-mail\" required=\"required\">\n\t\t\t\t\t\t\t\t\t\t\t<\/div>\n\t\t\t\t\t\t\t\t<div class=\"elementor-field-group elementor-column elementor-field-type-submit elementor-col-100 e-form__buttons\">\n\t\t\t\t\t<button class=\"elementor-button elementor-size-sm\" type=\"submit\">\n\t\t\t\t\t\t<span class=\"elementor-button-content-wrapper\">\n\t\t\t\t\t\t\t\t\t\t\t\t\t\t\t\t\t\t\t\t\t\t<span class=\"elementor-button-text\">Je m'inscris !<\/span>\n\t\t\t\t\t\t\t\t\t\t\t\t\t<\/span>\n\t\t\t\t\t<\/button>\n\t\t\t\t<\/div>\n\t\t\t<\/div>\n\t\t<\/form>\n\t\t\t\t\t\t<\/div>\n\t\t\t\t<\/div>\n\t\t\t\t<div class=\"elementor-element elementor-element-f8c22f4 elementor-widget elementor-widget-spacer\" data-id=\"f8c22f4\" data-element_type=\"widget\" data-e-type=\"widget\" data-widget_type=\"spacer.default\">\n\t\t\t\t<div class=\"elementor-widget-container\">\n\t\t\t\t\t\t\t<div class=\"elementor-spacer\">\n\t\t\t<div class=\"elementor-spacer-inner\"><\/div>\n\t\t<\/div>\n\t\t\t\t\t\t<\/div>\n\t\t\t\t<\/div>\n\t\t\t\t\t<\/div>\n\t\t<\/div>\n\t\t\t\t<div class=\"elementor-column elementor-col-33 elementor-top-column elementor-element elementor-element-c1f463a\" data-id=\"c1f463a\" data-element_type=\"column\" data-e-type=\"column\">\n\t\t\t<div class=\"elementor-widget-wrap\">\n\t\t\t\t\t\t\t<\/div>\n\t\t<\/div>\n\t\t\t\t\t<\/div>\n\t\t<\/section>\n\t\t\t\t<\/div>\n\t\t","protected":false},"excerpt":{"rendered":"<p>Agenda des \u00e9v\u00e9nements Quinzaine de la Solidarit\u00e9 Internationale 2023#GivingDecember (d\u00e9but)#GivingDecember (fin)Quinzaine de la Solidarit\u00e9 Internationale 2024Giving Tuesday 2024Festival Th\u00e9\u00e2tre Nomade 2024Festival Th\u00e9\u00e2tre Nomade 2024Quinzaine de la Solidarit\u00e9 Internationale 2024Amnesty International &#038; ADRA: journ\u00e9e internationale des droits humains Restez au courant ! Inscrivez-vous \u00e0 la newsletter d&rsquo;ADRA pour recevoir des mises \u00e0 jour sur nos op\u00e9rations [&hellip;]<\/p>\n","protected":false},"author":9,"featured_media":13233,"parent":18342,"menu_order":0,"comment_status":"closed","ping_status":"closed","template":"","meta":{"_acf_changed":false,"_eb_attr":"","footnotes":""},"class_list":["post-21758","page","type-page","status-publish","has-post-thumbnail","hentry"],"acf":[],"_links":{"self":[{"href":"https:\/\/adra.be\/nl\/wp-json\/wp\/v2\/pages\/21758","targetHints":{"allow":["GET"]}}],"collection":[{"href":"https:\/\/adra.be\/nl\/wp-json\/wp\/v2\/pages"}],"about":[{"href":"https:\/\/adra.be\/nl\/wp-json\/wp\/v2\/types\/page"}],"author":[{"embeddable":true,"href":"https:\/\/adra.be\/nl\/wp-json\/wp\/v2\/users\/9"}],"replies":[{"embeddable":true,"href":"https:\/\/adra.be\/nl\/wp-json\/wp\/v2\/comments?post=21758"}],"version-history":[{"count":52,"href":"https:\/\/adra.be\/nl\/wp-json\/wp\/v2\/pages\/21758\/revisions"}],"predecessor-version":[{"id":24512,"href":"https:\/\/adra.be\/nl\/wp-json\/wp\/v2\/pages\/21758\/revisions\/24512"}],"up":[{"embeddable":true,"href":"https:\/\/adra.be\/nl\/wp-json\/wp\/v2\/pages\/18342"}],"wp:featuredmedia":[{"embeddable":true,"href":"https:\/\/adra.be\/nl\/wp-json\/wp\/v2\/media\/13233"}],"wp:attachment":[{"href":"https:\/\/adra.be\/nl\/wp-json\/wp\/v2\/media?parent=21758"}],"curies":[{"name":"wp","href":"https:\/\/api.w.org\/{rel}","templated":true}]}}