{"id":25119,"date":"2025-03-14T09:12:16","date_gmt":"2025-03-14T09:12:16","guid":{"rendered":"https:\/\/adra.be\/?page_id=25119"},"modified":"2025-03-26T08:30:33","modified_gmt":"2025-03-26T08:30:33","slug":"fiscalite-dons","status":"publish","type":"page","link":"https:\/\/adra.be\/nl\/votre-impact\/en-belgique\/campagnes-sensibilisation\/fiscalite-dons\/","title":{"rendered":"belastingvermindering van giften"},"content":{"rendered":"<div data-elementor-type=\"wp-page\" data-elementor-id=\"25119\" class=\"elementor elementor-25119\" data-elementor-post-type=\"page\">\n\t\t\t\t\t\t<section class=\"elementor-section elementor-top-section elementor-element elementor-element-8a47952 elementor-section-boxed elementor-section-height-default elementor-section-height-default\" data-id=\"8a47952\" data-element_type=\"section\" data-e-type=\"section\" data-settings=\"{&quot;background_background&quot;:&quot;classic&quot;}\">\n\t\t\t\t\t\t<div class=\"elementor-container elementor-column-gap-default\">\n\t\t\t\t\t<div class=\"elementor-column elementor-col-100 elementor-top-column elementor-element elementor-element-d21336b\" data-id=\"d21336b\" data-element_type=\"column\" data-e-type=\"column\">\n\t\t\t<div class=\"elementor-widget-wrap elementor-element-populated\">\n\t\t\t\t\t\t<div class=\"elementor-element elementor-element-86dda63 elementor-widget elementor-widget-spacer\" data-id=\"86dda63\" data-element_type=\"widget\" data-e-type=\"widget\" data-widget_type=\"spacer.default\">\n\t\t\t\t<div class=\"elementor-widget-container\">\n\t\t\t\t\t\t\t<div class=\"elementor-spacer\">\n\t\t\t<div class=\"elementor-spacer-inner\"><\/div>\n\t\t<\/div>\n\t\t\t\t\t\t<\/div>\n\t\t\t\t<\/div>\n\t\t\t\t<div class=\"elementor-element elementor-element-addf8dc elementor-widget elementor-widget-heading\" data-id=\"addf8dc\" data-element_type=\"widget\" data-e-type=\"widget\" data-widget_type=\"heading.default\">\n\t\t\t\t<div class=\"elementor-widget-container\">\n\t\t\t\t\t<h2 class=\"elementor-heading-title elementor-size-default\">belastingvermindering van giften<\/h2>\t\t\t\t<\/div>\n\t\t\t\t<\/div>\n\t\t\t\t<div class=\"elementor-element elementor-element-4492d52 elementor-widget elementor-widget-heading\" data-id=\"4492d52\" data-element_type=\"widget\" data-e-type=\"widget\" data-widget_type=\"heading.default\">\n\t\t\t\t<div class=\"elementor-widget-container\">\n\t\t\t\t\t<h2 class=\"elementor-heading-title elementor-size-default\">Open brief tegen de belastingvermindering op giften van 45% naar 30%<\/h2>\t\t\t\t<\/div>\n\t\t\t\t<\/div>\n\t\t\t\t<div class=\"elementor-element elementor-element-0fc83d3 elementor-widget elementor-widget-spacer\" data-id=\"0fc83d3\" data-element_type=\"widget\" data-e-type=\"widget\" data-widget_type=\"spacer.default\">\n\t\t\t\t<div class=\"elementor-widget-container\">\n\t\t\t\t\t\t\t<div class=\"elementor-spacer\">\n\t\t\t<div class=\"elementor-spacer-inner\"><\/div>\n\t\t<\/div>\n\t\t\t\t\t\t<\/div>\n\t\t\t\t<\/div>\n\t\t\t\t\t<\/div>\n\t\t<\/div>\n\t\t\t\t\t<\/div>\n\t\t<\/section>\n\t\t\t\t<section class=\"elementor-section elementor-top-section elementor-element elementor-element-7a84dc0 elementor-section-boxed elementor-section-height-default elementor-section-height-default\" data-id=\"7a84dc0\" data-element_type=\"section\" data-e-type=\"section\">\n\t\t\t\t\t\t<div class=\"elementor-container elementor-column-gap-default\">\n\t\t\t\t\t<div class=\"elementor-column elementor-col-100 elementor-top-column elementor-element elementor-element-7b87750\" data-id=\"7b87750\" data-element_type=\"column\" data-e-type=\"column\">\n\t\t\t<div class=\"elementor-widget-wrap elementor-element-populated\">\n\t\t\t\t\t\t<div class=\"elementor-element elementor-element-688fe14 elementor-widget elementor-widget-spacer\" data-id=\"688fe14\" data-element_type=\"widget\" data-e-type=\"widget\" data-widget_type=\"spacer.default\">\n\t\t\t\t<div class=\"elementor-widget-container\">\n\t\t\t\t\t\t\t<div class=\"elementor-spacer\">\n\t\t\t<div class=\"elementor-spacer-inner\"><\/div>\n\t\t<\/div>\n\t\t\t\t\t\t<\/div>\n\t\t\t\t<\/div>\n\t\t\t\t<div class=\"elementor-element elementor-element-789d510 elementor-widget elementor-widget-text-editor\" data-id=\"789d510\" data-element_type=\"widget\" data-e-type=\"widget\" data-widget_type=\"text-editor.default\">\n\t\t\t\t<div class=\"elementor-widget-container\">\n\t\t\t\t\t\t\t\t\t<p><strong>De verlaging van de belastingvermindering van giften zal de vrijgevigheid van de Belgen en duizenden begunstigden schaden.<\/strong><\/p>\t\t\t\t\t\t\t\t<\/div>\n\t\t\t\t<\/div>\n\t\t\t\t<div class=\"elementor-element elementor-element-1927b86 elementor-widget elementor-widget-text-editor\" data-id=\"1927b86\" data-element_type=\"widget\" data-e-type=\"widget\" data-widget_type=\"text-editor.default\">\n\t\t\t\t<div class=\"elementor-widget-container\">\n\t\t\t\t\t\t\t\t\t<p>Soms begint een ramp niet met een knal, maar met een paar droge zinnen op pagina 38 van een regeerakkoord. Geen headlines, geen alarmbellen \u2013 alleen een kille rekensom die honderden organisaties en miljoenen mensen zal raken. De Belgische regering heeft de bedoeling om de belastingvermindering voor giften te verlagen van 45% naar 30%. Een detail, zou je denken. Maar in werkelijkheid is het een botte ingreep in het sociale weefsel van dit land. Volgens verklaringen in het parlement was deze verlaging al het resultaat van een compromis. Dit politiek \u2018compromis\u2019 ondermijnt de slagkracht van 2.500 verenigingen die dagelijks bouwen aan het algemeen belang.<\/p><p>Die organisaties zijn geen anonieme instellingen. Ze zijn de reddingsboei voor duizenden mensen, de motor achter cruciaal onderzoek, de stem voor wie anders niet gehoord wordt.. Het Instituut voor Tropische Geneeskunde helpt infectieziekten bestrijden en pandemie\u00ebn voorkomen. Kom Op Tegen Kanker financiert levensreddend onderzoek en begeleidt kankerpati\u00ebnten. De Restos du C\u0153ur serveren warme maaltijden aan wie honger heeft. Amnesty International strijdt tegen mensenrechtenschendingen, diverse verenigingen komen op voor natuur en milieu, terwijl honderden kleinere vzw\u2019s en sociaal-culturele verenigingen op lokaal niveau het verschil maken \u2013 van inloophuizen voor daklozen tot projecten voor kinderen in kansarmoede. Dit is het ecosysteem dat door de maatregel dreigt te verzwakken.<\/p><p>Achter elk van die organisaties staan mensen. Meer dan een miljoen Belgen engageren zich financieel voor goede doelen: voor dierenwelzijn, mensenrechten, gezondheidszorg, wetenschappelijk onderzoek, sociale inclusie, internationale solidariteit. Ze doen dit omdat ze geloven dat samenleven m\u00e9\u00e9r is dan een optelsom van individuele belangen. Dat geven niet zomaar liefdadigheid is, maar een daad van verbondenheid.<\/p><p>En de cijfers liegen niet. In 2023 deden Belgen giften van minstens 40 euro voor samen 362 miljoen euro aan verenigingen \u2013 een verdubbeling in tien jaar tijd. De geplande maatregel zal rechtstreeks gevolgen hebben voor ruim 1 miljoen huishoudens die gemiddeld meer dan 350 euro per jaar schenken aan een of meerdere van de 2.500 verenigingen en stichtingen die erkend zijn om giften met belastingvoordeel te innen. De fiscale aftrekbaarheid was daarbij geen detail, maar een katalysator. Tijdens de COVID-19-crisis werd ze zelfs tijdelijk verhoogd naar 60%, om extra solidariteit te stimuleren.<\/p><p>Vandaag kiest de regering ervoor om deze fiscale stimulans te verlagen van 45% naar 30%. Deze wijziging zal de staatskas nauwelijks iets opleveren: volgens minister Jan Jambon gaat het om een besparing van (amper) 40,26 miljoen euro per jaar. Een druppel op de gloeiende plaat van de overheidsfinanci\u00ebn, maar een klap voor duizenden initiatieven die levens redden, onrecht bestrijden, zorg verlenen en kwetsbare mensen ondersteunen.<\/p><p>Bovendien raakt deze maatregel niet enkel grote ngo\u2019s. Duizenden kleinere initiatieven, vaak lokaal verankerd en gerund door vrijwilligers, overleven dankzij giften. Zij hebben geen toegang tot grote fondsen of corporate sponsoring. Achter elke gift schuilt een verhaal en een engagement. Wat we dreigen te verliezen, is geen abstract systeem, maar een ecosysteem van solidariteit. Een netwerk van burgers en organisaties die zich inzetten voor een betere samenleving.<\/p><p>De boodschap die door deze maatregel aan burgers wordt uitgezonden, is bijzonder zorgwekkend: in plaats van vrijgevigheid en engagement te waarderen, worden ze belemmerd, alsof collectieve inspanning en solidariteit van secundair belang zijn. Daarom doen wij, als verenigingssector, een dringende oproep aan de regering om dit voornemen te herzien.<\/p><p>\u00a0<\/p><p><strong>Solidariteit is geen luxe, maar een duurzame investering in de samenleving. We pleiten voor een duidelijk signaal: behoud een voldoende hoge fiscale aftrekbaarheid, niet als gunst, maar als hefboom voor vrijgevigheid. Dit is geen kwestie van cijfers op een balans, maar van mensen, levens en essenti\u00eble diensten. Een samenleving die solidariteit waardeert, kiest ervoor om ze te versterken \u2014 niet te verzwakken.<\/strong><\/p>\t\t\t\t\t\t\t\t<\/div>\n\t\t\t\t<\/div>\n\t\t\t\t<div class=\"elementor-element elementor-element-3d81b95 elementor-align-center elementor-widget elementor-widget-button\" data-id=\"3d81b95\" data-element_type=\"widget\" data-e-type=\"widget\" data-widget_type=\"button.default\">\n\t\t\t\t<div class=\"elementor-widget-container\">\n\t\t\t\t\t\t\t\t\t<div class=\"elementor-button-wrapper\">\n\t\t\t\t\t<a class=\"elementor-button elementor-button-link elementor-size-sm\" href=\"https:\/\/coalition-impact-coalitie.be\/wp-content\/uploads\/2025\/03\/Steun-soutien_30__publi.pdf\">\n\t\t\t\t\t\t<span class=\"elementor-button-content-wrapper\">\n\t\t\t\t\t\t\t\t\t<span class=\"elementor-button-text\">Lijst van de 471 ondertekenaars<\/span>\n\t\t\t\t\t<\/span>\n\t\t\t\t\t<\/a>\n\t\t\t\t<\/div>\n\t\t\t\t\t\t\t\t<\/div>\n\t\t\t\t<\/div>\n\t\t\t\t<div class=\"elementor-element elementor-element-077e44f elementor-align-center elementor-widget elementor-widget-button\" data-id=\"077e44f\" data-element_type=\"widget\" data-e-type=\"widget\" data-widget_type=\"button.default\">\n\t\t\t\t<div class=\"elementor-widget-container\">\n\t\t\t\t\t\t\t\t\t<div class=\"elementor-button-wrapper\">\n\t\t\t\t\t<a class=\"elementor-button elementor-button-link elementor-size-sm\" href=\"https:\/\/re-ef.be\/actua\/support-generosity\">\n\t\t\t\t\t\t<span class=\"elementor-button-content-wrapper\">\n\t\t\t\t\t\t\t\t\t<span class=\"elementor-button-text\">Meer informatie op RE-EF.be<\/span>\n\t\t\t\t\t<\/span>\n\t\t\t\t\t<\/a>\n\t\t\t\t<\/div>\n\t\t\t\t\t\t\t\t<\/div>\n\t\t\t\t<\/div>\n\t\t\t\t\t<\/div>\n\t\t<\/div>\n\t\t\t\t\t<\/div>\n\t\t<\/section>\n\t\t\t\t<\/div>","protected":false},"excerpt":{"rendered":"<p>Fiscalit\u00e9 des dons Carte Blanche contre la r\u00e9duction de la d\u00e9duction fiscale sur les dons de 45% \u00e0 30% La r\u00e9duction de la diminution d\u2019imp\u00f4t des dons p\u00e9nalisera la g\u00e9n\u00e9rosit\u00e9 des belges et des milliers de b\u00e9n\u00e9ficiaires. Aujourd\u2019hui, une intention de la coalition gouvernementale \u201cArizona\u201d \u00e9branle une partie essentielle de notre tissu social : la [&hellip;]<\/p>\n","protected":false},"author":9,"featured_media":13241,"parent":18346,"menu_order":0,"comment_status":"closed","ping_status":"closed","template":"","meta":{"_acf_changed":false,"_eb_attr":"","footnotes":""},"class_list":["post-25119","page","type-page","status-publish","has-post-thumbnail","hentry"],"acf":[],"_links":{"self":[{"href":"https:\/\/adra.be\/nl\/wp-json\/wp\/v2\/pages\/25119","targetHints":{"allow":["GET"]}}],"collection":[{"href":"https:\/\/adra.be\/nl\/wp-json\/wp\/v2\/pages"}],"about":[{"href":"https:\/\/adra.be\/nl\/wp-json\/wp\/v2\/types\/page"}],"author":[{"embeddable":true,"href":"https:\/\/adra.be\/nl\/wp-json\/wp\/v2\/users\/9"}],"replies":[{"embeddable":true,"href":"https:\/\/adra.be\/nl\/wp-json\/wp\/v2\/comments?post=25119"}],"version-history":[{"count":13,"href":"https:\/\/adra.be\/nl\/wp-json\/wp\/v2\/pages\/25119\/revisions"}],"predecessor-version":[{"id":25145,"href":"https:\/\/adra.be\/nl\/wp-json\/wp\/v2\/pages\/25119\/revisions\/25145"}],"up":[{"embeddable":true,"href":"https:\/\/adra.be\/nl\/wp-json\/wp\/v2\/pages\/18346"}],"wp:featuredmedia":[{"embeddable":true,"href":"https:\/\/adra.be\/nl\/wp-json\/wp\/v2\/media\/13241"}],"wp:attachment":[{"href":"https:\/\/adra.be\/nl\/wp-json\/wp\/v2\/media?parent=25119"}],"curies":[{"name":"wp","href":"https:\/\/api.w.org\/{rel}","templated":true}]}}